{"id":683,"date":"2022-11-04T16:15:48","date_gmt":"2022-11-04T19:15:48","guid":{"rendered":"https:\/\/anibalsilveira.org\/?page_id=683"},"modified":"2024-07-01T18:10:56","modified_gmt":"2024-07-01T21:10:56","slug":"apontamentos-sobre-a-teoria-da-personalidade-de-anibal-silveira","status":"publish","type":"page","link":"https:\/\/anibalsilveira.org\/en\/apontamentos-sobre-a-teoria-da-personalidade-de-anibal-silveira\/","title":{"rendered":"Apontamentos sobre a Teoria Sociol\u00f3gica da Personalidade"},"content":{"rendered":"<p class=\"has-text-align-right\"><strong>Organizadores:<\/strong><\/p>\n\n\n\n<p class=\"has-text-align-right\"><strong>Fl\u00e1vio Vivacqua<br>Francisco Drumond Marcondes de Moura<br>Paulo Palladini<br>Roberto Fasano Neto<\/strong><\/p>\n\n\n\n<p>Esta colet\u00e2nea de textos foi organizada e sistematizada tendo como ponto de partida o material compilado de aulas que An\u00edbal Silveira proferiu sobre esse tema, no per\u00edodo de 1935 a 1979. No caso de ter sido poss\u00edvel identificar a data e o local de cada aula e, eventualmente, quem procedeu a anota\u00e7\u00e3o, essa indica\u00e7\u00e3o foi registrada na Nota de Rodap\u00e9.<\/p>\n\n\n\n<p>Para a apresenta\u00e7\u00e3o desse conjunto de aulas, iniciamos com um texto in\u00e9dito de An\u00edbal Silveira, datado de 1978, talvez, o seu \u00faltimo texto sobre essa quest\u00e3o. &nbsp;<\/p>\n\n\n\n<h2 class=\"wp-block-heading\"><strong>Uma Teoria Sociol\u00f3gica da Personalidade: Comte, 1850<\/strong><\/h2>\n\n\n\n<p>&nbsp;&nbsp;&nbsp;&nbsp;&nbsp;&nbsp;&nbsp;&nbsp;&nbsp;&nbsp;&nbsp; Gostar\u00edamos de chamar a sua aten\u00e7\u00e3o para uma teoria da Personalidade atual, embora antiga, que explica todos os processos da mente humana, tanto gen\u00e9tico-psicol\u00f3gicos quanto din\u00e2micos, sejam eles normais ou patol\u00f3gicos. Foi elaborada em 1850 pelo maior fil\u00f3sofo da modernidade, Auguste Comte, e ainda permanece praticamente desconhecida, contrariamente a seu Sistema de Filosofia Positiva \u2013 1830- 1842. Mesmo os autores que citam e adotam a vis\u00e3o do Fil\u00f3sofo sobre a Sociologia e sobre a psicologia em geral, desconhecem sua teoria da Personalidade. A resposta para isso \u00e9 que, quando Comte desenvolveu essa teoria, ele estava lutando para colocar o proletariado no papel de uma for\u00e7a social e sofreu a oposi\u00e7\u00e3o conjunta dos muitos governantes do status quo, que conseguiram isol\u00e1-lo do p\u00fablico. Foi uma campanha grande e poderosa que o reduziu a morrer de fome. De acordo com essa teoria, a personalidade n\u00e3o varia de pessoa para pessoa, mas \u00e9 peculiar \u00e0 esp\u00e9cie: ao todo s\u00e3o 18 fun\u00e7\u00f5es subjetivas \u00fanicas do c\u00e9rebro, que podem ser correlacionadas aos dinamismos cerebrais, mesmo que n\u00e3o sejam redut\u00edveis a eles: Comte n\u00e3o foi um reducionista. Tais fun\u00e7\u00f5es integram sistemas ps\u00edquicos, o que agora podemos acompanhar facilmente pela neurofisiologia \u2013 ou pela chamada neuropsicologia e verificar atrav\u00e9s da psicopatologia e da patologia cerebral. O que varia de indiv\u00edduo para indiv\u00edduo \u00e9, naturalmente, a qualidade dos \u00f3rg\u00e3os que executam tais fun\u00e7\u00f5es em primeiro lugar e, em seguida, o arranjo entre esses sistemas, e ainda as fun\u00e7\u00f5es de conex\u00e3o que mediam sua tradu\u00e7\u00e3o em a\u00e7\u00e3o ou comportamento manifesto. Todas essas fun\u00e7\u00f5es subjetivas, entrela\u00e7adas em unidades compostas \u2013 as esferas da Personalidade, ou seja, Afetividade, Atividade (ou cona\u00e7\u00e3o) e Intelig\u00eancia \u2013 s\u00e3o inatas, mas n\u00e3o se originam umas nas outras, como sup\u00f5em as teorias de Freud ou de von Monakow. Comte enunciou claramente os principais dinamismos da mente, nenhum dos quais foi redescoberto por Freud. Como Comte apontou, tal teoria n\u00e3o poderia surgir antes da funda\u00e7\u00e3o das leis din\u00e2micas da Sociologia \u2013 por ele estabelecidas em 1822 \u2013 como todo sociol\u00f3gico reconhece \u2013, pois deveria se basear nas tend\u00eancias evolutivas da Humanidade. Al\u00e9m disso, verificou-se atrav\u00e9s dos princ\u00edpios da anatomia e fisiologia comparada animal, e, por outro lado, atrav\u00e9s da patologia.<\/p>\n\n\n\n<h2 class=\"wp-block-heading\"><strong><a>Sum\u00e1rio das Aula<\/a>s<\/strong><\/h2>\n\n\n\n<h3 class=\"wp-block-heading\"><strong><span style=\"text-decoration: underline;\">Aulas Principais:<\/span><\/strong><\/h3>\n\n\n\n<ol class=\"wp-block-list\">\n<li><a href=\"https:\/\/anibalsilveira.org\/conceito-de-personalidade-segundo-monakow-freud-e-comte\/\"><strong>Conceito de Personalidade segundo Monakow, Freud e Comte<\/strong><\/a><\/li>\n\n\n\n<li><a href=\"https:\/\/anibalsilveira.org\/teoria-da-personalidade-de-comte\/\" data-type=\"URL\" data-id=\"https:\/\/anibalsilveira.org\/teoria-da-personalidade-de-comte\/\"><strong>Teoria da Personalidade de Comte<\/strong><\/a><\/li>\n\n\n\n<li><a href=\"https:\/\/anibalsilveira.org\/comparacao-das-teorias-da-personalidade\/\"><strong>Compara\u00e7\u00e3o das Teorias da Personalidade<\/strong><\/a><\/li>\n\n\n\n<li><a href=\"https:\/\/anibalsilveira.org\/estrutura-subjetiva-e-comportamento\/\"><strong>Estrutura subjetiva e comportamento<\/strong><\/a><\/li>\n\n\n\n<li><a href=\"https:\/\/anibalsilveira.org\/integracao-do-comportamento-e-interdependencia-subjetiva-2\/\"><strong>Integra\u00e7\u00e3o do comportamento e interdepend\u00eancia subjetiva<\/strong><\/a><\/li>\n\n\n\n<li><a href=\"https:\/\/anibalsilveira.org\/apreciacao-conjunta-dos-setores-da-personalidade\/\"><strong>Aprecia\u00e7\u00e3o conjunta dos setores da personalidade<\/strong><\/a><\/li>\n\n\n\n<li><a href=\"https:\/\/anibalsilveira.org\/afetividade-e-emocao\/\"><strong>Afetividade e emo\u00e7\u00e3o<\/strong><\/a><\/li>\n\n\n\n<li><a href=\"https:\/\/anibalsilveira.org\/dinamismos-afetivos-em-geraldistincao-entre-sentimento-afeto-e-emocao\/\"><strong>Distin\u00e7\u00e3o entre sentimento, afeto e emo\u00e7\u00e3o<\/strong><\/a><\/li>\n\n\n\n<li><a href=\"https:\/\/anibalsilveira.org\/funcoes-afetivas-em-niveis-instintivos-regencia-do-metabolismo\/\"><strong>Fun\u00e7\u00f5es afetivas em n\u00edveis instintivos<\/strong><\/a><\/li>\n\n\n\n<li><a href=\"https:\/\/anibalsilveira.org\/atividade-funcoes-conativas\/\"><strong>Atividade. Fun\u00e7\u00f5es Conativas<\/strong><\/a><\/li>\n\n\n\n<li><strong><a href=\"https:\/\/anibalsilveira.org\/funcoes-da-conacaoregencia-da-acao-explicita-e-relacoes-para-com-a-afetividade-e-a-inteligencia\/\">Fun\u00e7\u00f5es da Cona\u00e7\u00e3o. Reg\u00eancia da a\u00e7\u00e3o expl\u00edcita<\/a><\/strong><\/li>\n\n\n\n<li><a href=\"https:\/\/anibalsilveira.org\/sistemas-psiquicos-correlacoes-neurofisiologicas\/\"><strong>Sistemas Ps\u00edquicos. Correla\u00e7\u00f5es neurofisiol\u00f3gicas.<\/strong><\/a><\/li>\n\n\n\n<li><a href=\"https:\/\/anibalsilveira.org\/sistemas-cerebrais-e-sistemas-psiquicos\/\"><strong>Sistemas cerebrais e Sistemas ps\u00edquicos.<\/strong><\/a><\/li>\n\n\n\n<li><a href=\"https:\/\/anibalsilveira.org\/sensacao-e-percepcao\/\"><strong>Sensa\u00e7\u00e3o e Percep\u00e7\u00e3o.<\/strong><\/a><\/li>\n\n\n\n<li><a href=\"https:\/\/anibalsilveira.org\/evolucao-da-percepcao-teoria-das-imagens\/\"><strong>Evolu\u00e7\u00e3o da percep\u00e7\u00e3o &#8211; Teoria das imagens.<\/strong><\/a><\/li>\n\n\n\n<li><a href=\"https:\/\/anibalsilveira.org\/elaboracao-e-linguagem\/\"><strong>Elabora\u00e7\u00e3o e linguagem.<\/strong><\/a><\/li>\n\n\n\n<li><a href=\"https:\/\/anibalsilveira.org\/comunicacao-teoria-dos-sinais\/\"><strong>Comunica\u00e7\u00e3o. Teoria dos sinais.<\/strong><\/a><\/li>\n\n\n\n<li><a href=\"https:\/\/anibalsilveira.org\/teoria-da-abstracao\/\"><strong>Teoria da abstra\u00e7\u00e3o.<\/strong><\/a><\/li>\n\n\n\n<li><a href=\"https:\/\/anibalsilveira.org\/psicologia-do-desenvolvimento\/\"><strong>Psicologia do Desenvolvimento<\/strong><\/a><\/li>\n\n\n\n<li><strong>Personalidade. Teoria de Freud<\/strong><\/li>\n\n\n\n<li><strong>Teoria psicodin\u00e2mica de Freud: introdu\u00e7\u00e3o do elemento interpessoal<\/strong><\/li>\n\n\n\n<li><strong>N\u00edveis de elabora\u00e7\u00e3o intelectual, participa\u00e7\u00e3o dos fatores afetivo e conativo<\/strong><\/li>\n<\/ol>\n\n\n\n<h3 class=\"wp-block-heading\"><strong><span style=\"text-decoration: underline;\">Aulas suplementares:<\/span><\/strong><\/h3>\n\n\n\n<ol class=\"wp-block-list\">\n<li><strong><a href=\"https:\/\/anibalsilveira.org\/psicologia-fisiologicaanibal-silveira\/\">Psicologia Fisiol\u00f3gica<\/a><\/strong><\/li>\n\n\n\n<li><strong>Acep\u00e7\u00e3o de ambiente, gen\u00e9tica e aprendizado. Comportamento subjetivo<\/strong><\/li>\n\n\n\n<li><strong>Biotipologia \u2013 crit\u00e9rio de Viola em particular<\/strong><\/li>\n\n\n\n<li><strong>Correla\u00e7\u00e3o biotipol\u00f3gica \u2013 Constitui\u00e7\u00e3o e Temperamento<\/strong><\/li>\n\n\n\n<li><strong>Introdu\u00e7\u00e3o ao roteiro de entrevista a ser realizada em Psicologia M\u00e9dica<\/strong><\/li>\n\n\n\n<li><strong>Vig\u00edlia e sono<\/strong><\/li>\n\n\n\n<li><strong>Psicofisiologia comparada<\/strong><\/li>\n\n\n\n<li><strong>Psicofisiologia Humana Evolutiva<\/strong><\/li>\n\n\n\n<li><strong>Aspectos da Psicologia na Medicina Moderna<\/strong><\/li>\n\n\n\n<li><strong>Aspectos neurofisiol\u00f3gicos dos sonhos<\/strong><\/li>\n\n\n\n<li><strong>Conte\u00fado do sonho: m\u00e9todos de estudo<\/strong><\/li>\n<\/ol>","protected":false},"excerpt":{"rendered":"<p>Organizadores: Fl\u00e1vio VivacquaFrancisco Drumond Marcondes de MouraPaulo PalladiniRoberto Fasano Neto Esta colet\u00e2nea de textos foi organizada e sistematizada tendo como ponto de partida o material compilado de aulas que An\u00edbal Silveira proferiu sobre esse tema, no per\u00edodo de 1935 a 1979. No caso de ter sido poss\u00edvel identificar a data e o local de cada [&hellip;]<\/p>\n","protected":false},"author":1,"featured_media":0,"parent":0,"menu_order":0,"comment_status":"closed","ping_status":"closed","template":"templates\/template-full-width.php","meta":{"footnotes":""},"categories":[],"tags":[],"class_list":["post-683","page","type-page","status-publish","hentry"],"_links":{"self":[{"href":"https:\/\/anibalsilveira.org\/en\/wp-json\/wp\/v2\/pages\/683","targetHints":{"allow":["GET"]}}],"collection":[{"href":"https:\/\/anibalsilveira.org\/en\/wp-json\/wp\/v2\/pages"}],"about":[{"href":"https:\/\/anibalsilveira.org\/en\/wp-json\/wp\/v2\/types\/page"}],"author":[{"embeddable":true,"href":"https:\/\/anibalsilveira.org\/en\/wp-json\/wp\/v2\/users\/1"}],"replies":[{"embeddable":true,"href":"https:\/\/anibalsilveira.org\/en\/wp-json\/wp\/v2\/comments?post=683"}],"version-history":[{"count":24,"href":"https:\/\/anibalsilveira.org\/en\/wp-json\/wp\/v2\/pages\/683\/revisions"}],"predecessor-version":[{"id":2756,"href":"https:\/\/anibalsilveira.org\/en\/wp-json\/wp\/v2\/pages\/683\/revisions\/2756"}],"wp:attachment":[{"href":"https:\/\/anibalsilveira.org\/en\/wp-json\/wp\/v2\/media?parent=683"}],"wp:term":[{"taxonomy":"category","embeddable":true,"href":"https:\/\/anibalsilveira.org\/en\/wp-json\/wp\/v2\/categories?post=683"},{"taxonomy":"post_tag","embeddable":true,"href":"https:\/\/anibalsilveira.org\/en\/wp-json\/wp\/v2\/tags?post=683"}],"curies":[{"name":"wp","href":"https:\/\/api.w.org\/{rel}","templated":true}]}}