{"id":706,"date":"2022-11-04T17:55:25","date_gmt":"2022-11-04T20:55:25","guid":{"rendered":"https:\/\/anibalsilveira.org\/?page_id=706"},"modified":"2024-09-14T09:41:08","modified_gmt":"2024-09-14T12:41:08","slug":"apontamentos-sobre-a-psiquiatra-orientada-pela-patogenese","status":"publish","type":"page","link":"https:\/\/anibalsilveira.org\/en\/apontamentos-sobre-a-psiquiatra-orientada-pela-patogenese\/","title":{"rendered":"Apontamentos de aulas sobre a Psiquiatria fundamentada na teoria sociol\u00f3gica da personalidade e orientada pela patog\u00eanese"},"content":{"rendered":"<p class=\"has-text-align-right\"><strong>Organizadores<\/strong>:<br><strong>Fl\u00e1vio Vivacqua<\/strong><br><strong>Francisco Drumond Marcondes de Moura<\/strong><br><strong>Paulo Palladin<\/strong>i<br><strong>Roberto Fasano Neto<\/strong><\/p>\n\n\n\n<p>Esta colet\u00e2nea de textos foi organizada e sistematizada tendo como ponto de partida o material compilado de aulas que An\u00edbal Silveira proferiu sobre esse tema, no per\u00edodo de 1935 a 1979. No caso de ter sido poss\u00edvel identificar a data e o local de cada aula e, eventualmente, quem procedeu a anota\u00e7\u00e3o, essa indica\u00e7\u00e3o foi registrada na Nota de Rodap\u00e9.<sup data-fn=\"8c4354b2-bfd5-4dc6-92da-856823ddfad8\" class=\"fn\"><a href=\"#8c4354b2-bfd5-4dc6-92da-856823ddfad8\" id=\"8c4354b2-bfd5-4dc6-92da-856823ddfad8-link\">1<\/a><\/sup><\/p>\n\n\n\n<ol class=\"wp-block-list\">\n<li><strong>Psiquiatria Cl\u00ednica e Psiquiatria Social<\/strong><\/li>\n\n\n\n<li><strong>Classifica\u00e7\u00e3o gen\u00e9tica das doen\u00e7as mentais<\/strong><\/li>\n\n\n\n<li><strong>Aspecto heredol\u00f3gico na classifica\u00e7\u00e3o das doen\u00e7as mentais<\/strong><\/li>\n\n\n\n<li><strong>Fun\u00e7\u00f5es da gen\u00e9tica psiqui\u00e1trica. Epidemiologia e preven\u00e7\u00e3o<\/strong><\/li>\n\n\n\n<li><strong>No\u00e7\u00e3o de ciclo heredol\u00f3gico em Psiquiatria. Classifica\u00e7\u00e3o gen\u00e9tica das doen\u00e7as<\/strong><\/li>\n\n\n\n<li><strong><a href=\"https:\/\/anibalsilveira.org\/ciclo-heredologico-em-psiquiatria\/\">Ciclo heredol\u00f3gico em psiquiatria<\/a><\/strong><\/li>\n\n\n\n<li><strong><a href=\"https:\/\/anibalsilveira.org\/hereditariedade-e-catamnese-heredologica\/\">Hereditariedade e catamnese heredol\u00f3gica&nbsp;&nbsp;<\/a><\/strong><\/li>\n\n\n\n<li><strong><a href=\"https:\/\/anibalsilveira.org\/sintomas-e-quadro-morbido-em-psiquiatria\/\">Sintomas e quadro m\u00f3rbido em psiquiatria<\/a><\/strong><\/li>\n\n\n\n<li><strong><a href=\"https:\/\/anibalsilveira.org\/as-grandes-sindromes-psiquiatricas\/\">As grandes s\u00edndromes psiqui\u00e1tricas<\/a><\/strong><\/li>\n\n\n\n<li><strong>Psicose, Neurose, Psicopatia<\/strong><\/li>\n\n\n\n<li><strong><a href=\"https:\/\/anibalsilveira.org\/apanhado-geral-das-condicoes-morbidas-2\/\">Apanhado geral das condi\u00e7\u00f5es m\u00f3rbidas<\/a><\/strong><\/li>\n\n\n\n<li><strong><a href=\"https:\/\/anibalsilveira.org\/concepcao-atual-da-psiquiatria-2\/\">Concep\u00e7\u00e3o atual da Psiquiatria<\/a><\/strong><\/li>\n\n\n\n<li><strong><a href=\"https:\/\/anibalsilveira.org\/psicoses-infecciosas-em-geral-neurossifilis-2\/\">Psicoses infecciosas em geral. Neuross\u00edfilis<\/a><\/strong><\/li>\n\n\n\n<li><strong><a href=\"https:\/\/anibalsilveira.org\/encefalite-epidemica-implicacoes-tardias-da-ocorrencia-na-infancia\/\">Encefalite epid\u00eamica, implica\u00e7\u00f5es tardias da ocorr\u00eancia na inf\u00e2ncia<\/a><\/strong><\/li>\n\n\n\n<li><strong>Psicose infecciosa em geral. Tipos particulares<\/strong><\/li>\n\n\n\n<li><strong><a href=\"https:\/\/anibalsilveira.org\/quadros-clinicos-ligados-ao-alcoolismo-2\/\">Quadros cl\u00ednicos ligados ao alcoolismo<\/a><\/strong><\/li>\n\n\n\n<li><strong><a href=\"https:\/\/anibalsilveira.org\/identificacao-das-formas-clinicas-do-grupo-maniaco-depressivo\/\">Identifica\u00e7\u00e3o das formas cl\u00ednicas do grupo man\u00edaco-depressivo<\/a><\/strong><\/li>\n\n\n\n<li><strong><a href=\"https:\/\/anibalsilveira.org\/psicoses-afetivas-pmd-em-particular\/\">Psicoses afetivas. PMD em particular<\/a><\/strong><\/li>\n\n\n\n<li><strong>Configura\u00e7\u00e3o patog\u00eanica nas psicoses do grupo man\u00edaco-depressivo<\/strong><\/li>\n\n\n\n<li><strong><a href=\"https:\/\/anibalsilveira.org\/formas-bipolares-e-monopolares-de-leonhard-e-a-pmd\/\">Formas bipolares e monopolares de Leonhard e a PMD<\/a><\/strong><\/li>\n\n\n\n<li><strong><a href=\"https:\/\/anibalsilveira.org\/psicoses-afetivas-com-predominio-de-excitacao-por-leonhard\/\">Psicoses afetivas com predom\u00ednio de excita\u00e7\u00e3o por Leonhard<\/a><\/strong><\/li>\n\n\n\n<li><strong><a href=\"https:\/\/anibalsilveira.org\/grupo-com-predominio-da-depressao-nos-quadros-de-leonhard\/\">Grupo com predom\u00ednio da depress\u00e3o nos quadros de Leonhard<\/a><\/strong><\/li>\n\n\n\n<li><strong><a href=\"https:\/\/anibalsilveira.org\/esquizofrenia-kleist-kraepelin-e-bleuler\/\">Esquizofrenia: Kleist, Kraepelin e Bleuler<\/a><\/strong><\/li>\n\n\n\n<li><strong><a href=\"https:\/\/anibalsilveira.org\/distincao-das-psicoses-progressivas-de-kleist-com-outros-autores\/\">Distin\u00e7\u00e3o das psicoses progressivas de Kleist com outros autores<\/a><\/strong><\/li>\n\n\n\n<li><strong>Ciclo de doen\u00e7as com desagrega\u00e7\u00e3o. Esquizofrenia<\/strong><\/li>\n\n\n\n<li><strong><a href=\"https:\/\/anibalsilveira.org\/formas-hebefrenicas-segundo-kleist\/\">Formas hebefr\u00eanicas segundo Kleist<\/a><\/strong><\/li>\n\n\n\n<li><strong><a href=\"https:\/\/anibalsilveira.org\/patogenese-nos-grupos-hebefrenicos-e-nas-formas-catatonica\/\">Patog\u00eanese nos grupos hebefr\u00eanicos e nas formas catat\u00f4nica<\/a><\/strong><\/li>\n\n\n\n<li><strong>Quadros catat\u00f4nicos<\/strong><\/li>\n\n\n\n<li><strong>As catatonias segundo Kleist<\/strong><\/li>\n\n\n\n<li><strong><a href=\"https:\/\/anibalsilveira.org\/formas-confusionais-de-kleist\/\">Formas confusionais de Kleist<\/a><\/strong><\/li>\n\n\n\n<li><strong><a href=\"https:\/\/anibalsilveira.org\/parafrenia-segundo-kleist-parafrenia-em-sentido-estrito\/\">Parafrenia segundo Kleist. Parafrenia em sentido estrito<\/a><\/strong><\/li>\n\n\n\n<li><strong><a href=\"https:\/\/anibalsilveira.org\/psicoses-associadas-e-enxertadas\/\">Psicoses associadas e enxertadas<\/a><\/strong><\/li>\n\n\n\n<li><strong><a href=\"https:\/\/anibalsilveira.org\/delirio-alucinatorio-cronico-de-roxo-2\/\">Del\u00edrio alucinat\u00f3rio cr\u00f4nico de Roxo<\/a><\/strong><\/li>\n\n\n\n<li><strong><a href=\"https:\/\/anibalsilveira.org\/as-psicoses-degenerativas-de-kleist\/\">As psicoses degenerativas de Kleist<\/a><\/strong><\/li>\n\n\n\n<li><strong><a href=\"https:\/\/anibalsilveira.org\/psicoses-epileptoides-de-kleist\/\">Psicoses epileptoides de Kleist<\/a><\/strong><\/li>\n\n\n\n<li><strong><a href=\"https:\/\/anibalsilveira.org\/psicoses-do-grupo-paranoide-de-kleist\/\">Psicoses do grupo paranoide de Kleist<\/a><\/strong><\/li>\n\n\n\n<li><strong><a href=\"https:\/\/anibalsilveira.org\/confluencia-de-fatores-patogenicos-na-epilepsia\/\">Conflu\u00eancia de fatores patog\u00eanicos na epilepsia<\/a><\/strong><\/li>\n\n\n\n<li><strong>Quadros convulsivos na epilepsia<\/strong><\/li>\n\n\n\n<li><strong>Convuls\u00f5es sintom\u00e1ticas e quadros n\u00e3o convulsivos<\/strong><\/li>\n\n\n\n<li><strong><a href=\"https:\/\/anibalsilveira.org\/quadros-clinicos-na-demencia-senil\/\">Quadros cl\u00ednicos na dem\u00eancia senil<\/a><\/strong><\/li>\n\n\n\n<li><strong>Personalidades Psicop\u00e1ticas<\/strong><\/li>\n\n\n\n<li><strong>Neuroses em geral. O grupo f\u00f3bico-ansioso<\/strong><\/li>\n\n\n\n<li><strong>Oligofrenia e ciclo heredol\u00f3gico da mesma<\/strong><\/li>\n<\/ol>\n\n\n<ol class=\"wp-block-footnotes\"><li id=\"8c4354b2-bfd5-4dc6-92da-856823ddfad8\">Titulos en Negrito est\u00e3o sendo preparados pela Comiss\u00e3o de Revis\u00e3o para postagem em breve <a href=\"#8c4354b2-bfd5-4dc6-92da-856823ddfad8-link\" aria-label=\"Jump to footnote reference 1\">\u21a9\ufe0e<\/a><\/li><\/ol>","protected":false},"excerpt":{"rendered":"<p>Organizadores:Fl\u00e1vio VivacquaFrancisco Drumond Marcondes de MouraPaulo PalladiniRoberto Fasano Neto Esta colet\u00e2nea de textos foi organizada e sistematizada tendo como ponto de partida o material compilado de aulas que An\u00edbal Silveira proferiu sobre esse tema, no per\u00edodo de 1935 a 1979. No caso de ter sido poss\u00edvel identificar a data e o local de cada aula [&hellip;]<\/p>\n","protected":false},"author":1,"featured_media":0,"parent":0,"menu_order":0,"comment_status":"closed","ping_status":"closed","template":"templates\/template-full-width.php","meta":{"footnotes":"[{\"content\":\"Titulos en Negrito est\u00e3o sendo preparados pela Comiss\u00e3o de Revis\u00e3o para postagem em breve\",\"id\":\"8c4354b2-bfd5-4dc6-92da-856823ddfad8\"}]"},"categories":[],"tags":[],"class_list":["post-706","page","type-page","status-publish","hentry"],"_links":{"self":[{"href":"https:\/\/anibalsilveira.org\/en\/wp-json\/wp\/v2\/pages\/706","targetHints":{"allow":["GET"]}}],"collection":[{"href":"https:\/\/anibalsilveira.org\/en\/wp-json\/wp\/v2\/pages"}],"about":[{"href":"https:\/\/anibalsilveira.org\/en\/wp-json\/wp\/v2\/types\/page"}],"author":[{"embeddable":true,"href":"https:\/\/anibalsilveira.org\/en\/wp-json\/wp\/v2\/users\/1"}],"replies":[{"embeddable":true,"href":"https:\/\/anibalsilveira.org\/en\/wp-json\/wp\/v2\/comments?post=706"}],"version-history":[{"count":48,"href":"https:\/\/anibalsilveira.org\/en\/wp-json\/wp\/v2\/pages\/706\/revisions"}],"predecessor-version":[{"id":3356,"href":"https:\/\/anibalsilveira.org\/en\/wp-json\/wp\/v2\/pages\/706\/revisions\/3356"}],"wp:attachment":[{"href":"https:\/\/anibalsilveira.org\/en\/wp-json\/wp\/v2\/media?parent=706"}],"wp:term":[{"taxonomy":"category","embeddable":true,"href":"https:\/\/anibalsilveira.org\/en\/wp-json\/wp\/v2\/categories?post=706"},{"taxonomy":"post_tag","embeddable":true,"href":"https:\/\/anibalsilveira.org\/en\/wp-json\/wp\/v2\/tags?post=706"}],"curies":[{"name":"wp","href":"https:\/\/api.w.org\/{rel}","templated":true}]}}