{"id":956,"date":"2024-02-19T11:14:06","date_gmt":"2024-02-19T14:14:06","guid":{"rendered":"https:\/\/anibalsilveira.org\/?page_id=956"},"modified":"2024-04-28T17:29:38","modified_gmt":"2024-04-28T20:29:38","slug":"sistemas-psiquicos-correlacoes-neurofisiologicas","status":"publish","type":"page","link":"https:\/\/anibalsilveira.org\/en\/sistemas-psiquicos-correlacoes-neurofisiologicas\/","title":{"rendered":"SISTEMAS PS\u00cdQUICOS \u2013 CORRELA\u00c7\u00d5ES NEUROFISIOL\u00d3GICAS"},"content":{"rendered":"<h4 class=\"has-text-align-center wp-block-heading\"><strong>SISTEMAS PS\u00cdQUICOS \u2013 CORRELA\u00c7\u00d5ES NEUROFISIOL\u00d3GICAS<\/strong><\/h4>\n\n\n\n<p>Comte caracteriza a personalidade como o resultado do arranjo de um conjunto de dezoito fun\u00e7\u00f5es espec\u00edficas do c\u00e9rebro, representada por \u00f3rg\u00e3os cerebrais, que trabalham em harmonia, resultando no trabalho mental. Esse mecanismo todo s\u00f3 pode ser dissociado por abstra\u00e7\u00e3o. Gall foi o primeiro autor a demonstrar que: os \u00f3rg\u00e3os s\u00e3o m\u00faltiplos, est\u00e3o localizados no c\u00e9rebro e s\u00e3o peculiares n\u00e3o s\u00f3 ao homem, mas tamb\u00e9m aos animais.<\/p>\n\n\n\n<p>Flourens rebelou-se contra Gall, achando suas teorias um absurdo, mas posteriormente, ele mesmo declarou que fora devido a conceito religioso. Considerava Gall um extraordin\u00e1rio anatomista. Havia duas correntes psicol\u00f3gicas: uma, a holista, n\u00e3o admitia a divis\u00e3o do c\u00e9rebro como constitu\u00eddo de v\u00e1rios centros, funcionando isoladamente; assim ter\u00edamos o centro da fala, da vis\u00e3o etc. Segundo Comte, baseado em Gall, o c\u00e9rebro funciona como um aparelho constitu\u00eddo de diversos \u00f3rg\u00e3os e \u00e9 poss\u00edvel correlacionar essas fun\u00e7\u00f5es ps\u00edquicas com a base estrutural do c\u00e9rebro.<\/p>\n\n\n\n<p>Na psicologia moderna s\u00f3 Kleist aceita concep\u00e7\u00f5es semelhantes. Foi Munk em 1890 o iniciador das experi\u00eancias localizat\u00f3rias, dos centristas, atrav\u00e9s de mutila\u00e7\u00f5es de animais de laborat\u00f3rio. Isso cinquenta anos depois de Gall ter isolado os \u00f3rg\u00e3os cerebrais. Os centristas reduziam as fun\u00e7\u00f5es a uma \u00e1rea cerebral. Kleist tinha uma concep\u00e7\u00e3o muito mais din\u00e2mica das fun\u00e7\u00f5es cerebrais, que implicava no conceito de reg\u00eancia. Mostrou, por exemplo, que a afasia sensitiva e a nominal tinham a mesma origem. Quem mostrou que nos dist\u00farbios da grafia as \u00e1reas afetadas eram as \u00e1reas 40 e 39 foi Kleist.<\/p>\n\n\n\n<p>Broca havia situado na \u00e1rea 44 de Brodmann o centro motor da linguagem. Dist\u00farbios a esse n\u00edvel seriam respons\u00e1veis pela afasia motora. Pierre-Marie mostrou que a afasia motora n\u00e3o correspondia a uma les\u00e3o na \u00e1rea 44, mas ao comprometimento de uma \u00e1rea maior, com a forma de um quadril\u00e1tero.<\/p>\n\n\n\n<p>Comte, baseado em Gall, na neurofisiologia comparada, mostrou que a parte posterior corresponde \u00e0 zona afetiva, parte posterior, inclusive o cerebelo; mas o campo 6, que corresponde \u00e0 bondade e que \u00e9 uma fun\u00e7\u00e3o afetiva mais diferenciada, est\u00e1 localizada no lobo frontal alto. Segundo Comte, o que h\u00e1 n\u00e3o \u00e9 um centro cerebral e sim um \u00f3rg\u00e3o cerebral. Assim, todas as fun\u00e7\u00f5es correspondem a resultados de \u00f3rg\u00e3os, no entanto, o que se localiza n\u00e3o \u00e9 a fun\u00e7\u00e3o, mas o \u00f3rg\u00e3o. Comte n\u00e3o precisou a forma nem a localiza\u00e7\u00e3o exata dos \u00f3rg\u00e3os, com exce\u00e7\u00e3o do \u00f3rg\u00e3o da bondade, do instinto sexual e do nutritivo. O que ele fez foi indicar a posi\u00e7\u00e3o relativa dos \u00f3rg\u00e3os. Situou a bondade na \u00e1rea 6, porque \u00e9 a mais recente filogeneticamente, mais afastada da esfera afetiva. O instinto sexual foi localizado nos hemisf\u00e9rios cerebelares e o instinto nutritivo no vermis cerebelar. Situou a afetividade na parte posterior da corticalidade e a intelig\u00eancia na parte frontal. Como a atividade \u00e9 intermedi\u00e1ria entre a afetividade e a intelig\u00eancia, foi localizada na zona m\u00e9dia do c\u00e9rebro. A atividade engloba as \u00e1reas 4, 1 e 3 (4, zona motora e 1-3, parte sensorial). Para que haja a\u00e7\u00e3o \u00e9 fundamental que tanto a zona motora quanto a sensitiva estejam \u00edntegras. Portanto, a vertente posterior do sulco de Rolando \u00e9 indispens\u00e1vel para que haja a a\u00e7\u00e3o coordenada. Segundo Kleist, a afasia nominal \u00e9 um dist\u00farbio que decorre da falta de reg\u00eancia da regi\u00e3o correspondente \u00e0 parte inferior da vertente de Rolando, e ao giro supra marginal, sobre a regi\u00e3o anterior. A afasia nominal resulta, portanto, da falta de reg\u00eancia da regi\u00e3o parieto-temporal sobre a regi\u00e3o anterior.&nbsp;<\/p>\n\n\n\n<p>Assim pode haver altera\u00e7\u00e3o funcional que decorre da altera\u00e7\u00e3o da reg\u00eancia e n\u00e3o do \u00f3rg\u00e3o. Por exemplo, um del\u00edrio pode ser decorrente de uma altera\u00e7\u00e3o da reg\u00eancia da zona parieto-temporal sobre a zona frontal. A mesma coisa pode se passar no automatismo mental. Teremos, ent\u00e3o, um sintoma frontal como repercuss\u00e3o de uma les\u00e3o parieto-temporal.&nbsp;<\/p>\n\n\n\n<p>O importante \u00e9 compreender que se formam sistemas: essa concep\u00e7\u00e3o de sistemas cerebrais correspondentes a sistemas ps\u00edquicos, na Teoria Cerebral de Comte, foi introduzida por Audiffrent. Pode haver, por exemplo, um \u00f3rg\u00e3o que rege outro, e a sintomatologia \u00e9 como se fosse a que resultaria de uma les\u00e3o do \u00f3rg\u00e3o regido.&nbsp;<\/p>\n\n\n\n<p>Na figura I, se apresenta o resumo das fun\u00e7\u00f5es subjetivas baseado num quadro de Augusto Comte. Comte no seu esquema colocava a atividade acima da intelig\u00eancia porque \u00e9 a que est\u00e1 mais ligada com o mundo exterior. Mas como a atividade \u00e9 intermedi\u00e1ria entre a afetividade e a intelig\u00eancia, e sem ela n\u00e3o h\u00e1 no\u00e7\u00e3o, alteramos o esquema colocando-a entre a afetividade e a intelig\u00eancia.<\/p>\n\n\n<div class=\"wp-block-image\">\n<figure class=\"aligncenter\"><img decoding=\"async\" src=\"https:\/\/lh7-us.googleusercontent.com\/CKXG5qxt3_HBPQuurUFIPNT57RtePqs-efLyOaQPaKugRZEMxD44XHA4JL8Zds8FRoqSJEB0Rzsy8PGKD89LW4nQP4Q0jRl-mTEWZUZkCkcCH6ubnfRgNPqCZxICETMbCdK0ZLzej5VzWefYBVP5IA\" alt=\"DiagramaDescri\u00e7\u00e3o gerada automaticamente com confian\u00e7a baixa\"\/><\/figure>\n<\/div>\n\n\n<p>A Figura II assinala os sistemas funcionais do c\u00e9rebro. H\u00e1 uma depend\u00eancia crescente da parte b\u00e1sica para a mais diferenciada e da parte anterior para a posterior. Em resumo, temos na teoria de Comte essa correla\u00e7\u00e3o de fun\u00e7\u00f5es, e isso \u00e9 que a caracteriza.<\/p>\n\n\n<div class=\"wp-block-image\">\n<figure class=\"aligncenter\"><img decoding=\"async\" src=\"https:\/\/lh7-us.googleusercontent.com\/teTWdkDHd8vlQcdV6sxCe1ecmPAdgBJDzOM7GpIQafrTKjEP8VXM3-6v707wzPr2-byADFNkyjzW8Osf_AceL1eNACzl_4DguMcr2EMZF0OA0HJWOLki9A1Dpfw_Pt6R1iIw9shuOzTT8VXWY7mGZQ\" alt=\"Diagrama, Esquem\u00e1ticoDescri\u00e7\u00e3o gerada automaticamente\"\/><\/figure>\n<\/div>\n\n\n<p>Experi\u00eancias neurofisiol\u00f3gicas demonstram que \u00e9 poss\u00edvel inibir uma fun\u00e7\u00e3o ps\u00edquica correspondente a uma determinada \u00e1rea, estimulando uma ou outra \u00e1rea distante daquela. Existem no c\u00f3rtex zonas supressoras j\u00e1 individualizadas. Assim, por exemplo, a \u00e1reas 4s e 19 de Brodmann. H\u00e1 uma correla\u00e7\u00e3o \u00edntima, indicando tamb\u00e9m uma altera\u00e7\u00e3o (inibi\u00e7\u00e3o), na atividade bioel\u00e9trica do c\u00e9rebro<\/p>\n\n\n\n<p>No gato, esses \u00f3rg\u00e3os s\u00e3o mais limitados e excitando certos \u00f3rg\u00e3os produzem efeitos determinados e bem delineados. No chimpanz\u00e9 s\u00e3o mais complexos esses mecanismos e no homem ainda mais.&nbsp;<\/p>\n\n\n\n<p>Estimulando a zona 4 do chimpanz\u00e9 haver\u00e1 descarga motora resultando numa convuls\u00e3o epil\u00e9ptica. Se estimularmos a zona 4s, supressora, desaparece completamente e imediatamente a convuls\u00e3o e tamb\u00e9m a atividade bioel\u00e9trica. A zona 4s \u00e9 uma varia\u00e7\u00e3o pouco diversa da \u00e1rea 4 (\u00e9 uma zona supressora). As \u00e1reas 18 e 19, parte vis\u00e3o ps\u00edquica, s\u00e3o \u00e1reas supressoras que inibem as zonas anteriores. A zona 10 envia est\u00edmulo para a zona 22.&nbsp;<\/p>\n\n\n\n<p>Na figura III observamos que a \u00e1rea 8, 4s e 19 correspondem \u00e0s zonas supressoras. A zona 7 \u00e9 uma zona de reg\u00eancia em rela\u00e7\u00e3o \u00e0 zona 6. Se coagularmos a zona 7, haver\u00e1 altera\u00e7\u00e3o da zona 6. No entanto, depois de 15 dias se estimularmos a zona 7 observa-se, no registro eletroencefalogr\u00e1fico, ondas lentas indicando a reconstru\u00e7\u00e3o da zona 7; e com total normalidade da zona 6, pois o tra\u00e7ado aqui corresponde a ondas normais. Isto decorre porque h\u00e1 uma supl\u00eancia da zona 7 do outro hemisf\u00e9rio, o que explica a normaliza\u00e7\u00e3o do tra\u00e7ado eletroencefalogr\u00e1fico da zona 6. Cortando o corpo caloso desaparece completamente essa reg\u00eancia e o tra\u00e7ado correspondente \u00e0 \u00e1rea 6 deixa de ser normal.<\/p>\n\n\n\n<p>Por outro lado, a zona auditiva se recomp\u00f5e apesar do corpo caloso estar cortado. Se alterarmos a zona anterior, essa recomposi\u00e7\u00e3o n\u00e3o se verifica: neurofisiol\u00f3gicamente existe esse aspecto, psiquicamente ainda n\u00e3o foi demonstrado.<\/p>\n\n\n\n<h6 class=\"has-text-align-center wp-block-heading\"><strong>Figura III. C\u00e9rebro de macaco<\/strong><\/h6>\n\n\n<div class=\"wp-block-image\">\n<figure class=\"aligncenter\"><img decoding=\"async\" src=\"https:\/\/lh7-us.googleusercontent.com\/8VWeLKnwnG2a-DZo-WkdA9523rzERyptOAPh39nbOTMMqsiWhKc0yJC9iXE2xyZixy5KcIu2EaKzvBUSrCtfjKFidz4JIYNw8QOq8OE44DE6fuZjP27jdZvz1h-LiUaiqvN98axNu2c7wZr3SFJgFg\" alt=\"\"\/><\/figure>\n<\/div>\n\n\n<p>A figura IV mostra as zonas supressoras e excitadoras do c\u00f3rtex do chimpanz\u00e9. A zona 6 envia est\u00edmulos para a 19, que \u00e9 uma zona supressora. A zona 6 que d\u00e1 contato com a zona 7.&nbsp;<\/p>\n\n\n\n<p>No homem essa complexidade \u00e9 maior, envolvendo as \u00e1reas 4, 2 e 19. A \u00e1rea 19 corresponde \u00e0 zona ps\u00edquica visual, a zona 2, sensibilidade som\u00e1tico-ps\u00edquica e a 4, motora.&nbsp;<\/p>\n\n\n\n<h6 class=\"has-text-align-center wp-block-heading\"><strong>Figura IV \u2013 C\u00e9rebro do Chimpanz\u00e9<\/strong><\/h6>\n\n\n<div class=\"wp-block-image\">\n<figure class=\"aligncenter\"><img decoding=\"async\" src=\"https:\/\/lh7-us.googleusercontent.com\/RAlzJb51O486zmGHAxQzvIct80zQ9Q5tQbjQm73R8cIn-lUB-GWsyu4DXDIcHMs9p-I8cnot6yA4mTqjUbXmtygVqvKxFBDZIG7hxb0b1KS9RGzjRRHhpbpjuDhCTaCMZk-MpGHilKS8poFkqwj94g\" alt=\"\"\/><\/figure>\n<\/div>\n\n\n<p>Na Figura V observamos que as \u00e1reas 2, 4 e 8 enviam est\u00edmulos supressores para as zonas 31 e 32, inclusive. Se admitimos que estes est\u00edmulos v\u00eam do c\u00e9rebro (Magoun), ent\u00e3o teremos as vias cerebelo-lobo orbit\u00e1rio-c\u00edngulo e parte para a zona cortical.&nbsp;<\/p>\n\n\n\n<p>Assim, segundo Comte, teremos as tr\u00eas esferas da personalidade: afetividade que estimula a intelig\u00eancia, atrav\u00e9s do interesse; a atividade que atua indiretamente na afetividade (atrav\u00e9s da intelig\u00eancia). No interior de cada esfera h\u00e1 uma hierarquia de fun\u00e7\u00f5es. O setor b\u00e1sico \u00e9 a afetividade, no contato com o mundo exterior vai prevalecer a intelig\u00eancia, mas sempre com a reg\u00eancia da afetividade.&nbsp;<\/p>\n\n\n\n<p>Dessa forma, as Esferas representam um conjunto de fun\u00e7\u00f5es ps\u00edquicas e os Sistemas correspondem \u00e0 interrela\u00e7\u00e3o de \u00f3rg\u00e3os, e ainda temos uma hierarquia no sentido das fun\u00e7\u00f5es daquilo que \u00e9 mais importante. A fun\u00e7\u00e3o b\u00e1sica \u00e9 o instinto nutritivo, tanto mais independente quanto mais elevado \u00e9 na evolu\u00e7\u00e3o da esp\u00e9cie. A hierarquia funcional opera no sentido de estimular, a reg\u00eancia no sentido de subordinar. O cerebelo estimula o lobo orbit\u00e1rio, mas \u00e9 regido pela zona orbit\u00e1ria. Por outro lado, atrav\u00e9s do hipot\u00e1lamo, o cerebelo rege a parte visceral. Verificou-se que uma les\u00e3o na regi\u00e3o anterior (les\u00e3o do lobo orbit\u00e1rio) leva o indiv\u00edduo a morrer de inani\u00e7\u00e3o por causa da falta de reg\u00eancia da zona orbit\u00e1ria sobre o cerebelo. A zona orbit\u00e1ria estimula a zona cortical atrav\u00e9s do c\u00edngulo.&nbsp;<\/p>\n\n\n\n<p>Reg\u00eancia \u00e9 a subordina\u00e7\u00e3o de uma parte mais diferenciada para outra menos diferenciada. Est\u00edmulo \u00e9 a facilita\u00e7\u00e3o, desencadeamento de est\u00edmulo da parte subordinada para outra que subordina. A afetividade estimula a intelig\u00eancia e esta rege a atividade.<\/p>\n\n\n\n<h6 class=\"has-text-align-center wp-block-heading\"><strong>Figura V \u2013 C\u00e9rebro de chimpanz\u00e9 \u2013 superf\u00edcie inter-hemisf\u00e9rica<\/strong><\/h6>\n\n\n<div class=\"wp-block-image\">\n<figure class=\"aligncenter\"><img decoding=\"async\" src=\"https:\/\/lh7-us.googleusercontent.com\/MO8qouBQVTZGCYM3oXF56Gj3x7o3-OZyb5R2cTQIo8nMmMGvHUH-zFjLAHjGPCJlzooN5_6zdi7G4ofdmb6oUdtfnodaJC-ir591mQoOdxu6iLSSzqAGuli5flGOw8WdFFKw9zgIHjKbtx5BX44LXg\" alt=\"\"\/><\/figure>\n<\/div>\n\n\n<p>Na Figura VI se apresenta a localiza\u00e7\u00e3o dos \u00f3rg\u00e3os que constituem a Esfera Intelectual: observa\u00e7\u00e3o concreta na \u00e1rea 46, a observa\u00e7\u00e3o abstrata na \u00e1rea 10, a dedu\u00e7\u00e3o na \u00e1rea 9, a indu\u00e7\u00e3o na 8, a express\u00e3o nas \u00e1reas 44, 45 e bondade na \u00e1rea 6.<\/p>\n\n\n\n<h6 class=\"has-text-align-center wp-block-heading\"><strong>Figura VI \u2013 Lobo frontal humano<\/strong><\/h6>\n\n\n<div class=\"wp-block-image\">\n<figure class=\"aligncenter\"><img decoding=\"async\" src=\"https:\/\/lh7-us.googleusercontent.com\/ViuDUiDVMF0RL0CfqemzxIX_-C14tZ_lJ5L5MYtmXdm7g7vwjhdr5RGhV1T1NCbRN0g6vVcStd8fnJKqyGJ5MRQgeMqFkho6mOsls3TMtik1wzc6LNjvNixdXq5q90z2HIEblRihW4HNnqrTMBihEQ\" alt=\"\"\/><\/figure>\n<\/div>\n\n\n<p>Na Figura VII se mostra a reg\u00eancia de uma \u00e1rea cortical sobre as outras. Assim, a \u00e1rea 18 rege a 38, a \u00e1rea 8 rege a 18 (visual motora). Cortando o campo 8 do macaco ele perde a no\u00e7\u00e3o dos objetos. A parte da afetividade \u00e9 fundamental, assim o indiv\u00edduo pode ter uma redu\u00e7\u00e3o importante da sua capacidade mental por altera\u00e7\u00e3o profunda da afetividade. Na atrofia cerebelar cong\u00eanita n\u00e3o se revela nenhum quadro porque as zonas outras a suprem.<\/p>\n\n\n\n<h6 class=\"has-text-align-center wp-block-heading\"><strong>Figura VII \u2013 C\u00e9rebro de chimpanz\u00e9 mostrando a reg\u00eancia de uma \u00e1rea&nbsp;<\/strong><\/h6>\n\n\n\n<h6 class=\"has-text-align-center wp-block-heading\"><strong>cortical sobre as outras<\/strong><\/h6>\n\n\n<div class=\"wp-block-image\">\n<figure class=\"aligncenter\"><img decoding=\"async\" src=\"https:\/\/lh7-us.googleusercontent.com\/5-naHYZ8fJdQTUZcfYG_QscqrZeExd8izDcgC2AsPpnO6Lsy2sllVwp6frqPGCaKtiUV_pXqwdk9V1E3csE951FcITpaMQ1mG9YxVt7Zvov77M690MuZPBmS_FHe2l6BXm-c0XrEtduv2uNgVT0Rkw\" alt=\"\"\/><\/figure>\n<\/div>\n\n\n<h6 class=\"wp-block-heading\"><strong><sub><sup>\u00b9&nbsp;Aula de An\u00edbal Silveira, proferida em Campinas em 12 de junho de 1969, sem refer\u00eancia a quem a compilou. Revisto em 18\/04\/22 por integrantes da Comiss\u00e3o de Revis\u00e3o do CEPAS: Flavio Vivacqua, Francisco Drumond de Moura, Paulo Palladini e Roberto Fasano.<\/sup><\/sub><\/strong><\/h6>","protected":false},"excerpt":{"rendered":"<p>SISTEMAS PS\u00cdQUICOS \u2013 CORRELA\u00c7\u00d5ES NEUROFISIOL\u00d3GICAS Comte caracteriza a personalidade como o resultado do arranjo de um conjunto de dezoito fun\u00e7\u00f5es espec\u00edficas do c\u00e9rebro, representada por \u00f3rg\u00e3os cerebrais, que trabalham em harmonia, resultando no trabalho mental. Esse mecanismo todo s\u00f3 pode ser dissociado por abstra\u00e7\u00e3o. Gall foi o primeiro autor a demonstrar que: os \u00f3rg\u00e3os s\u00e3o [&hellip;]<\/p>\n","protected":false},"author":8,"featured_media":0,"parent":0,"menu_order":0,"comment_status":"closed","ping_status":"closed","template":"","meta":{"footnotes":""},"categories":[],"tags":[],"class_list":["post-956","page","type-page","status-publish","hentry"],"_links":{"self":[{"href":"https:\/\/anibalsilveira.org\/en\/wp-json\/wp\/v2\/pages\/956","targetHints":{"allow":["GET"]}}],"collection":[{"href":"https:\/\/anibalsilveira.org\/en\/wp-json\/wp\/v2\/pages"}],"about":[{"href":"https:\/\/anibalsilveira.org\/en\/wp-json\/wp\/v2\/types\/page"}],"author":[{"embeddable":true,"href":"https:\/\/anibalsilveira.org\/en\/wp-json\/wp\/v2\/users\/8"}],"replies":[{"embeddable":true,"href":"https:\/\/anibalsilveira.org\/en\/wp-json\/wp\/v2\/comments?post=956"}],"version-history":[{"count":3,"href":"https:\/\/anibalsilveira.org\/en\/wp-json\/wp\/v2\/pages\/956\/revisions"}],"predecessor-version":[{"id":2046,"href":"https:\/\/anibalsilveira.org\/en\/wp-json\/wp\/v2\/pages\/956\/revisions\/2046"}],"wp:attachment":[{"href":"https:\/\/anibalsilveira.org\/en\/wp-json\/wp\/v2\/media?parent=956"}],"wp:term":[{"taxonomy":"category","embeddable":true,"href":"https:\/\/anibalsilveira.org\/en\/wp-json\/wp\/v2\/categories?post=956"},{"taxonomy":"post_tag","embeddable":true,"href":"https:\/\/anibalsilveira.org\/en\/wp-json\/wp\/v2\/tags?post=956"}],"curies":[{"name":"wp","href":"https:\/\/api.w.org\/{rel}","templated":true}]}}