{"id":1055,"date":"2024-03-17T14:16:08","date_gmt":"2024-03-17T17:16:08","guid":{"rendered":"https:\/\/anibalsilveira.org\/?page_id=1055"},"modified":"2024-03-17T14:16:08","modified_gmt":"2024-03-17T17:16:08","slug":"disturbios-locais-e-de-repercussao-de-areas-occipitais","status":"publish","type":"page","link":"https:\/\/anibalsilveira.org\/fr\/disturbios-locais-e-de-repercussao-de-areas-occipitais\/","title":{"rendered":"DIST\u00daRBIOS, LOCAIS E DE REPERCUSS\u00c3O, DE \u00c1REAS OCCIPITAIS"},"content":{"rendered":"<h5 class=\"has-text-align-center wp-block-heading\"><strong>DIST\u00daRBIOS, LOCAIS E DE REPERCUSS\u00c3O, DE \u00c1REAS OCCIPITAIS<\/strong><\/h5>\n\n\n\n<h5 class=\"has-text-align-center wp-block-heading\"><strong>(An\u00edbal Silveira)<\/strong>\u00b9<\/h5>\n\n\n\n<h5 class=\"has-text-align-center wp-block-heading\">Campinas, SP<\/h5>\n\n\n\n<h5 class=\"has-text-align-center wp-block-heading\">RESUMO\u00b2<\/h5>\n\n\n\n<p>A pneumoencefalografia (PEG) revelou altera\u00e7\u00f5es predominantes na regi\u00e3o occipital em 15 pacientes com a s\u00edndrome psiqui\u00e1trica occipital: a) 4 com quadro concordante, que n\u00e3o foram reexaminados ap\u00f3s suficiente intervalo; b) 6 cujo quadro tamb\u00e9m concordante progrediu para a s\u00edndrome parieto-occipital segundo revis\u00f5es psiqui\u00e1trico-encefalogr\u00e1ficas; c) 5 com s\u00edndrome frontal diagnosticada como de repercuss\u00e3o de altera\u00e7\u00f5es occipitais, j\u00e1 no primeiro exame psiqui\u00e1trico (Quadro III).<\/p>\n\n\n\n<p>Inversamente, examinando, tamb\u00e9m \u00e0s cegas, 10 pacientes com altera\u00e7\u00f5es pneumoencefalogr\u00e1ficas occipitais predominantes, encontramos um grupo com sintomas localizat\u00f3rios, 12, concordantes (Quadro IV).&nbsp;<\/p>\n\n\n\n<p>Anexando ao lobo occipital, em sentido estricto, os campos 7 e 30 de Brodmann, clinicamente associados, ter\u00edamos na s\u00edndrome occipital: a) um quadro intr\u00ednseco, com transtornos afetivos da personalidade, e b) um quadro de repercuss\u00e3o conativa e intelectual, por altera\u00e7\u00f5es das regi\u00f5es parieto-temporal e frontal, respectivamente. Confrontamos os processos ps\u00edquicos normais e os dist\u00farbios correspondentes (Quadro V): Reg\u00eancia afetiva do pensamento: Del\u00edrio \u2013 m\u00edstico, de ci\u00fame -; Preens\u00e3o orientada: colecionismo; no\u00e7\u00e3o tridimensional do espa\u00e7o: Desorienta\u00e7\u00e3o espacial; Leitura: Alexia; C\u00e1lculo: Acalculia; No\u00e7\u00e3o de cor e, visual, de forma: Agnosia visual; (<strong>Rea\u00e7\u00e3o parieto-occipital<\/strong> \u2013 Constru\u00e7\u00e3o: Apraxia de constru\u00e7\u00e3o (Kleist); Destrutividade; A\u00e7\u00e3o coordenada: Apraxia ideocin\u00e9tica; Escrita: Agrafia; Discrimina\u00e7\u00e3o t\u00e1ctil: Agnosia t\u00e1ctil, Disestesia; Olhar: Incapacidade de dirigir o olhas; Vista: escotomas centrais.<\/p>\n\n\n\n<h6 class=\"wp-block-heading\"><strong><sub><sup>\u00b9Chefe do Departamento de Psicologia M\u00e9dica e Psiquiatria, Faculdade de Ci\u00eancias M\u00e9dicas, Universidade Estadual de Campinas, SP.<\/sup><\/sub><\/strong><\/h6>\n\n\n\n<h6 class=\"wp-block-heading\"><strong><sub><sup>\u00b2\u00a0Comunica\u00e7\u00e3o ao 4.\u00ba Congresso Brasileiro de Neurologia, Porto Alegre, RS, a 6 de julho de 1970.<\/sup><\/sub><\/strong><\/h6>","protected":false},"excerpt":{"rendered":"<p>DIST\u00daRBIOS, LOCAIS E DE REPERCUSS\u00c3O, DE \u00c1REAS OCCIPITAIS (An\u00edbal Silveira)\u00b9 Campinas, SP RESUMO\u00b2 A pneumoencefalografia (PEG) revelou altera\u00e7\u00f5es predominantes na regi\u00e3o occipital em 15 pacientes com a s\u00edndrome psiqui\u00e1trica occipital: a) 4 com quadro concordante, que n\u00e3o foram reexaminados ap\u00f3s suficiente intervalo; b) 6 cujo quadro tamb\u00e9m concordante progrediu para a s\u00edndrome parieto-occipital segundo revis\u00f5es [&hellip;]<\/p>\n","protected":false},"author":8,"featured_media":0,"parent":0,"menu_order":0,"comment_status":"closed","ping_status":"closed","template":"","meta":{"footnotes":""},"categories":[],"tags":[],"class_list":["post-1055","page","type-page","status-publish","hentry"],"_links":{"self":[{"href":"https:\/\/anibalsilveira.org\/fr\/wp-json\/wp\/v2\/pages\/1055","targetHints":{"allow":["GET"]}}],"collection":[{"href":"https:\/\/anibalsilveira.org\/fr\/wp-json\/wp\/v2\/pages"}],"about":[{"href":"https:\/\/anibalsilveira.org\/fr\/wp-json\/wp\/v2\/types\/page"}],"author":[{"embeddable":true,"href":"https:\/\/anibalsilveira.org\/fr\/wp-json\/wp\/v2\/users\/8"}],"replies":[{"embeddable":true,"href":"https:\/\/anibalsilveira.org\/fr\/wp-json\/wp\/v2\/comments?post=1055"}],"version-history":[{"count":1,"href":"https:\/\/anibalsilveira.org\/fr\/wp-json\/wp\/v2\/pages\/1055\/revisions"}],"predecessor-version":[{"id":1058,"href":"https:\/\/anibalsilveira.org\/fr\/wp-json\/wp\/v2\/pages\/1055\/revisions\/1058"}],"wp:attachment":[{"href":"https:\/\/anibalsilveira.org\/fr\/wp-json\/wp\/v2\/media?parent=1055"}],"wp:term":[{"taxonomy":"category","embeddable":true,"href":"https:\/\/anibalsilveira.org\/fr\/wp-json\/wp\/v2\/categories?post=1055"},{"taxonomy":"post_tag","embeddable":true,"href":"https:\/\/anibalsilveira.org\/fr\/wp-json\/wp\/v2\/tags?post=1055"}],"curies":[{"name":"wp","href":"https:\/\/api.w.org\/{rel}","templated":true}]}}