{"id":1059,"date":"2024-03-17T14:18:18","date_gmt":"2024-03-17T17:18:18","guid":{"rendered":"https:\/\/anibalsilveira.org\/?page_id=1059"},"modified":"2024-03-17T14:18:18","modified_gmt":"2024-03-17T17:18:18","slug":"parieto-temporal-regulation-of-frontal-lobe-functions","status":"publish","type":"page","link":"https:\/\/anibalsilveira.org\/fr\/parieto-temporal-regulation-of-frontal-lobe-functions\/","title":{"rendered":"PARIETO-TEMPORAL REGULATION OF FRONTAL LOBE FUNCTIONS"},"content":{"rendered":"<h5 class=\"has-text-align-center wp-block-heading\">PARIETO-TEMPORAL REGULATION OF FRONTAL LOBE FUNCTIONS<\/h5>\n\n\n\n<h5 class=\"has-text-align-center wp-block-heading\">(An\u00edbal Silveira)<\/h5>\n\n\n\n<h5 class=\"has-text-align-center wp-block-heading\">Department of Psychiatry, Faculty of Medicine of Jundia\u00ed and Juqueri State Hospital, S\u00e3o Paulo, SP, Brazil<\/h5>\n\n\n\n<p>According to the personality theory we follow, all mental functions are so interweaved that, normally, no one activity whatsoever, be it subjective or overt, might disclose which part each one is playing. However, in the psychic structure, some of such functions are of utmost importance and some are dependent on the former, thus evolving a functional hierarchy. This results in psychical systems, working harmoniously and assembled into larger units, the three personality spheres. Correlate to these composite units are the cortical areas and paths, already evidenced by neurophysiology, and cerebral regions, respectively. Hence, by resorting to psychic dynamics, and the neurophysiologic and anatomo-clinical data, we may recognize the frontal lobe functions \u2013 concrete and abstract observation, inductive and deductive thinking, communication \u2013 as well as their conative and affective regulation, which imply parieto-temporal, parieto-occipital, and occipital dynamisms. We single out here communication\u2019s disorders linked to parieto-temporal foci: nominal, \u201camnestic\u201d, and sensorial aphasia (1 patient of each), meaning failure of abstract thinking; paraphasia and schizophasia (1 o each) by added liberation of speech; palilalia (1), by perseveration.<\/p>\n\n\n\n<h5 class=\"has-text-align-center wp-block-heading\">REGULA\u00c7\u00c3O PARIETO-TEMPORAL DAS FUN\u00c7\u00d5ES DO LOBO FRONTAL<\/h5>\n\n\n\n<h5 class=\"has-text-align-center wp-block-heading\">(An\u00edbal Silveira)<\/h5>\n\n\n\n<h5 class=\"has-text-align-center wp-block-heading\">Departamento de Psiquiatria, Faculdade de Medicina de Jundia\u00ed e Hospital Estadual Juqueri, S\u00e3o Paulo, SP, Brasil<\/h5>\n\n\n\n<p>De acordo com a teoria da personalidade que seguimos, todas as fun\u00e7\u00f5es mentais est\u00e3o t\u00e3o entrela\u00e7adas que, normalmente, nenhuma atividade, seja ela subjetiva ou aberta, pode revelar qual papel cada uma est\u00e1 desempenhando. No entanto, na estrutura ps\u00edquica, algumas dessas fun\u00e7\u00f5es s\u00e3o de extrema import\u00e2ncia e outras s\u00e3o dependentes daquelas, desenvolvendo assim uma hierarquia funcional. Isso resulta em sistemas ps\u00edquicos, trabalhando harmoniosamente e reunidos em unidades maiores, as tr\u00eas esferas da personalidade. Correlatos a essas unidades compostas est\u00e3o as \u00e1reas e vias corticais, j\u00e1 evidenciados pela neurofisiologia, e regi\u00f5es cerebrais, respectivamente. Assim, recorrendo \u00e0 din\u00e2mica ps\u00edquica, e aos dados neurofisiol\u00f3gicos e an\u00e1tomo-cl\u00ednicos, podemos reconhecer as fun\u00e7\u00f5es do lobo frontal \u2013 observa\u00e7\u00e3o concreta e abstrata, elabora\u00e7\u00e3o indutiva e dedutiva, comunica\u00e7\u00e3o \u2013 bem como a sua regula\u00e7\u00e3o conativa e afetiva, que implica dinamismos parieto-temporais, parieto-occipitais e occipitais. Destacamos aqui os dist\u00farbios da comunica\u00e7\u00e3o ligados a focos parieto-temporais: afasia nominal, afasia \u201camn\u00e9sica\u201d e sensorial (1 paciente de cada), significando falha do pensamento abstrato; parafasia e esquizofasia (1 o cada) pela libera\u00e7\u00e3o adicional da fala; palilalia (1), por persevera\u00e7\u00e3o.<\/p>","protected":false},"excerpt":{"rendered":"<p>PARIETO-TEMPORAL REGULATION OF FRONTAL LOBE FUNCTIONS (An\u00edbal Silveira) Department of Psychiatry, Faculty of Medicine of Jundia\u00ed and Juqueri State Hospital, S\u00e3o Paulo, SP, Brazil According to the personality theory we follow, all mental functions are so interweaved that, normally, no one activity whatsoever, be it subjective or overt, might disclose which part each one is [&hellip;]<\/p>\n","protected":false},"author":8,"featured_media":0,"parent":0,"menu_order":0,"comment_status":"closed","ping_status":"closed","template":"","meta":{"footnotes":""},"categories":[],"tags":[],"class_list":["post-1059","page","type-page","status-publish","hentry"],"_links":{"self":[{"href":"https:\/\/anibalsilveira.org\/fr\/wp-json\/wp\/v2\/pages\/1059","targetHints":{"allow":["GET"]}}],"collection":[{"href":"https:\/\/anibalsilveira.org\/fr\/wp-json\/wp\/v2\/pages"}],"about":[{"href":"https:\/\/anibalsilveira.org\/fr\/wp-json\/wp\/v2\/types\/page"}],"author":[{"embeddable":true,"href":"https:\/\/anibalsilveira.org\/fr\/wp-json\/wp\/v2\/users\/8"}],"replies":[{"embeddable":true,"href":"https:\/\/anibalsilveira.org\/fr\/wp-json\/wp\/v2\/comments?post=1059"}],"version-history":[{"count":1,"href":"https:\/\/anibalsilveira.org\/fr\/wp-json\/wp\/v2\/pages\/1059\/revisions"}],"predecessor-version":[{"id":1062,"href":"https:\/\/anibalsilveira.org\/fr\/wp-json\/wp\/v2\/pages\/1059\/revisions\/1062"}],"wp:attachment":[{"href":"https:\/\/anibalsilveira.org\/fr\/wp-json\/wp\/v2\/media?parent=1059"}],"wp:term":[{"taxonomy":"category","embeddable":true,"href":"https:\/\/anibalsilveira.org\/fr\/wp-json\/wp\/v2\/categories?post=1059"},{"taxonomy":"post_tag","embeddable":true,"href":"https:\/\/anibalsilveira.org\/fr\/wp-json\/wp\/v2\/tags?post=1059"}],"curies":[{"name":"wp","href":"https:\/\/api.w.org\/{rel}","templated":true}]}}