{"id":1079,"date":"2024-04-09T18:36:25","date_gmt":"2024-04-09T21:36:25","guid":{"rendered":"https:\/\/anibalsilveira.org\/?page_id=1079"},"modified":"2024-06-24T20:29:36","modified_gmt":"2024-06-24T23:29:36","slug":"debates-contemporaneos","status":"publish","type":"page","link":"https:\/\/anibalsilveira.org\/fr\/debates-contemporaneos\/","title":{"rendered":"Destaques"},"content":{"rendered":"<ul class=\"wp-block-list\">\n<li><a href=\"https:\/\/anibalsilveira.org\/another-psychiatry-is-possible\/\"><strong>\u201cAnother\u201d psychiatry is possible?<\/strong><\/a><\/li>\n\n\n\n<li><a href=\"https:\/\/anibalsilveira.org\/introducao-a-psiquiatria-sociologica-2\/\"><strong>Introdu\u00e7\u00e3o \u00e0 Psiquiatria Sociol\u00f3gica<\/strong><\/a><\/li>\n\n\n\n<li><strong><a href=\"https:\/\/anibalsilveira.org\/introducao-a-teoria-sociologica-da-personalidade\/\">Introdu\u00e7\u00e3o \u00e0 Teoria Sociol\u00f3gica da Personalidade<\/a><\/strong><\/li>\n<\/ul>\n\n\n\n<ul class=\"wp-block-list\">\n<li><strong><a href=\"https:\/\/anibalsilveira.org\/plano-de-trabalho-2024-2025\/\">Plano de Trabalho 2024\/2025<\/a><\/strong><\/li>\n<\/ul>\n\n\n\n<p class=\"has-text-align-left\"><strong>Metas para 2024<\/strong>:<\/p>\n\n\n\n<ul class=\"wp-block-list\">\n<li><strong><a href=\"https:\/\/anibalsilveira.org\/introducao-a-teoria-sociologica-da-personalidade\/\">Introdu\u00e7\u00e3o \u00e0 Teoria Sociol\u00f3gica da Personalidade<\/a><\/strong><\/li>\n\n\n\n<li><strong><a href=\"https:\/\/anibalsilveira.org\/introducao-ao-estudo-da-relacao-entre-os-sistemas-cerebrais-e-os-sistemas-psiquicos\/\">Introdu\u00e7\u00e3o ao estudo da rela\u00e7\u00e3o entre os sistemas cerebrais e os sistemas ps\u00edquicos.<\/a><\/strong><\/li>\n\n\n\n<li><a href=\"https:\/\/anibalsilveira.org\/introducao-a-psiquiatria-sociologica-2\/\"><strong>Introdu\u00e7\u00e3o \u00e0 Psiquiatria Sociol\u00f3gica<\/strong><\/a><\/li>\n\n\n\n<li><a href=\"https:\/\/anibalsilveira.org\/abordagens-de-atencao-a-crise-de-base-comunitaria-e-familiar-3\/\"><strong>Abordagem de aten\u00e7\u00e3o \u00e0 crise de base comunit\u00e1ria e familiar: a estrat\u00e9gia do Open Dialogue<\/strong><\/a><\/li>\n\n\n\n<li><a href=\"https:\/\/anibalsilveira.org\/o-sofrimento-psiquico-de-auguste-comte-uma-revisao-2\/\"><strong>O sofrimento ps\u00edquico de Auguste Comte: uma revis\u00e3o.<\/strong><\/a><\/li>\n\n\n\n<li><a href=\"https:\/\/anibalsilveira.org\/importancia-do-diagnostico-orientado-pela-patogenese-na-pesquisa-sobre-a-genetica-das-psicoses-endogenas-2\/\"><strong>Import\u00e2ncia do diagn\u00f3stico orientado pela patog\u00eanese na pesquisa sobre a gen\u00e9tica das psicoses end\u00f3genas.<\/strong><\/a><\/li>\n\n\n\n<li><strong><a href=\"https:\/\/anibalsilveira.org\/uso-da-estimulacao-magnetica-transcraniana-orientada-pela-analise-dos-sistemas-cerebrais-envolvidos-na-patogenese-do-sofrimento-psiquico\/\">Uso da Estimula\u00e7\u00e3o Magn\u00e9tica Transcraniana orientada pela an\u00e1lise dos sistemas cerebrais envolvidos na patog\u00eanese do sofrimento ps\u00edquico<\/a><\/strong><\/li>\n<\/ul>\n\n\n\n<p><strong>Metas para 2025:<\/strong><\/p>\n\n\n\n<ul class=\"wp-block-list\">\n<li>Alguns aspectos te\u00f3ricos e metodol\u00f3gicos do estudo da rela\u00e7\u00e3o entre o c\u00e9rebro e as fun\u00e7\u00f5es ps\u00edquicas de import\u00e2ncia para o Projeto Conectoma Humano.<\/li>\n\n\n\n<li>A quest\u00e3o da Neurodiversidade e do Espectro Autista.<\/li>\n\n\n\n<li>Dinamismos psicol\u00f3gicos envolvidos na patog\u00eanese do Burnout<\/li>\n\n\n\n<li>Papel dos sistemas cerebrais dopamin\u00e9rgicos na din\u00e2mica ps\u00edquica<\/li>\n\n\n\n<li>Sistemas cerebrais e din\u00e2mica ps\u00edquica<\/li>\n\n\n\n<li>Reg\u00eancia e din\u00e2mica do processo de forma\u00e7\u00e3o e da funcionalidade cerebral: papel do cerebelo e do sistema glio-astrocital.<\/li>\n\n\n\n<li>An\u00e1lise cr\u00edtica dos DSMs 4 e 5 sob o ponto de vista da patog\u00eanese dos quadros cl\u00ednicos no campo da Psiquiatria.<\/li>\n\n\n\n<li>Intera\u00e7\u00e3o da din\u00e2mica social com as disposi\u00e7\u00f5es fisiogen\u00e9ticas na patog\u00eanese do sofrimento ps\u00edquico.<\/li>\n<\/ul>","protected":false},"excerpt":{"rendered":"<p>Metas para 2024: Metas para 2025:<\/p>","protected":false},"author":8,"featured_media":0,"parent":0,"menu_order":0,"comment_status":"closed","ping_status":"closed","template":"","meta":{"footnotes":""},"categories":[],"tags":[],"class_list":["post-1079","page","type-page","status-publish","hentry"],"_links":{"self":[{"href":"https:\/\/anibalsilveira.org\/fr\/wp-json\/wp\/v2\/pages\/1079","targetHints":{"allow":["GET"]}}],"collection":[{"href":"https:\/\/anibalsilveira.org\/fr\/wp-json\/wp\/v2\/pages"}],"about":[{"href":"https:\/\/anibalsilveira.org\/fr\/wp-json\/wp\/v2\/types\/page"}],"author":[{"embeddable":true,"href":"https:\/\/anibalsilveira.org\/fr\/wp-json\/wp\/v2\/users\/8"}],"replies":[{"embeddable":true,"href":"https:\/\/anibalsilveira.org\/fr\/wp-json\/wp\/v2\/comments?post=1079"}],"version-history":[{"count":39,"href":"https:\/\/anibalsilveira.org\/fr\/wp-json\/wp\/v2\/pages\/1079\/revisions"}],"predecessor-version":[{"id":2604,"href":"https:\/\/anibalsilveira.org\/fr\/wp-json\/wp\/v2\/pages\/1079\/revisions\/2604"}],"wp:attachment":[{"href":"https:\/\/anibalsilveira.org\/fr\/wp-json\/wp\/v2\/media?parent=1079"}],"wp:term":[{"taxonomy":"category","embeddable":true,"href":"https:\/\/anibalsilveira.org\/fr\/wp-json\/wp\/v2\/categories?post=1079"},{"taxonomy":"post_tag","embeddable":true,"href":"https:\/\/anibalsilveira.org\/fr\/wp-json\/wp\/v2\/tags?post=1079"}],"curies":[{"name":"wp","href":"https:\/\/api.w.org\/{rel}","templated":true}]}}