{"id":1084,"date":"2024-04-09T18:39:51","date_gmt":"2024-04-09T21:39:51","guid":{"rendered":"https:\/\/anibalsilveira.org\/?page_id=1084"},"modified":"2024-04-25T20:15:26","modified_gmt":"2024-04-25T23:15:26","slug":"agenda-de-congressos-e-encontros-cientificos","status":"publish","type":"page","link":"https:\/\/anibalsilveira.org\/fr\/agenda-de-congressos-e-encontros-cientificos\/","title":{"rendered":"Agenda de Congressos e Encontros Cient\u00edficos"},"content":{"rendered":"<p><strong>Congressos:<\/strong><\/p>\n\n\n\n<ol class=\"wp-block-list\"><li>1\u00aa Confer\u00eancia Portuguesa sobre Estimula\u00e7\u00e3o Cerebral em Sa\u00fade Mental, promovido pela Sociedade Portuguesa de Psiquiatria e Sa\u00fade Mental (SPPSM), no dia 10 de abril de 2024.<\/li><li>6th European Conference on Brain Stimulation in Mental Health, que ocorrer\u00e1 nos dias 11 e 12 de abril de 2024.<\/li><li>VI Congresso Internacional Novas Abordagens em Sa\u00fade Mental Infantojuvenil, ser\u00e1 realizado de 26 a 27 de abril em Curitiba.<\/li><li>A Sec\u00e7\u00e3o de Psicopatologia e Filosofia da Psiquiatria, da Sociedade Portuguesa de Psiquiatria e Sa\u00fade Mental (SPPSM), vai realizar o seu 2.\u00ba Encontro da Sec\u00e7\u00e3o de Psicopatologia e Filosofia da Psiquiatria no dia 3 de maio, em Lisboa. Para mais informa\u00e7\u00f5es entre em contacto atrav\u00e9s do email: <a href=\"mailto:sppsm.secretariado@gmail.com\">sppsm.secretariado@gmail.com<\/a><\/li><li>Encontro Anual da IACAPAP (Association for Child and Adolescent Psychiatry and Allied Professions), Rio de Janeiro, Brasil, nos dias 20 a 24 de maio de 2024. Informa\u00e7\u00f5es: https:\/\/www.iacapap2024.com\/index.php<\/li><li>III Congresso Internacional: Novas Abordagens em Sa\u00fade Mental, Belo Horizonte\/MG nos dias 21 e 22 de maio. Mais informa\u00e7\u00f5es: <a href=\"https:\/\/cenatsaudemental.com\/congressocuritiba\">https:\/\/cenatsaudemental.com\/congressocuritiba<\/a><\/li><li>A Sec\u00e7\u00e3o de Interven\u00e7\u00e3o Precoce na Psicose, da Sociedade Portuguesa de Psiquiatria e Sa\u00fade Mental (SPPSM), vai realizar o seu 9.\u00ba Encontro Nacional de Interven\u00e7\u00e3o Precoce na Psicose \u2013 Primeiro Epis\u00f3dio Psic\u00f3tico nos dias 23 e 24 de maio de 2024, em Gaia. As inscri\u00e7\u00f5es e a submiss\u00e3o de trabalhos online dever\u00e3o ser feitas at\u00e9 dia 30 de abril de 2024, atrav\u00e9s do link: <a href=\"https:\/\/www.admedic.pt\/eventos\/9-encontro-nacional-intervencao-precoce-na-psicose-primeiro-episodio-psicotico.html\">https:\/\/www.admedic.pt\/eventos\/9-encontro-nacional-intervencao-precoce-na-psicose-primeiro-episodio-psicotico.html<\/a><\/li><li>I Congresso Internacional: Boas Praticas em Sa\u00fade Mental, que acontecer\u00e1 nos dias 24 e 25 de maio de 2024 em Joinville\/SC. Mais informa\u00e7\u00f5es: <a href=\"https:\/\/cenatsaudemental.com\/congressosmsjrp\">https:\/\/cenatsaudemental.com\/congressosmsjrp<\/a><\/li><li>V Congresso Internacional: Boas Pr\u00e1ticas em Sa\u00fade Mental, que acontecer\u00e1 nos dias 18 e 19 de junho de 2024 em Salvador\/BA. Informa\u00e7\u00f5es: <a href=\"https:\/\/cenatsaudemental.com\/smvitoria\">https:\/\/cenatsaudemental.com\/smvitoria<\/a><\/li><li>Brain Congress 2024 \u2013 Brain, Behavior and Emotions, Rio de Janeiro, de 26 a 29 de Junho de 2024. Mais informa\u00e7\u00f5es: <a href=\"https:\/\/braincongress.com.br\/index.php#\">https:\/\/braincongress.com.br\/index.php#<\/a><\/li><li>XVIII Congresso Nacional de Psiquiatria 2024, promovido pela Sociedade Portuguesa de Psiquiatria e Sa\u00fade Mental (SPPSM), entre os dias 16 e 19 de outubro de 2024, Pal\u00e1cio de Congressos do Algarve, Albufeira. Tema: \u201cFronteiras da evid\u00eancia em Psiquiatria: a tangibilidade do objetivo, subjetivo ou equ\u00edvoco\u201d.<\/li><li>XLI CBP. Congresso Brasileiro de Psiquiatria, de 23 a 26 de outubro, Brasilia. Informa\u00e7\u00f5es: <a href=\"https:\/\/mla.bs\/2c12303c\">https:\/\/mla.bs\/2c12303c<\/a><\/li><li>O 24.\u00ba Congresso Mundial de Psiquiatria realizar-se-\u00e1 de 14 a 17 de novembro de 2024, na Cidade do M\u00e9xico, no M\u00e9xico. O prazo para a submiss\u00e3o de Abstracts termina no dia 6 de maio de 2024.<\/li><li>9\u00ba Congresso Brasileiro de Sa\u00fade Mental, 15-17 de novembro, Bel\u00e9m\/Par\u00e1<\/li><\/ol>","protected":false},"excerpt":{"rendered":"<p>Congressos: 1\u00aa Confer\u00eancia Portuguesa sobre Estimula\u00e7\u00e3o Cerebral em Sa\u00fade Mental, promovido pela Sociedade Portuguesa de Psiquiatria e Sa\u00fade Mental (SPPSM), no dia 10 de abril de 2024. 6th European Conference on Brain Stimulation in Mental Health, que ocorrer\u00e1 nos dias 11 e 12 de abril de 2024. VI Congresso Internacional Novas Abordagens em Sa\u00fade Mental [&hellip;]<\/p>\n","protected":false},"author":8,"featured_media":0,"parent":0,"menu_order":0,"comment_status":"closed","ping_status":"closed","template":"","meta":{"footnotes":""},"categories":[],"tags":[],"class_list":["post-1084","page","type-page","status-publish","hentry"],"_links":{"self":[{"href":"https:\/\/anibalsilveira.org\/fr\/wp-json\/wp\/v2\/pages\/1084","targetHints":{"allow":["GET"]}}],"collection":[{"href":"https:\/\/anibalsilveira.org\/fr\/wp-json\/wp\/v2\/pages"}],"about":[{"href":"https:\/\/anibalsilveira.org\/fr\/wp-json\/wp\/v2\/types\/page"}],"author":[{"embeddable":true,"href":"https:\/\/anibalsilveira.org\/fr\/wp-json\/wp\/v2\/users\/8"}],"replies":[{"embeddable":true,"href":"https:\/\/anibalsilveira.org\/fr\/wp-json\/wp\/v2\/comments?post=1084"}],"version-history":[{"count":5,"href":"https:\/\/anibalsilveira.org\/fr\/wp-json\/wp\/v2\/pages\/1084\/revisions"}],"predecessor-version":[{"id":2018,"href":"https:\/\/anibalsilveira.org\/fr\/wp-json\/wp\/v2\/pages\/1084\/revisions\/2018"}],"wp:attachment":[{"href":"https:\/\/anibalsilveira.org\/fr\/wp-json\/wp\/v2\/media?parent=1084"}],"wp:term":[{"taxonomy":"category","embeddable":true,"href":"https:\/\/anibalsilveira.org\/fr\/wp-json\/wp\/v2\/categories?post=1084"},{"taxonomy":"post_tag","embeddable":true,"href":"https:\/\/anibalsilveira.org\/fr\/wp-json\/wp\/v2\/tags?post=1084"}],"curies":[{"name":"wp","href":"https:\/\/api.w.org\/{rel}","templated":true}]}}