{"id":1088,"date":"2024-04-09T18:41:47","date_gmt":"2024-04-09T21:41:47","guid":{"rendered":"https:\/\/anibalsilveira.org\/?page_id=1088"},"modified":"2024-06-22T11:25:54","modified_gmt":"2024-06-22T14:25:54","slug":"artigos-e-trabalhos-apresentados","status":"publish","type":"page","link":"https:\/\/anibalsilveira.org\/fr\/artigos-e-trabalhos-apresentados\/","title":{"rendered":"Livros, artigos e trabalhos apresentados"},"content":{"rendered":"<ul class=\"wp-block-list\">\n<li><a href=\"https:\/\/anibalsilveira.org\/patogenese-uma-introducao-ao-pensamento-de-anibal-silveira\/\"><strong>Patog\u00eanese. Uma introdu\u00e7\u00e3o ao pensamento de Anibal Silveira. Paulo Palladini, 2010<\/strong><\/a><\/li>\n\n\n\n<li><a href=\"https:\/\/anibalsilveira.org\/formacao-em-psiquiatria-centrada-na-atuacao-do-clinico-geral-e-do-psiquiatra-no-ambito-da-atencao-publica-em-saude-mental\/\"><strong>Forma\u00e7\u00e3o em Psiquiatria centrada na atua\u00e7\u00e3o do cl\u00ednico geral e do psiquiatra no \u00e2mbito da aten\u00e7\u00e3o p\u00fablica em sa\u00fade mental, Francisco Drumond de Moura, Paulo Palladini, Roberto Fasano Neto, 2024.<\/strong><\/a><\/li>\n\n\n\n<li><a href=\"https:\/\/anibalsilveira.org\/introduccion-a-la-psicopatologia-general-segun-los-criterios-patogeneticos-de-anibal-silveira\/\" data-type=\"link\" data-id=\"https:\/\/anibalsilveira.org\/introduccion-a-la-psicopatologia-general-segun-los-criterios-patogeneticos-de-anibal-silveira\/\"><strong>Introducci\u00f3n a la Psicopatolog\u00eda general seg\u00fan los crit\u00e9rios patogen\u00e9ticos de An\u00edbal Silveira. Roberto Fasano Neto, 2010<\/strong><\/a><\/li>\n<\/ul>","protected":false},"excerpt":{"rendered":"","protected":false},"author":8,"featured_media":0,"parent":0,"menu_order":0,"comment_status":"closed","ping_status":"closed","template":"","meta":{"footnotes":""},"categories":[],"tags":[],"class_list":["post-1088","page","type-page","status-publish","hentry"],"_links":{"self":[{"href":"https:\/\/anibalsilveira.org\/fr\/wp-json\/wp\/v2\/pages\/1088","targetHints":{"allow":["GET"]}}],"collection":[{"href":"https:\/\/anibalsilveira.org\/fr\/wp-json\/wp\/v2\/pages"}],"about":[{"href":"https:\/\/anibalsilveira.org\/fr\/wp-json\/wp\/v2\/types\/page"}],"author":[{"embeddable":true,"href":"https:\/\/anibalsilveira.org\/fr\/wp-json\/wp\/v2\/users\/8"}],"replies":[{"embeddable":true,"href":"https:\/\/anibalsilveira.org\/fr\/wp-json\/wp\/v2\/comments?post=1088"}],"version-history":[{"count":13,"href":"https:\/\/anibalsilveira.org\/fr\/wp-json\/wp\/v2\/pages\/1088\/revisions"}],"predecessor-version":[{"id":2564,"href":"https:\/\/anibalsilveira.org\/fr\/wp-json\/wp\/v2\/pages\/1088\/revisions\/2564"}],"wp:attachment":[{"href":"https:\/\/anibalsilveira.org\/fr\/wp-json\/wp\/v2\/media?parent=1088"}],"wp:term":[{"taxonomy":"category","embeddable":true,"href":"https:\/\/anibalsilveira.org\/fr\/wp-json\/wp\/v2\/categories?post=1088"},{"taxonomy":"post_tag","embeddable":true,"href":"https:\/\/anibalsilveira.org\/fr\/wp-json\/wp\/v2\/tags?post=1088"}],"curies":[{"name":"wp","href":"https:\/\/api.w.org\/{rel}","templated":true}]}}