{"id":109,"date":"2022-06-21T01:57:04","date_gmt":"2022-06-21T04:57:04","guid":{"rendered":"http:\/\/anibalsilveira.org\/?page_id=109"},"modified":"2026-04-08T20:20:04","modified_gmt":"2026-04-08T23:20:04","slug":"inicio","status":"publish","type":"page","link":"https:\/\/anibalsilveira.org\/fr\/","title":{"rendered":"Centro de Estudos An\u00edbal Silveira"},"content":{"rendered":"<div class=\"wp-block-group alignfull has-background\" style=\"background-color:#d0dffc;padding-top:var(--wp--preset--spacing--40);padding-bottom:var(--wp--preset--spacing--40)\"><div class=\"wp-block-group__inner-container is-layout-constrained wp-block-group-is-layout-constrained\">\n<div class=\"wp-block-group alignwide\"><div class=\"wp-block-group__inner-container is-layout-flow wp-block-group-is-layout-flow\">\n<div class=\"wp-block-columns alignfull are-vertically-aligned-center p-0 is-layout-flex wp-container-core-columns-is-layout-9d6595d7 wp-block-columns-is-layout-flex\">\n<div class=\"wp-block-column is-vertically-aligned-center is-layout-flow wp-block-column-is-layout-flow\" style=\"flex-basis:66.66%\">\n<p class=\"has-text-align-left has-large-font-size\">O Centro de Estudos An\u00edbal Silveira &#8211; CEPAS tem o prop\u00f3sito de contribuir para o desenvolvimento de pr\u00e1ticas e de estudos e pesquisas no campo da aten\u00e7\u00e3o psicossocial, da psicologia, da psiquiatria, da neuroci\u00eancia e sobre a intera\u00e7\u00e3o da din\u00e2mica social com as disposi\u00e7\u00f5es fisiogen\u00e9ticas na patog\u00eanese do sofrimento ps\u00edquico. O CEPAS \u00e9 patrocinado pelo Instituto An\u00edbal Silveira &#8211; IAS.<br>O CEPAS \u00e9 uma organiza\u00e7\u00e3o constitu\u00edda por profissionais e pesquisadores, referenciados no legado te\u00f3rico e pr\u00e1tico do psic\u00f3logo, neurocientista e psiquiatra An\u00edbal Silveira. Ele dedicou sua vida ao desafiador trabalho de constru\u00e7\u00e3o de uma Psiquiatria alicer\u00e7ada em uma teoria da personalidade de inspira\u00e7\u00e3o sociol\u00f3gica, fundamentalmente humanista.<\/p>\n\n\n\n<p class=\"has-text-align-left has-large-font-size\"><\/p>\n\n\n\n<div class=\"wp-block-buttons is-layout-flex wp-block-buttons-is-layout-flex\">\n<div class=\"wp-block-button\"><a class=\"wp-block-button__link wp-element-button\" href=\"https:\/\/anibalsilveira.org\/institucional\/\">Memorial An\u00edbal Silveira<\/a><\/div>\n<\/div>\n<\/div>\n\n\n\n<div class=\"wp-block-column is-vertically-aligned-center is-layout-flow wp-block-column-is-layout-flow\" style=\"flex-basis:33.33%\">\n<figure class=\"wp-block-image size-full d-none d-md-block\"><img loading=\"lazy\" decoding=\"async\" width=\"512\" height=\"512\" src=\"https:\/\/anibalsilveira.org\/wp-content\/uploads\/2022\/06\/cropped-favicon.png\" alt=\"\" class=\"wp-image-240\" srcset=\"https:\/\/anibalsilveira.org\/wp-content\/uploads\/2022\/06\/cropped-favicon.png 512w, https:\/\/anibalsilveira.org\/wp-content\/uploads\/2022\/06\/cropped-favicon-300x300.png 300w, https:\/\/anibalsilveira.org\/wp-content\/uploads\/2022\/06\/cropped-favicon-150x150.png 150w, https:\/\/anibalsilveira.org\/wp-content\/uploads\/2022\/06\/cropped-favicon-12x12.png 12w, https:\/\/anibalsilveira.org\/wp-content\/uploads\/2022\/06\/cropped-favicon-270x270.png 270w, https:\/\/anibalsilveira.org\/wp-content\/uploads\/2022\/06\/cropped-favicon-192x192.png 192w, https:\/\/anibalsilveira.org\/wp-content\/uploads\/2022\/06\/cropped-favicon-180x180.png 180w, https:\/\/anibalsilveira.org\/wp-content\/uploads\/2022\/06\/cropped-favicon-32x32.png 32w\" sizes=\"auto, (max-width: 512px) 100vw, 512px\" \/><\/figure>\n<\/div>\n<\/div>\n<\/div><\/div>\n<\/div><\/div>\n\n\n\n<div class=\"wp-block-columns is-layout-flex wp-container-core-columns-is-layout-9d6595d7 wp-block-columns-is-layout-flex\">\n<div class=\"wp-block-column text-center is-layout-flow wp-block-column-is-layout-flow\"><div class=\"wp-block-image\">\n<figure class=\"aligncenter size-full is-resized\"><img loading=\"lazy\" decoding=\"async\" width=\"256\" height=\"256\" src=\"https:\/\/anibalsilveira.org\/wp-content\/uploads\/2022\/06\/002-people.png\" alt=\"Saude Mental e Trabalho\" class=\"wp-image-346\" style=\"width:64px;height:64px\" srcset=\"https:\/\/anibalsilveira.org\/wp-content\/uploads\/2022\/06\/002-people.png 256w, https:\/\/anibalsilveira.org\/wp-content\/uploads\/2022\/06\/002-people-150x150.png 150w, https:\/\/anibalsilveira.org\/wp-content\/uploads\/2022\/06\/002-people-12x12.png 12w\" sizes=\"auto, (max-width: 256px) 100vw, 256px\" \/><\/figure>\n<\/div>\n\n\n<h5 class=\"wp-block-heading has-text-align-center mb-0 has-dark-color has-text-color\"><a href=\"https:\/\/anibalsilveira.org\/instituto-anibal-silveira\/\"><strong><mark style=\"background-color:rgba(0, 0, 0, 0)\" class=\"has-inline-color has-primary-color\">INSTITUTO AN\u00cdBAL SILVEIRA &#8211; IAS<\/mark><\/strong><\/a><\/h5>\n<\/div>\n\n\n\n<div class=\"wp-block-column text-center is-layout-flow wp-block-column-is-layout-flow\"><div class=\"wp-block-image is-style-default\">\n<figure class=\"aligncenter size-full is-resized\"><img loading=\"lazy\" decoding=\"async\" width=\"256\" height=\"256\" src=\"https:\/\/anibalsilveira.org\/wp-content\/uploads\/2022\/07\/qualitative-research-1.png\" alt=\"\" class=\"wp-image-621\" style=\"width:64px;height:64px\" srcset=\"https:\/\/anibalsilveira.org\/wp-content\/uploads\/2022\/07\/qualitative-research-1.png 256w, https:\/\/anibalsilveira.org\/wp-content\/uploads\/2022\/07\/qualitative-research-1-150x150.png 150w, https:\/\/anibalsilveira.org\/wp-content\/uploads\/2022\/07\/qualitative-research-1-12x12.png 12w\" sizes=\"auto, (max-width: 256px) 100vw, 256px\" \/><\/figure>\n<\/div>\n\n\n<h5 class=\"wp-block-heading has-text-align-center mb-0 has-dark-color has-text-color\"><a href=\"https:\/\/anibalsilveira.org\/linhas-de-pesquisa\/\"><strong><a href=\"https:\/\/anibalsilveira.org\/uma-outra-psiquiatria-e-possivel\/\" data-type=\"link\" data-id=\"https:\/\/anibalsilveira.org\/uma-outra-psiquiatria-e-possivel\/\"><strong><mark style=\"background-color:rgba(0, 0, 0, 0)\" class=\"has-inline-color has-primary-color\">Uma outra psiquiatria \u00e9 possivel ?<\/mark><\/strong><\/a><\/strong><\/a><\/h5>\n<\/div>\n<\/div>\n\n\n\n<div class=\"wp-block-columns are-vertically-aligned-bottom is-layout-flex wp-container-core-columns-is-layout-9d6595d7 wp-block-columns-is-layout-flex\">\n<div class=\"wp-block-column is-vertically-aligned-bottom is-layout-flow wp-block-column-is-layout-flow\" style=\"flex-basis:100%\">\n<div class=\"wp-block-group alignfull\"><div class=\"wp-block-group__inner-container is-layout-constrained wp-block-group-is-layout-constrained\">\n<div class=\"wp-block-columns is-layout-flex wp-container-core-columns-is-layout-9d6595d7 wp-block-columns-is-layout-flex\">\n<div class=\"wp-block-column is-vertically-aligned-bottom is-layout-flow wp-block-column-is-layout-flow\" style=\"flex-basis:100%\"><\/div>\n<\/div>\n<\/div><\/div>\n\n\n\n<div class=\"wp-block-columns rounded has-background is-layout-flex wp-container-core-columns-is-layout-9d6595d7 wp-block-columns-is-layout-flex\" style=\"background-color:#506af7\">\n<div class=\"wp-block-column is-layout-flow wp-block-column-is-layout-flow\" style=\"flex-basis:33.33%\">\n<figure class=\"wp-block-image size-full\"><img loading=\"lazy\" decoding=\"async\" width=\"1001\" height=\"995\" src=\"https:\/\/anibalsilveira.org\/wp-content\/uploads\/2022\/07\/logo-branco.png\" alt=\"\" class=\"wp-image-635\" srcset=\"https:\/\/anibalsilveira.org\/wp-content\/uploads\/2022\/07\/logo-branco.png 1001w, https:\/\/anibalsilveira.org\/wp-content\/uploads\/2022\/07\/logo-branco-300x298.png 300w, https:\/\/anibalsilveira.org\/wp-content\/uploads\/2022\/07\/logo-branco-150x150.png 150w, https:\/\/anibalsilveira.org\/wp-content\/uploads\/2022\/07\/logo-branco-768x763.png 768w, https:\/\/anibalsilveira.org\/wp-content\/uploads\/2022\/07\/logo-branco-12x12.png 12w\" sizes=\"auto, (max-width: 1001px) 100vw, 1001px\" \/><\/figure>\n<\/div>\n\n\n\n<div class=\"wp-block-column is-layout-flow wp-block-column-is-layout-flow\"><\/div>\n\n\n\n<div class=\"wp-block-column is-layout-flow wp-block-column-is-layout-flow\" style=\"flex-basis:66.66%\">\n<h4 class=\"wp-block-heading has-white-color has-text-color\"><strong>Cadastre-se e tenha acesso livre:<\/strong><\/h4>\n\n\n\n<p class=\"has-white-color has-text-color\"><strong>Ao conjunto das aulas e dos artigos de An\u00edbal Silveira abrangendo:<\/strong><\/p>\n\n\n\n<p class=\"has-white-color has-text-color\">\u2022 Teoria Sociol\u00f3gica da Personalidade<br>\u2022 Psiquiatria Sociol\u00f3gica<br>\u2022 Psicodiagn\u00f3stico de Rorschach<\/p>\n\n\n\n<p class=\"has-white-color has-text-color\"><strong>Intera\u00e7\u00e3o com atividades e projetos do CEPAS:<\/strong><\/p>\n\n\n\n<p class=\"has-white-color has-text-color\">\u2022 Debates de temas atuais<br>\u2022 Agenda de eventos nacionais e internacionais relevantes<br>\u2022 Patologia cerebral e a Psiquiatria segundo Kleist<br>\u2022 Linhas de Pesquisa<br><\/p>\n\n\n\n<div class=\"wp-block-buttons alignfull is-layout-flex wp-block-buttons-is-layout-flex\">\n<div class=\"wp-block-button\"><a class=\"wp-block-button__link has-white-background-color has-text-color has-background wp-element-button\" href=\"https:\/\/anibalsilveira.org\/cadastre-se\/\" style=\"color:#506af7\">CADASTRE-SE<\/a><\/div>\n<\/div>\n<\/div>\n<\/div>\n<\/div>\n<\/div>\n\n\n\n<h2 class=\"wp-block-heading has-text-align-center\">&nbsp;Centro de Estudos e Pesquisa An\u00edbal Silveira&nbsp;&nbsp;<\/h2>\n\n\n\n<p>No \u00e2mbito do CEPAS se estruturam atividades organizadas em quatro frentes de trabalho. Uma das frentes compreende o interc\u00e2mbio do legado que representamos com a contemporaneidade. Isto se mostra em Atualidades. Outra frente consiste na apresenta\u00e7\u00e3o da teoria da personalidade de abordagem sociol\u00f3gica que adotamos: A Teoria Socio\u00f3gica da Personalidade. Uma outra frente consiste na sistematiza\u00e7\u00e3o do arcabou\u00e7o te\u00f3rico e pr\u00e1tico que norteia a nossa abordagem psiqui\u00e1trica de base sociol\u00f3gica. Isto se mostra em Psiquiatria Sociol\u00f3gica. Uma outra frente compreende as Linhas de Pesquisa que est\u00e3o em processo de desenvolvimento, fundamentadas nessa base te\u00f3rica.<\/p>\n\n\n\n<h4 class=\"wp-block-heading has-text-align-center\">Atividades e Linhas de Estudos e Pesquisas<\/h4>\n\n\n\n<div class=\"wp-block-columns is-layout-flex wp-container-core-columns-is-layout-9d6595d7 wp-block-columns-is-layout-flex\">\n<div class=\"wp-block-column text-center is-layout-flow wp-block-column-is-layout-flow\"><div class=\"wp-block-image\">\n<figure class=\"aligncenter size-full is-resized\"><img loading=\"lazy\" decoding=\"async\" width=\"256\" height=\"256\" src=\"https:\/\/anibalsilveira.org\/wp-content\/uploads\/2022\/06\/003-chat.png\" alt=\"\" class=\"wp-image-340\" style=\"width:64px;height:64px\" srcset=\"https:\/\/anibalsilveira.org\/wp-content\/uploads\/2022\/06\/003-chat.png 256w, https:\/\/anibalsilveira.org\/wp-content\/uploads\/2022\/06\/003-chat-150x150.png 150w, https:\/\/anibalsilveira.org\/wp-content\/uploads\/2022\/06\/003-chat-12x12.png 12w\" sizes=\"auto, (max-width: 256px) 100vw, 256px\" \/><\/figure>\n<\/div>\n\n\n<h5 class=\"wp-block-heading has-text-align-center mb-0 has-dark-color has-text-color\"><a href=\"https:\/\/anibalsilveira.org\/discussao-de-temas-atuais-e-debates\/\" data-type=\"page\" data-id=\"116\"><strong>Actualit\u00e9<\/strong><\/a><\/h5>\n<\/div>\n\n\n\n<div class=\"wp-block-column text-center is-layout-flow wp-block-column-is-layout-flow\"><div class=\"wp-block-image\">\n<figure class=\"aligncenter size-full is-resized\"><img loading=\"lazy\" decoding=\"async\" width=\"256\" height=\"256\" src=\"https:\/\/anibalsilveira.org\/wp-content\/uploads\/2022\/06\/002-people.png\" alt=\"\" class=\"wp-image-346\" style=\"width:64px;height:64px\" srcset=\"https:\/\/anibalsilveira.org\/wp-content\/uploads\/2022\/06\/002-people.png 256w, https:\/\/anibalsilveira.org\/wp-content\/uploads\/2022\/06\/002-people-150x150.png 150w, https:\/\/anibalsilveira.org\/wp-content\/uploads\/2022\/06\/002-people-12x12.png 12w\" sizes=\"auto, (max-width: 256px) 100vw, 256px\" \/><\/figure>\n<\/div>\n\n\n<h5 class=\"wp-block-heading has-text-align-center mb-0 has-dark-color has-text-color\"><a href=\"https:\/\/anibalsilveira.org\/teoria-sociologica-da-personalidade-2\/\"><strong>Th\u00e9orie sociologique de la personnalit\u00e9<\/strong><\/a><\/h5>\n<\/div>\n\n\n\n<div class=\"wp-block-column text-center is-layout-flow wp-block-column-is-layout-flow\"><div class=\"wp-block-image\">\n<figure class=\"aligncenter size-full is-resized\"><img loading=\"lazy\" decoding=\"async\" width=\"256\" height=\"256\" src=\"https:\/\/anibalsilveira.org\/wp-content\/uploads\/2022\/06\/002-people.png\" alt=\"\" class=\"wp-image-346\" style=\"width:64px;height:64px\" srcset=\"https:\/\/anibalsilveira.org\/wp-content\/uploads\/2022\/06\/002-people.png 256w, https:\/\/anibalsilveira.org\/wp-content\/uploads\/2022\/06\/002-people-150x150.png 150w, https:\/\/anibalsilveira.org\/wp-content\/uploads\/2022\/06\/002-people-12x12.png 12w\" sizes=\"auto, (max-width: 256px) 100vw, 256px\" \/><\/figure>\n<\/div>\n\n\n<h5 class=\"wp-block-heading has-text-align-center mb-0 has-dark-color has-text-color\"><a href=\"https:\/\/anibalsilveira.org\/teoria-sociologica-da-personalidade\/\">Psychiatrie sociologique <\/a><\/h5>\n<\/div>\n<\/div>\n\n\n\n<div class=\"wp-block-columns is-layout-flex wp-container-core-columns-is-layout-9d6595d7 wp-block-columns-is-layout-flex\">\n<div class=\"wp-block-column text-center is-layout-flow wp-block-column-is-layout-flow\"><div class=\"wp-block-image\">\n<figure class=\"aligncenter size-full is-resized\"><img loading=\"lazy\" decoding=\"async\" width=\"256\" height=\"256\" src=\"https:\/\/anibalsilveira.org\/wp-content\/uploads\/2022\/06\/002-people.png\" alt=\"Saude Mental e Trabalho\" class=\"wp-image-346\" style=\"width:64px;height:64px\" srcset=\"https:\/\/anibalsilveira.org\/wp-content\/uploads\/2022\/06\/002-people.png 256w, https:\/\/anibalsilveira.org\/wp-content\/uploads\/2022\/06\/002-people-150x150.png 150w, https:\/\/anibalsilveira.org\/wp-content\/uploads\/2022\/06\/002-people-12x12.png 12w\" sizes=\"auto, (max-width: 256px) 100vw, 256px\" \/><\/figure>\n<\/div>\n\n\n<h5 class=\"wp-block-heading has-text-align-center mb-0 has-dark-color has-text-color\"><a href=\"https:\/\/anibalsilveira.org\/saude-mental-e-trabalho\/\" data-type=\"page\" data-id=\"116\"><strong>Saude Mental e Trabalho<\/strong><\/a><\/h5>\n<\/div>\n\n\n\n<div class=\"wp-block-column text-center is-layout-flow wp-block-column-is-layout-flow\"><div class=\"wp-block-image\">\n<figure class=\"aligncenter size-full is-resized\"><img loading=\"lazy\" decoding=\"async\" width=\"256\" height=\"256\" src=\"https:\/\/anibalsilveira.org\/wp-content\/uploads\/2022\/06\/002-people.png\" alt=\"\" class=\"wp-image-346\" style=\"width:64px;height:64px\" srcset=\"https:\/\/anibalsilveira.org\/wp-content\/uploads\/2022\/06\/002-people.png 256w, https:\/\/anibalsilveira.org\/wp-content\/uploads\/2022\/06\/002-people-150x150.png 150w, https:\/\/anibalsilveira.org\/wp-content\/uploads\/2022\/06\/002-people-12x12.png 12w\" sizes=\"auto, (max-width: 256px) 100vw, 256px\" \/><\/figure>\n<\/div>\n\n\n<h5 class=\"wp-block-heading has-text-align-center mb-0 has-dark-color has-text-color\"><a href=\"https:\/\/anibalsilveira.org\/atencao-psicossocial\/\"><strong>Aten\u00e7\u00e3o Psicossocial<\/strong><\/a><\/h5>\n<\/div>\n\n\n\n<div class=\"wp-block-column text-center is-layout-flow wp-block-column-is-layout-flow\"><div class=\"wp-block-image is-style-default\">\n<figure class=\"aligncenter size-full is-resized\"><img loading=\"lazy\" decoding=\"async\" width=\"256\" height=\"256\" src=\"https:\/\/anibalsilveira.org\/wp-content\/uploads\/2022\/07\/qualitative-research-1.png\" alt=\"\" class=\"wp-image-621\" style=\"width:64px;height:64px\" srcset=\"https:\/\/anibalsilveira.org\/wp-content\/uploads\/2022\/07\/qualitative-research-1.png 256w, https:\/\/anibalsilveira.org\/wp-content\/uploads\/2022\/07\/qualitative-research-1-150x150.png 150w, https:\/\/anibalsilveira.org\/wp-content\/uploads\/2022\/07\/qualitative-research-1-12x12.png 12w\" sizes=\"auto, (max-width: 256px) 100vw, 256px\" \/><\/figure>\n<\/div>\n\n\n<h5 class=\"wp-block-heading has-text-align-center mb-0 has-dark-color has-text-color\"><a href=\"https:\/\/anibalsilveira.org\/linhas-de-pesquisa\/\"><strong>Axes de recherche<\/strong><\/a><\/h5>\n<\/div>\n<\/div>\n\n\n\n<div class=\"wp-block-columns pb-5 is-layout-flex wp-container-core-columns-is-layout-9d6595d7 wp-block-columns-is-layout-flex\">\n<div class=\"wp-block-column is-layout-flow wp-block-column-is-layout-flow\"><div class=\"wp-block-image\">\n<figure class=\"aligncenter size-full is-resized\"><img loading=\"lazy\" decoding=\"async\" width=\"256\" height=\"256\" src=\"https:\/\/anibalsilveira.org\/wp-content\/uploads\/2022\/06\/001-presentation.png\" alt=\"\" class=\"wp-image-345\" style=\"width:65px;height:auto\" srcset=\"https:\/\/anibalsilveira.org\/wp-content\/uploads\/2022\/06\/001-presentation.png 256w, https:\/\/anibalsilveira.org\/wp-content\/uploads\/2022\/06\/001-presentation-150x150.png 150w, https:\/\/anibalsilveira.org\/wp-content\/uploads\/2022\/06\/001-presentation-12x12.png 12w\" sizes=\"auto, (max-width: 256px) 100vw, 256px\" \/><\/figure>\n<\/div>\n\n\n<h5 class=\"wp-block-heading has-text-align-center\"><strong><a href=\"https:\/\/anibalsilveira.org\/patologia-cerebral-e-a-psiquiatria-segundo-kleist\/\"><mark style=\"background-color:rgba(0, 0, 0, 0)\" class=\"has-inline-color has-primary-color\">Patologia Cerebral e a Psiquiatria segundo Kleist<\/mark><\/a><\/strong><\/h5>\n<\/div>\n\n\n\n<div class=\"wp-block-column text-center is-layout-flow wp-block-column-is-layout-flow\"><div class=\"wp-block-image\">\n<figure class=\"aligncenter size-full is-resized\"><img loading=\"lazy\" decoding=\"async\" width=\"256\" height=\"256\" src=\"https:\/\/anibalsilveira.org\/wp-content\/uploads\/2022\/06\/005-research.png\" alt=\"\" class=\"wp-image-354\" style=\"width:64px;height:64px\" srcset=\"https:\/\/anibalsilveira.org\/wp-content\/uploads\/2022\/06\/005-research.png 256w, https:\/\/anibalsilveira.org\/wp-content\/uploads\/2022\/06\/005-research-150x150.png 150w, https:\/\/anibalsilveira.org\/wp-content\/uploads\/2022\/06\/005-research-12x12.png 12w\" sizes=\"auto, (max-width: 256px) 100vw, 256px\" \/><\/figure>\n<\/div>\n\n\n<h5 class=\"wp-block-heading has-text-align-center mb-0 has-dark-color has-text-color\"><a href=\"https:\/\/anibalsilveira.org\/interacao-com-o-projeto-conectoma-humano\/\" data-type=\"page\" data-id=\"137\">Psicodiagn\u00f3stico de Rorschach<\/a><\/h5>\n<\/div>\n<\/div>\n\n\n<div class=\"content-control-container jp-cc content-control-accessible jp-cc-accessible\"><\/p>\n\n\n<p><\/div>","protected":false},"excerpt":{"rendered":"<p>O Centro de Estudos An\u00edbal Silveira &#8211; CEPAS tem o prop\u00f3sito de contribuir para o desenvolvimento de pr\u00e1ticas e de estudos e pesquisas no campo da aten\u00e7\u00e3o psicossocial, da psicologia, da psiquiatria, da neuroci\u00eancia e sobre a intera\u00e7\u00e3o da din\u00e2mica social com as disposi\u00e7\u00f5es fisiogen\u00e9ticas na patog\u00eanese do sofrimento ps\u00edquico. O CEPAS \u00e9 patrocinado pelo [&hellip;]<\/p>\n","protected":false},"author":1,"featured_media":0,"parent":0,"menu_order":0,"comment_status":"closed","ping_status":"closed","template":"templates\/template-full-width.php","meta":{"footnotes":""},"categories":[],"tags":[],"class_list":["post-109","page","type-page","status-publish","hentry"],"_links":{"self":[{"href":"https:\/\/anibalsilveira.org\/fr\/wp-json\/wp\/v2\/pages\/109","targetHints":{"allow":["GET"]}}],"collection":[{"href":"https:\/\/anibalsilveira.org\/fr\/wp-json\/wp\/v2\/pages"}],"about":[{"href":"https:\/\/anibalsilveira.org\/fr\/wp-json\/wp\/v2\/types\/page"}],"author":[{"embeddable":true,"href":"https:\/\/anibalsilveira.org\/fr\/wp-json\/wp\/v2\/users\/1"}],"replies":[{"embeddable":true,"href":"https:\/\/anibalsilveira.org\/fr\/wp-json\/wp\/v2\/comments?post=109"}],"version-history":[{"count":208,"href":"https:\/\/anibalsilveira.org\/fr\/wp-json\/wp\/v2\/pages\/109\/revisions"}],"predecessor-version":[{"id":3533,"href":"https:\/\/anibalsilveira.org\/fr\/wp-json\/wp\/v2\/pages\/109\/revisions\/3533"}],"wp:attachment":[{"href":"https:\/\/anibalsilveira.org\/fr\/wp-json\/wp\/v2\/media?parent=109"}],"wp:term":[{"taxonomy":"category","embeddable":true,"href":"https:\/\/anibalsilveira.org\/fr\/wp-json\/wp\/v2\/categories?post=109"},{"taxonomy":"post_tag","embeddable":true,"href":"https:\/\/anibalsilveira.org\/fr\/wp-json\/wp\/v2\/tags?post=109"}],"curies":[{"name":"wp","href":"https:\/\/api.w.org\/{rel}","templated":true}]}}