{"id":1159,"date":"2024-04-12T19:29:10","date_gmt":"2024-04-12T22:29:10","guid":{"rendered":"https:\/\/anibalsilveira.org\/?page_id=1159"},"modified":"2024-07-18T18:24:12","modified_gmt":"2024-07-18T21:24:12","slug":"artigos-e-apontamentos-de-anibal-silveira-relacionados-com-a-semiologia-psiquiatrica","status":"publish","type":"page","link":"https:\/\/anibalsilveira.org\/fr\/artigos-e-apontamentos-de-anibal-silveira-relacionados-com-a-semiologia-psiquiatrica\/","title":{"rendered":"Artigos e apontamentos de aulas de An\u00edbal Silveira relacionados com a Semiologia psiqui\u00e1trica"},"content":{"rendered":"<p class=\"has-text-align-right\"><strong>Organizadores:<br>Fl\u00e1vio Vivacqua<br>Francisco Drumond Marcondes de Moura<br>Paulo Palladini<br>Roberto Fasano Neto<\/strong><\/p>\n\n\n\n<p class=\"has-text-align-right\">Esta colet\u00e2nea de textos foi organizada e sistematizada tendo como ponto de partida o material compilado de aulas que An\u00edbal Silveira proferiu sobre esse tema, no per\u00edodo de 1935 a 1979. No caso de ter sido poss\u00edvel identificar a data e o local de cada aula e, eventualmente, quem procedeu a anota\u00e7\u00e3o, essa indica\u00e7\u00e3o foi registrada na Nota de Rodap\u00e9.<\/p>\n\n\n\n<h4 class=\"wp-block-heading\"><strong><span style=\"text-decoration: underline;\">Artigos<\/span><\/strong>:<\/h4>\n\n\n\n<ul class=\"wp-block-list\">\n<li><strong>Contribui\u00e7\u00e3o para a semiologia psiqui\u00e1trica: a pneumoenc\u00e9falografia&nbsp;<\/strong><\/li>\n\n\n\n<li><strong>Acep\u00e7\u00e3o de semiologia no dominio das doen\u00e7as mentais<\/strong><\/li>\n\n\n\n<li><strong>Valor semiol\u00f3gico do automatismo mental de Clerambault<\/strong><\/li>\n<\/ul>\n\n\n\n<h4 class=\"wp-block-heading\"><strong><span style=\"text-decoration: underline;\">Apontamentos de aulas<\/span>:<\/strong><\/h4>\n\n\n\n<ol class=\"wp-block-list\">\n<li><strong>Introdu\u00e7\u00e3o ao roteiro de entrevista a ser realizada em Psicologia M\u00e9dica<\/strong><\/li>\n\n\n\n<li><strong>T\u00e9cnica de entrevista com escolares adolescentes<\/strong><\/li>\n\n\n\n<li><strong><a href=\"https:\/\/anibalsilveira.org\/elementos-de-anamnese\/\">Elementos de anamnese<\/a><\/strong><\/li>\n\n\n\n<li><strong><a href=\"https:\/\/anibalsilveira.org\/anamnese-esquema\/\">Anamnese \u2013 Esquema.<\/a><\/strong><\/li>\n\n\n\n<li><strong><a href=\"https:\/\/anibalsilveira.org\/hereditariedade-e-catamnese-heredologica\/\" data-type=\"page\" data-id=\"2991\">Hereditariedade. Catamnese heredol\u00f3gica.<\/a><\/strong><\/li>\n\n\n\n<li><strong>Dados gerais do eletroencefalograma<\/strong><\/li>\n\n\n\n<li><strong>Rea\u00e7\u00f5es afetivas e conativas. Como avali\u00e1-las no ambiente social e na enfermaria.<\/strong><\/li>\n\n\n\n<li><strong><a href=\"https:\/\/anibalsilveira.org\/avaliacao-das-reacoes-afetivas-e-conativas\/\">Avalia\u00e7\u00e3o das rea\u00e7\u00f5es afetivas e conativas<\/a><\/strong><\/li>\n\n\n\n<li><strong><a href=\"https:\/\/anibalsilveira.org\/exame-da-orientacao-psiquica\/\">Exame da orienta\u00e7\u00e3o ps\u00edquica<\/a><\/strong><\/li>\n\n\n\n<li><strong><a href=\"https:\/\/anibalsilveira.org\/apreciacao-da-elaboracao-mental\/\">Aprecia\u00e7\u00e3o da elabora\u00e7\u00e3o mental<\/a><\/strong><\/li>\n\n\n\n<li><strong>Semiologia das concep\u00e7\u00f5es delirantes<\/strong><\/li>\n\n\n\n<li><a href=\"https:\/\/anibalsilveira.org\/acepcao-de-semiologia-no-dominio-das-doencas-mentaisanibal-silveira\/\"><strong>Acep\u00e7\u00e3o de Semiologia no Dom\u00ednio das Doen\u00e7as Mentais (1950)<\/strong><\/a><\/li>\n\n\n\n<li><strong>Psicologia Patol\u00f3gica<\/strong><\/li>\n<\/ol>","protected":false},"excerpt":{"rendered":"<p>Organizadores:Fl\u00e1vio VivacquaFrancisco Drumond Marcondes de MouraPaulo PalladiniRoberto Fasano Neto Esta colet\u00e2nea de textos foi organizada e sistematizada tendo como ponto de partida o material compilado de aulas que An\u00edbal Silveira proferiu sobre esse tema, no per\u00edodo de 1935 a 1979. No caso de ter sido poss\u00edvel identificar a data e o local de cada aula [&hellip;]<\/p>\n","protected":false},"author":8,"featured_media":0,"parent":0,"menu_order":0,"comment_status":"closed","ping_status":"closed","template":"","meta":{"footnotes":""},"categories":[],"tags":[],"class_list":["post-1159","page","type-page","status-publish","hentry"],"_links":{"self":[{"href":"https:\/\/anibalsilveira.org\/fr\/wp-json\/wp\/v2\/pages\/1159","targetHints":{"allow":["GET"]}}],"collection":[{"href":"https:\/\/anibalsilveira.org\/fr\/wp-json\/wp\/v2\/pages"}],"about":[{"href":"https:\/\/anibalsilveira.org\/fr\/wp-json\/wp\/v2\/types\/page"}],"author":[{"embeddable":true,"href":"https:\/\/anibalsilveira.org\/fr\/wp-json\/wp\/v2\/users\/8"}],"replies":[{"embeddable":true,"href":"https:\/\/anibalsilveira.org\/fr\/wp-json\/wp\/v2\/comments?post=1159"}],"version-history":[{"count":14,"href":"https:\/\/anibalsilveira.org\/fr\/wp-json\/wp\/v2\/pages\/1159\/revisions"}],"predecessor-version":[{"id":3024,"href":"https:\/\/anibalsilveira.org\/fr\/wp-json\/wp\/v2\/pages\/1159\/revisions\/3024"}],"wp:attachment":[{"href":"https:\/\/anibalsilveira.org\/fr\/wp-json\/wp\/v2\/media?parent=1159"}],"wp:term":[{"taxonomy":"category","embeddable":true,"href":"https:\/\/anibalsilveira.org\/fr\/wp-json\/wp\/v2\/categories?post=1159"},{"taxonomy":"post_tag","embeddable":true,"href":"https:\/\/anibalsilveira.org\/fr\/wp-json\/wp\/v2\/tags?post=1159"}],"curies":[{"name":"wp","href":"https:\/\/api.w.org\/{rel}","templated":true}]}}