{"id":1181,"date":"2024-04-12T19:38:03","date_gmt":"2024-04-12T22:38:03","guid":{"rendered":"https:\/\/anibalsilveira.org\/?page_id=1181"},"modified":"2024-04-28T17:40:18","modified_gmt":"2024-04-28T20:40:18","slug":"artigos-de-anibal-silveira-relacionados-com-o-psicodiagnostico-de-rorschach","status":"publish","type":"page","link":"https:\/\/anibalsilveira.org\/fr\/artigos-de-anibal-silveira-relacionados-com-o-psicodiagnostico-de-rorschach\/","title":{"rendered":"Artigos de An\u00edbal Silveira relacionados com o psicodiagn\u00f3stico de Rorschach"},"content":{"rendered":"<p class=\"has-text-align-right\"><strong>Organizadores:<br>Francisco Drumond Marcondes de Moura<br>Paulo Palladini<br>Roberto Fasano Neto<\/strong><\/p>\n\n\n\n<p>Esta colet\u00e2nea de textos de An\u00edbal Silveira foi organizada a partir da an\u00e1lise e sele\u00e7\u00e3o das suas aulas e de seus artigos publicados, no per\u00edodo de 1935 a 1979.<\/p>","protected":false},"excerpt":{"rendered":"<p>Organizadores:Francisco Drumond Marcondes de MouraPaulo PalladiniRoberto Fasano Neto Esta colet\u00e2nea de textos de An\u00edbal Silveira foi organizada a partir da an\u00e1lise e sele\u00e7\u00e3o das suas aulas e de seus artigos publicados, no per\u00edodo de 1935 a 1979.<\/p>","protected":false},"author":8,"featured_media":0,"parent":0,"menu_order":0,"comment_status":"closed","ping_status":"closed","template":"","meta":{"footnotes":""},"categories":[],"tags":[],"class_list":["post-1181","page","type-page","status-publish","hentry"],"_links":{"self":[{"href":"https:\/\/anibalsilveira.org\/fr\/wp-json\/wp\/v2\/pages\/1181","targetHints":{"allow":["GET"]}}],"collection":[{"href":"https:\/\/anibalsilveira.org\/fr\/wp-json\/wp\/v2\/pages"}],"about":[{"href":"https:\/\/anibalsilveira.org\/fr\/wp-json\/wp\/v2\/types\/page"}],"author":[{"embeddable":true,"href":"https:\/\/anibalsilveira.org\/fr\/wp-json\/wp\/v2\/users\/8"}],"replies":[{"embeddable":true,"href":"https:\/\/anibalsilveira.org\/fr\/wp-json\/wp\/v2\/comments?post=1181"}],"version-history":[{"count":4,"href":"https:\/\/anibalsilveira.org\/fr\/wp-json\/wp\/v2\/pages\/1181\/revisions"}],"predecessor-version":[{"id":2062,"href":"https:\/\/anibalsilveira.org\/fr\/wp-json\/wp\/v2\/pages\/1181\/revisions\/2062"}],"wp:attachment":[{"href":"https:\/\/anibalsilveira.org\/fr\/wp-json\/wp\/v2\/media?parent=1181"}],"wp:term":[{"taxonomy":"category","embeddable":true,"href":"https:\/\/anibalsilveira.org\/fr\/wp-json\/wp\/v2\/categories?post=1181"},{"taxonomy":"post_tag","embeddable":true,"href":"https:\/\/anibalsilveira.org\/fr\/wp-json\/wp\/v2\/tags?post=1181"}],"curies":[{"name":"wp","href":"https:\/\/api.w.org\/{rel}","templated":true}]}}