{"id":1186,"date":"2024-04-12T19:38:26","date_gmt":"2024-04-12T22:38:26","guid":{"rendered":"https:\/\/anibalsilveira.org\/?page_id=1186"},"modified":"2024-07-16T20:33:34","modified_gmt":"2024-07-16T23:33:34","slug":"bibliografia-correlata-referenciada-na-abordagem-de-anibal-silveira-2","status":"publish","type":"page","link":"https:\/\/anibalsilveira.org\/fr\/bibliografia-correlata-referenciada-na-abordagem-de-anibal-silveira-2\/","title":{"rendered":"Bibliografia correlata referenciada na abordagem de An\u00edbal Silveira"},"content":{"rendered":"<p class=\"has-text-align-right\"><strong>Organizadores:<br>Francisco Drumond Marcondes de Moura<br>Paulo Palladini<br>Roberto Fasano Neto<\/strong><\/p>\n\n\n\n<p>Esta colet\u00e2nea de textos, de diferentes autores, foi selecionada e organizada a partir da an\u00e1lise do conjunto de livros, teses, artigos e resumos de trabalhos apresentados em Congressos, desde a d\u00e9cada de 60, relacionados com o Psicodiagn\u00f3stico de Rorschach, cujo processo de elabora\u00e7\u00e3o foi referenciado na abordagem te\u00f3rica de An\u00edbal Silveira.<\/p>\n\n\n\n<ol class=\"wp-block-list\">\n<li><strong>A possess\u00e3o por Exu, o pensamento m\u00e1gico e os fatores de Rorschach, Roberto Fasano, 1993.<\/strong><\/li>\n\n\n\n<li><strong><a href=\"https:\/\/anibalsilveira.org\/comportamento-violento-aspectos-teoricos-analise-da-apreensao-e-representacao-de-imagens-em-protocolos-de-rorschach-de-examinandos-violentos-instituto-de-psicologia-da-universidade-de-sao-paulo-ps\/\">Comportamento violento: aspectos te\u00f3ricos. An\u00e1lise da apreens\u00e3o e representa\u00e7\u00e3o de imagens em protocolos de Rorschach de examinandos violentos, Instituto de Psicologia da Universidade de S\u00e3o Paulo, Psicologia Social, Roberto Fasano, 1994.<\/a><\/strong><\/li>\n\n\n\n<li><a href=\"https:\/\/anibalsilveira.org\/metodo-de-rorschach-cadernos-anibal-silveira-terceira-margem-lucia-coelho-2004\/\"><strong>M\u00e9todo de Rorschach. Cadernos An\u00edbal Silveira, Terceira Margem, Lucia Coelho, 2004.<\/strong><\/a><\/li>\n\n\n\n<li><strong>Prova de Rorschach: diretrizes gerais na interpreta\u00e7\u00e3o dos resultados, Terceira Margem, S\u00e3o Paulo, Lucia Coelho, 2006.<\/strong><\/li>\n\n\n\n<li><strong>Rorschach em crian\u00e7as: normatiza\u00e7\u00e3o da popula\u00e7\u00e3o brasileira, Terceira Margem, S\u00e3o Paulo, Lucia Coelho, 2006.<\/strong><\/li>\n\n\n\n<li><strong>Rorschach Cl\u00ednico. Manual b\u00e1sico, Terceira Margem, S\u00e3o Paulo, Lucia Coelho, 2007<\/strong><\/li>\n<\/ol>","protected":false},"excerpt":{"rendered":"<p>Organizadores:Francisco Drumond Marcondes de MouraPaulo PalladiniRoberto Fasano Neto Esta colet\u00e2nea de textos, de diferentes autores, foi selecionada e organizada a partir da an\u00e1lise do conjunto de livros, teses, artigos e resumos de trabalhos apresentados em Congressos, desde a d\u00e9cada de 60, relacionados com o Psicodiagn\u00f3stico de Rorschach, cujo processo de elabora\u00e7\u00e3o foi referenciado na abordagem [&hellip;]<\/p>\n","protected":false},"author":8,"featured_media":0,"parent":0,"menu_order":0,"comment_status":"closed","ping_status":"closed","template":"","meta":{"footnotes":""},"categories":[],"tags":[],"class_list":["post-1186","page","type-page","status-publish","hentry"],"_links":{"self":[{"href":"https:\/\/anibalsilveira.org\/fr\/wp-json\/wp\/v2\/pages\/1186","targetHints":{"allow":["GET"]}}],"collection":[{"href":"https:\/\/anibalsilveira.org\/fr\/wp-json\/wp\/v2\/pages"}],"about":[{"href":"https:\/\/anibalsilveira.org\/fr\/wp-json\/wp\/v2\/types\/page"}],"author":[{"embeddable":true,"href":"https:\/\/anibalsilveira.org\/fr\/wp-json\/wp\/v2\/users\/8"}],"replies":[{"embeddable":true,"href":"https:\/\/anibalsilveira.org\/fr\/wp-json\/wp\/v2\/comments?post=1186"}],"version-history":[{"count":6,"href":"https:\/\/anibalsilveira.org\/fr\/wp-json\/wp\/v2\/pages\/1186\/revisions"}],"predecessor-version":[{"id":2990,"href":"https:\/\/anibalsilveira.org\/fr\/wp-json\/wp\/v2\/pages\/1186\/revisions\/2990"}],"wp:attachment":[{"href":"https:\/\/anibalsilveira.org\/fr\/wp-json\/wp\/v2\/media?parent=1186"}],"wp:term":[{"taxonomy":"category","embeddable":true,"href":"https:\/\/anibalsilveira.org\/fr\/wp-json\/wp\/v2\/categories?post=1186"},{"taxonomy":"post_tag","embeddable":true,"href":"https:\/\/anibalsilveira.org\/fr\/wp-json\/wp\/v2\/tags?post=1186"}],"curies":[{"name":"wp","href":"https:\/\/api.w.org\/{rel}","templated":true}]}}