{"id":119,"date":"2022-06-21T12:37:40","date_gmt":"2022-06-21T15:37:40","guid":{"rendered":"http:\/\/anibalsilveira.org\/?page_id=119"},"modified":"2026-01-24T17:23:37","modified_gmt":"2026-01-24T20:23:37","slug":"programa-de-aperfeicoamento","status":"publish","type":"page","link":"https:\/\/anibalsilveira.org\/fr\/programa-de-aperfeicoamento\/","title":{"rendered":"CEPAS"},"content":{"rendered":"<p class=\"has-text-align-center\">Centro de Estudos e Pesquisas An\u00edbal Silveira<\/p>\n\n\n\n<div class=\"wp-block-group alignfull has-background\" style=\"background-color:#d0dffc;padding-top:var(--wp--preset--spacing--40);padding-bottom:var(--wp--preset--spacing--40)\"><div class=\"wp-block-group__inner-container is-layout-constrained wp-block-group-is-layout-constrained\">\n<div class=\"wp-block-group alignwide\"><div class=\"wp-block-group__inner-container is-layout-flow wp-block-group-is-layout-flow\">\n<div class=\"wp-block-columns alignfull are-vertically-aligned-center p-0 is-layout-flex wp-container-core-columns-is-layout-9d6595d7 wp-block-columns-is-layout-flex\">\n<div class=\"wp-block-column is-vertically-aligned-center is-layout-flow wp-block-column-is-layout-flow\" style=\"flex-basis:66.66%\">\n<p class=\"has-text-align-left has-large-font-size\">Le Centre d'\u00e9tudes et de recherches An\u00edbal Silveira, li\u00e9 \u00e0 l'Association An\u00edbal Silveira, fond\u00e9 le 23 octobre 2021, vise \u00e0 contribuer au d\u00e9veloppement d'\u00e9tudes et de recherches dans le domaine de la psychologie, de la psychiatrie, des neurosciences et sur l'interaction de la dynamique sociale avec les dispositions physiog\u00e9n\u00e9tiques dans la pathogen\u00e8se de la souffrance psychique.<\/p>\n\n\n\n<div class=\"wp-block-buttons is-layout-flex wp-block-buttons-is-layout-flex\">\n<div class=\"wp-block-button\"><a class=\"wp-block-button__link wp-element-button\" href=\"https:\/\/anibalsilveira.org\/institucional\/\">conhe\u00e7a o cepas<\/a><\/div>\n<\/div>\n<\/div>\n\n\n\n<div class=\"wp-block-column is-vertically-aligned-center is-layout-flow wp-block-column-is-layout-flow\" style=\"flex-basis:33.33%\">\n<figure class=\"wp-block-image size-full d-none d-md-block\"><img loading=\"lazy\" decoding=\"async\" width=\"512\" height=\"512\" src=\"https:\/\/anibalsilveira.org\/wp-content\/uploads\/2022\/06\/cropped-favicon.png\" alt=\"\" class=\"wp-image-240\" srcset=\"https:\/\/anibalsilveira.org\/wp-content\/uploads\/2022\/06\/cropped-favicon.png 512w, https:\/\/anibalsilveira.org\/wp-content\/uploads\/2022\/06\/cropped-favicon-300x300.png 300w, https:\/\/anibalsilveira.org\/wp-content\/uploads\/2022\/06\/cropped-favicon-150x150.png 150w, https:\/\/anibalsilveira.org\/wp-content\/uploads\/2022\/06\/cropped-favicon-12x12.png 12w, https:\/\/anibalsilveira.org\/wp-content\/uploads\/2022\/06\/cropped-favicon-270x270.png 270w, https:\/\/anibalsilveira.org\/wp-content\/uploads\/2022\/06\/cropped-favicon-192x192.png 192w, https:\/\/anibalsilveira.org\/wp-content\/uploads\/2022\/06\/cropped-favicon-180x180.png 180w, https:\/\/anibalsilveira.org\/wp-content\/uploads\/2022\/06\/cropped-favicon-32x32.png 32w\" sizes=\"auto, (max-width: 512px) 100vw, 512px\" \/><\/figure>\n<\/div>\n<\/div>\n<\/div><\/div>\n<\/div><\/div>\n\n\n\n<div class=\"wp-block-columns is-layout-flex wp-container-core-columns-is-layout-9d6595d7 wp-block-columns-is-layout-flex\"><\/div>","protected":false},"excerpt":{"rendered":"<p>Centro de Estudos e Pesquisas An\u00edbal Silveira O Centro de Estudos e Pesquisas An\u00edbal Silveira, vinculado \u00e0 Associa\u00e7\u00e3o An\u00edbal Silveira, fundada em 23 de outubro de 2021, tem o prop\u00f3sito de contribuir para o desenvolvimento de estudos e pesquisas no campo da psicologia, da psiquiatria, da neuroci\u00eancia e sobre a intera\u00e7\u00e3o da din\u00e2mica social com [&hellip;]<\/p>\n","protected":false},"author":1,"featured_media":0,"parent":0,"menu_order":0,"comment_status":"closed","ping_status":"closed","template":"templates\/template-full-width.php","meta":{"footnotes":""},"categories":[],"tags":[],"class_list":["post-119","page","type-page","status-publish","hentry"],"_links":{"self":[{"href":"https:\/\/anibalsilveira.org\/fr\/wp-json\/wp\/v2\/pages\/119","targetHints":{"allow":["GET"]}}],"collection":[{"href":"https:\/\/anibalsilveira.org\/fr\/wp-json\/wp\/v2\/pages"}],"about":[{"href":"https:\/\/anibalsilveira.org\/fr\/wp-json\/wp\/v2\/types\/page"}],"author":[{"embeddable":true,"href":"https:\/\/anibalsilveira.org\/fr\/wp-json\/wp\/v2\/users\/1"}],"replies":[{"embeddable":true,"href":"https:\/\/anibalsilveira.org\/fr\/wp-json\/wp\/v2\/comments?post=119"}],"version-history":[{"count":34,"href":"https:\/\/anibalsilveira.org\/fr\/wp-json\/wp\/v2\/pages\/119\/revisions"}],"predecessor-version":[{"id":3420,"href":"https:\/\/anibalsilveira.org\/fr\/wp-json\/wp\/v2\/pages\/119\/revisions\/3420"}],"wp:attachment":[{"href":"https:\/\/anibalsilveira.org\/fr\/wp-json\/wp\/v2\/media?parent=119"}],"wp:term":[{"taxonomy":"category","embeddable":true,"href":"https:\/\/anibalsilveira.org\/fr\/wp-json\/wp\/v2\/categories?post=119"},{"taxonomy":"post_tag","embeddable":true,"href":"https:\/\/anibalsilveira.org\/fr\/wp-json\/wp\/v2\/tags?post=119"}],"curies":[{"name":"wp","href":"https:\/\/api.w.org\/{rel}","templated":true}]}}