{"id":128,"date":"2022-06-21T12:38:15","date_gmt":"2022-06-21T15:38:15","guid":{"rendered":"http:\/\/anibalsilveira.org\/?page_id=128"},"modified":"2024-01-30T19:34:11","modified_gmt":"2024-01-30T22:34:11","slug":"sistemas-cerebrais-e-dinamica-psiquica","status":"publish","type":"page","link":"https:\/\/anibalsilveira.org\/fr\/sistemas-cerebrais-e-dinamica-psiquica\/","title":{"rendered":"Sistemas Cerebrais e Din\u00e2mica Ps\u00edquica"},"content":{"rendered":"<h4 class=\"wp-block-heading\">Sistemas cerebrais e din\u00e2mica ps\u00edquica na acep\u00e7\u00e3o da Teoria Sociol\u00f3gica da Personalidade <\/h4>\n\n\n\n<h4 class=\"wp-block-heading\">A quest\u00e3o da rela\u00e7\u00e3o entre o c\u00e9rebro e o psiquismo: uma revis\u00e3o bibliogr\u00e1fica<\/h4>\n\n\n\n<h4 class=\"wp-block-heading\">Colet\u00e2nea de artigos relacionados com os Sistemas Cerebrais e Sistemas Ps\u00edquicos<\/h4>\n\n\n\n<h4 class=\"wp-block-heading\">Patologia Cerebral e a Psiquiatria segundo Kleist<\/h4>\n\n\n\n<ul class=\"wp-block-list\"><li>Gehirnpathologie<\/li><li>Tradu\u00e7\u00e3o dos Resumos\u00a0<\/li><li>Colet\u00e2nea de artigos sobre a Psiquiatria na acep\u00e7\u00e3o de Kleist<\/li><\/ul>","protected":false},"excerpt":{"rendered":"<p>Sistemas cerebrais e din\u00e2mica ps\u00edquica na acep\u00e7\u00e3o da Teoria Sociol\u00f3gica da Personalidade A quest\u00e3o da rela\u00e7\u00e3o entre o c\u00e9rebro e o psiquismo: uma revis\u00e3o bibliogr\u00e1fica Colet\u00e2nea de artigos relacionados com os Sistemas Cerebrais e Sistemas Ps\u00edquicos Patologia Cerebral e a Psiquiatria segundo Kleist Gehirnpathologie Tradu\u00e7\u00e3o dos Resumos\u00a0 Colet\u00e2nea de artigos sobre a Psiquiatria na acep\u00e7\u00e3o [&hellip;]<\/p>\n","protected":false},"author":1,"featured_media":0,"parent":0,"menu_order":0,"comment_status":"closed","ping_status":"closed","template":"templates\/template-full-width.php","meta":{"footnotes":""},"categories":[],"tags":[],"class_list":["post-128","page","type-page","status-publish","hentry"],"_links":{"self":[{"href":"https:\/\/anibalsilveira.org\/fr\/wp-json\/wp\/v2\/pages\/128","targetHints":{"allow":["GET"]}}],"collection":[{"href":"https:\/\/anibalsilveira.org\/fr\/wp-json\/wp\/v2\/pages"}],"about":[{"href":"https:\/\/anibalsilveira.org\/fr\/wp-json\/wp\/v2\/types\/page"}],"author":[{"embeddable":true,"href":"https:\/\/anibalsilveira.org\/fr\/wp-json\/wp\/v2\/users\/1"}],"replies":[{"embeddable":true,"href":"https:\/\/anibalsilveira.org\/fr\/wp-json\/wp\/v2\/comments?post=128"}],"version-history":[{"count":7,"href":"https:\/\/anibalsilveira.org\/fr\/wp-json\/wp\/v2\/pages\/128\/revisions"}],"predecessor-version":[{"id":868,"href":"https:\/\/anibalsilveira.org\/fr\/wp-json\/wp\/v2\/pages\/128\/revisions\/868"}],"wp:attachment":[{"href":"https:\/\/anibalsilveira.org\/fr\/wp-json\/wp\/v2\/media?parent=128"}],"wp:term":[{"taxonomy":"category","embeddable":true,"href":"https:\/\/anibalsilveira.org\/fr\/wp-json\/wp\/v2\/categories?post=128"},{"taxonomy":"post_tag","embeddable":true,"href":"https:\/\/anibalsilveira.org\/fr\/wp-json\/wp\/v2\/tags?post=128"}],"curies":[{"name":"wp","href":"https:\/\/api.w.org\/{rel}","templated":true}]}}