{"id":1300,"date":"2024-04-16T19:32:57","date_gmt":"2024-04-16T22:32:57","guid":{"rendered":"https:\/\/anibalsilveira.org\/?page_id=1300"},"modified":"2024-07-01T18:11:53","modified_gmt":"2024-07-01T21:11:53","slug":"bibliografia-correlata-referenciada-na-abordagem-de-anibal-silveira-3","status":"publish","type":"page","link":"https:\/\/anibalsilveira.org\/fr\/bibliografia-correlata-referenciada-na-abordagem-de-anibal-silveira-3\/","title":{"rendered":"Bibliografia correlata referenciada na abordagem de An\u00edbal Silveira"},"content":{"rendered":"<p class=\"has-text-align-right\"><strong>Organizadores:<\/strong><\/p>\n\n\n\n<p class=\"has-text-align-right\"><strong>Fl\u00e1vio Vivacqua<\/strong><\/p>\n\n\n\n<p class=\"has-text-align-right\"><strong>Francisco Drumond Marcondes de Moura<\/strong><\/p>\n\n\n\n<p class=\"has-text-align-right\"><strong>Paulo Palladini<\/strong><\/p>\n\n\n\n<p class=\"has-text-align-right\"><strong>Roberto Fasano Neto<\/strong><\/p>\n\n\n\n<p>Esta colet\u00e2nea de textos, de diferentes autores, foi selecionada e organizada a partir da an\u00e1lise do conjunto de livros, teses, artigos e resumos de trabalhos apresentados em Congressos, desde a d\u00e9cada de 60, relacionados com a Teoria da Personalidade, cujo processo de elabora\u00e7\u00e3o foi referenciado na abordagem te\u00f3rica de An\u00edbal Silveira.<\/p>\n\n\n\n<ol class=\"wp-block-list\">\n<li><strong><a href=\"https:\/\/anibalsilveira.org\/teoria-do-instinto-segundo-comte-e-silveira\/\">Teoria do Instinto, Lucia Coelho, 1978<\/a><\/strong><\/li>\n\n\n\n<li><strong><a href=\"https:\/\/anibalsilveira.org\/instinto-nutritivo\/\">Instinto nutritivo, Lucia Coelho, 1978<\/a><\/strong><\/li>\n\n\n\n<li><strong><a href=\"https:\/\/anibalsilveira.org\/instinto-sexual\/\">Instinto sexual, Lucia Coelho, 1978<\/a><\/strong><\/li>\n\n\n\n<li><strong><a href=\"https:\/\/anibalsilveira.org\/instinto-materno-ou-de-posse\/\">Instinto materno ou de posse, 1978<\/a><\/strong><\/li>\n\n\n\n<li><strong><a href=\"https:\/\/anibalsilveira.org\/aperfeicoamento\/\">Aperfei\u00e7oamento, Lucia Coelho, 1978<\/a><\/strong><\/li>\n\n\n\n<li><strong><a href=\"https:\/\/anibalsilveira.org\/ambicao\/\">Ambi\u00e7\u00e3o, Lucia Coelho, 1978<\/a><\/strong><\/li>\n\n\n\n<li><strong><a href=\"https:\/\/anibalsilveira.org\/2444-2\/\">Sentimentos, Lucia Coelho, 1978<\/a><\/strong><\/li>\n\n\n\n<li><strong><a href=\"https:\/\/anibalsilveira.org\/dinamismo-emocional-fundamentos-da-medicina-psicossomatica\/\">Dinamismo emocional, Lucia Coelho, 1978<\/a><\/strong><\/li>\n\n\n\n<li><strong><a href=\"https:\/\/anibalsilveira.org\/funcoes-da-atividade-carater-disturbios-conativos\/\">Fun\u00e7\u00f5es da atividade, Lucia Coelho, 1978<\/a><\/strong><\/li>\n\n\n\n<li><strong><a href=\"https:\/\/anibalsilveira.org\/contato-intelectual-com-a-realidadefuncoes-da-inteligencia\/\">Contato intelectual, Lucia Coelho, 1978<\/a><\/strong><\/li>\n\n\n\n<li><strong><a href=\"https:\/\/anibalsilveira.org\/niveis-de-elaboracao-intelectual-da-realidade-participacao-dos-fatores-afetivo-e-conativo-da-personalidade\/\">N\u00edveis de elabora\u00e7\u00e3o, Lucia Coelho, 1978<\/a><\/strong><\/li>\n\n\n\n<li><strong><a href=\"https:\/\/anibalsilveira.org\/percepcao-teoria-das-imagens\/\">Teoria das imagens, L\u00facia Coelho, 1978<\/a><\/strong><\/li>\n\n\n\n<li><strong>A expropria\u00e7\u00e3o da sociabilidade, 1988.<\/strong><\/li>\n\n\n\n<li><a href=\"https:\/\/anibalsilveira.org\/psiche-e-respiro-da-gall-alla-pet-alla-ricerca-dellanatomia-della-mente-il-pranayama-come-esercizio-logico-universitadegli-studi-di-roma-facolta-di-medic\/\"><strong>Psiche e Respiro: da Gall&nbsp; alla pet, alla ricerca dell\u201canatomia\u201d della mente. Il Pranayama come eserc\u00edzio logico. Universita\u2019Degli Studi di Roma, Facolta\u2019 di Medicina e Chirurgia, Dipartimento di Scienze Neurologiche e Psychiatriche dell\u2019Eta\u2019 Evolutiva, Cattedra di Igiene Mentale, Flavio Vivacqua, 1998.<\/strong><\/a><\/li>\n\n\n\n<li><a href=\"https:\/\/anibalsilveira.org\/patogenese-uma-introducao-ao-pensamento-de-anibal-silveira-2\/\"><strong>Patog\u00eanese. Uma introdu\u00e7\u00e3o ao pensamento de An\u00edbal Silveira, Terceira Margem, S\u00e3o Paulo, Paulo Palladini, 2010.<\/strong><\/a><\/li>\n<\/ol>","protected":false},"excerpt":{"rendered":"<p>Organizadores: Fl\u00e1vio Vivacqua Francisco Drumond Marcondes de Moura Paulo Palladini Roberto Fasano Neto Esta colet\u00e2nea de textos, de diferentes autores, foi selecionada e organizada a partir da an\u00e1lise do conjunto de livros, teses, artigos e resumos de trabalhos apresentados em Congressos, desde a d\u00e9cada de 60, relacionados com a Teoria da Personalidade, cujo processo de [&hellip;]<\/p>\n","protected":false},"author":8,"featured_media":0,"parent":0,"menu_order":0,"comment_status":"closed","ping_status":"closed","template":"","meta":{"footnotes":""},"categories":[],"tags":[],"class_list":["post-1300","page","type-page","status-publish","hentry"],"_links":{"self":[{"href":"https:\/\/anibalsilveira.org\/fr\/wp-json\/wp\/v2\/pages\/1300","targetHints":{"allow":["GET"]}}],"collection":[{"href":"https:\/\/anibalsilveira.org\/fr\/wp-json\/wp\/v2\/pages"}],"about":[{"href":"https:\/\/anibalsilveira.org\/fr\/wp-json\/wp\/v2\/types\/page"}],"author":[{"embeddable":true,"href":"https:\/\/anibalsilveira.org\/fr\/wp-json\/wp\/v2\/users\/8"}],"replies":[{"embeddable":true,"href":"https:\/\/anibalsilveira.org\/fr\/wp-json\/wp\/v2\/comments?post=1300"}],"version-history":[{"count":20,"href":"https:\/\/anibalsilveira.org\/fr\/wp-json\/wp\/v2\/pages\/1300\/revisions"}],"predecessor-version":[{"id":2757,"href":"https:\/\/anibalsilveira.org\/fr\/wp-json\/wp\/v2\/pages\/1300\/revisions\/2757"}],"wp:attachment":[{"href":"https:\/\/anibalsilveira.org\/fr\/wp-json\/wp\/v2\/media?parent=1300"}],"wp:term":[{"taxonomy":"category","embeddable":true,"href":"https:\/\/anibalsilveira.org\/fr\/wp-json\/wp\/v2\/categories?post=1300"},{"taxonomy":"post_tag","embeddable":true,"href":"https:\/\/anibalsilveira.org\/fr\/wp-json\/wp\/v2\/tags?post=1300"}],"curies":[{"name":"wp","href":"https:\/\/api.w.org\/{rel}","templated":true}]}}