{"id":1351,"date":"2024-04-16T19:52:48","date_gmt":"2024-04-16T22:52:48","guid":{"rendered":"https:\/\/anibalsilveira.org\/?page_id=1351"},"modified":"2024-04-16T19:52:48","modified_gmt":"2024-04-16T22:52:48","slug":"patogenese-uma-introducao-ao-pensamento-de-anibal-silveira-2","status":"publish","type":"page","link":"https:\/\/anibalsilveira.org\/fr\/patogenese-uma-introducao-ao-pensamento-de-anibal-silveira-2\/","title":{"rendered":"Patog\u00eanese. Uma introdu\u00e7\u00e3o ao pensamento de An\u00edbal Silveira."},"content":{"rendered":"<p>Patog\u00eanese. Uma introdu\u00e7\u00e3o ao pensamento de An\u00edbal Silveira, Terceira Margem, S\u00e3o Paulo, Paulo Palladini, 2010.<\/p>","protected":false},"excerpt":{"rendered":"<p>Patog\u00eanese. Uma introdu\u00e7\u00e3o ao pensamento de An\u00edbal Silveira, Terceira Margem, S\u00e3o Paulo, Paulo Palladini, 2010.<\/p>","protected":false},"author":8,"featured_media":0,"parent":0,"menu_order":0,"comment_status":"closed","ping_status":"closed","template":"","meta":{"footnotes":""},"categories":[],"tags":[],"class_list":["post-1351","page","type-page","status-publish","hentry"],"_links":{"self":[{"href":"https:\/\/anibalsilveira.org\/fr\/wp-json\/wp\/v2\/pages\/1351","targetHints":{"allow":["GET"]}}],"collection":[{"href":"https:\/\/anibalsilveira.org\/fr\/wp-json\/wp\/v2\/pages"}],"about":[{"href":"https:\/\/anibalsilveira.org\/fr\/wp-json\/wp\/v2\/types\/page"}],"author":[{"embeddable":true,"href":"https:\/\/anibalsilveira.org\/fr\/wp-json\/wp\/v2\/users\/8"}],"replies":[{"embeddable":true,"href":"https:\/\/anibalsilveira.org\/fr\/wp-json\/wp\/v2\/comments?post=1351"}],"version-history":[{"count":1,"href":"https:\/\/anibalsilveira.org\/fr\/wp-json\/wp\/v2\/pages\/1351\/revisions"}],"predecessor-version":[{"id":1354,"href":"https:\/\/anibalsilveira.org\/fr\/wp-json\/wp\/v2\/pages\/1351\/revisions\/1354"}],"wp:attachment":[{"href":"https:\/\/anibalsilveira.org\/fr\/wp-json\/wp\/v2\/media?parent=1351"}],"wp:term":[{"taxonomy":"category","embeddable":true,"href":"https:\/\/anibalsilveira.org\/fr\/wp-json\/wp\/v2\/categories?post=1351"},{"taxonomy":"post_tag","embeddable":true,"href":"https:\/\/anibalsilveira.org\/fr\/wp-json\/wp\/v2\/tags?post=1351"}],"curies":[{"name":"wp","href":"https:\/\/api.w.org\/{rel}","templated":true}]}}