{"id":137,"date":"2022-06-21T12:38:38","date_gmt":"2022-06-21T15:38:38","guid":{"rendered":"http:\/\/anibalsilveira.org\/?page_id=137"},"modified":"2024-06-25T21:01:39","modified_gmt":"2024-06-26T00:01:39","slug":"interacao-com-o-projeto-conectoma-humano","status":"publish","type":"page","link":"https:\/\/anibalsilveira.org\/fr\/interacao-com-o-projeto-conectoma-humano\/","title":{"rendered":"Psychodiagnostic"},"content":{"rendered":"<ul class=\"wp-block-list\">\n<li><a href=\"https:\/\/anibalsilveira.org\/introducao-ao-psicodiagnostico-de-rorschach\/\"><strong>Introdu\u00e7\u00e3o ao Psicodiagn\u00f3stico de Rorschach<\/strong><\/a><\/li>\n\n\n\n<li><a href=\"https:\/\/anibalsilveira.org\/artigos-de-anibal-silveira-relacionados-com-o-psicodiagnostico-de-rorschach\/\"><strong>Artigos de An\u00edbal Silveira relacionados com o psicodiagn\u00f3stico de Rorschach<\/strong><\/a><\/li>\n\n\n\n<li><a href=\"https:\/\/anibalsilveira.org\/bibliografia-correlata-referenciada-na-abordagem-de-anibal-silveira-2\/\"><strong>Bibliografia correlata referenciada na abordagem de An\u00edbal Silveira<\/strong><\/a><\/li>\n<\/ul>","protected":false},"excerpt":{"rendered":"","protected":false},"author":1,"featured_media":0,"parent":0,"menu_order":0,"comment_status":"closed","ping_status":"closed","template":"templates\/template-full-width.php","meta":{"footnotes":""},"categories":[],"tags":[],"class_list":["post-137","page","type-page","status-publish","hentry"],"_links":{"self":[{"href":"https:\/\/anibalsilveira.org\/fr\/wp-json\/wp\/v2\/pages\/137","targetHints":{"allow":["GET"]}}],"collection":[{"href":"https:\/\/anibalsilveira.org\/fr\/wp-json\/wp\/v2\/pages"}],"about":[{"href":"https:\/\/anibalsilveira.org\/fr\/wp-json\/wp\/v2\/types\/page"}],"author":[{"embeddable":true,"href":"https:\/\/anibalsilveira.org\/fr\/wp-json\/wp\/v2\/users\/1"}],"replies":[{"embeddable":true,"href":"https:\/\/anibalsilveira.org\/fr\/wp-json\/wp\/v2\/comments?post=137"}],"version-history":[{"count":10,"href":"https:\/\/anibalsilveira.org\/fr\/wp-json\/wp\/v2\/pages\/137\/revisions"}],"predecessor-version":[{"id":2680,"href":"https:\/\/anibalsilveira.org\/fr\/wp-json\/wp\/v2\/pages\/137\/revisions\/2680"}],"wp:attachment":[{"href":"https:\/\/anibalsilveira.org\/fr\/wp-json\/wp\/v2\/media?parent=137"}],"wp:term":[{"taxonomy":"category","embeddable":true,"href":"https:\/\/anibalsilveira.org\/fr\/wp-json\/wp\/v2\/categories?post=137"},{"taxonomy":"post_tag","embeddable":true,"href":"https:\/\/anibalsilveira.org\/fr\/wp-json\/wp\/v2\/tags?post=137"}],"curies":[{"name":"wp","href":"https:\/\/api.w.org\/{rel}","templated":true}]}}