{"id":140,"date":"2022-06-21T12:38:45","date_gmt":"2022-06-21T15:38:45","guid":{"rendered":"http:\/\/anibalsilveira.org\/?page_id=140"},"modified":"2024-06-11T20:17:11","modified_gmt":"2024-06-11T23:17:11","slug":"linhas-de-pesquisa","status":"publish","type":"page","link":"https:\/\/anibalsilveira.org\/fr\/linhas-de-pesquisa\/","title":{"rendered":"Axes de recherche"},"content":{"rendered":"<p><strong>Implementa\u00e7\u00e3o\/2024:<\/strong><\/p>\n\n\n\n<ul class=\"wp-block-list\">\n<li><a href=\"https:\/\/anibalsilveira.org\/abordagens-de-atencao-a-crise-de-base-comunitaria-e-familiar-3\/\"><strong>Abordagem de aten\u00e7\u00e3o \u00e0 crise de base comunit\u00e1ria e familiar: a estrat\u00e9gia do Open Dialogue<\/strong><\/a><\/li>\n\n\n\n<li><strong><a href=\"https:\/\/anibalsilveira.org\/o-sofrimento-psiquico-de-auguste-comte-uma-revisao\/\">O sofrimento ps\u00edquico de Auguste Comte: uma revis\u00e3o.<\/a><\/strong><\/li>\n\n\n\n<li><strong><a href=\"https:\/\/anibalsilveira.org\/importancia-do-diagnostico-orientado-pela-patogenese-na-pesquisa-sobre-a-genetica-das-psicoses-endogenas-2\/\"><strong>Import\u00e2ncia do diagn\u00f3stico orientado pela patog\u00eanese na pesquisa sobre a gen\u00e9tica das psicoses end\u00f3genas.<\/strong><\/a><\/strong><\/li>\n\n\n\n<li><a href=\"https:\/\/anibalsilveira.org\/o-uso-da-estimulacao-magnetica-transcraniana-emt-orientada-pela-analise-da-patogenese-cerebral-dos-quadros-neuropsiquiatricos-uma-revisao\/\"><strong><strong><a href=\"https:\/\/anibalsilveira.org\/uso-da-estimulacao-magnetica-transcraniana-orientada-pela-analise-dos-sistemas-cerebrais-envolvidos-na-patogenese-do-sofrimento-psiquico\/\"><strong><a href=\"https:\/\/anibalsilveira.org\/uso-da-estimulacao-magnetica-transcraniana-orientada-pela-analise-dos-sistemas-cerebrais-envolvidos-na-patogenese-do-sofrimento-psiquico\/\">Uso da Estimula\u00e7\u00e3o Magn\u00e9tica Transcraniana orientada pela an\u00e1lise dos sistemas cerebrais envolvidos na patog\u00eanese do sofrimento ps\u00edquico<\/a><\/strong><\/a><\/strong><\/strong><\/a><\/li>\n<\/ul>\n\n\n\n<p><strong>Implementa\u00e7\u00e3o\/2025:<\/strong><\/p>\n\n\n\n<ul class=\"wp-block-list\">\n<li><strong>A quest\u00e3o da Neurodiversidade e do Espectro Autista.<\/strong><\/li>\n\n\n\n<li><strong>Dinamismos psicol\u00f3gicos envolvidos na patog\u00eanese do Burnout<\/strong><\/li>\n\n\n\n<li><strong>Papel dos sistemas cerebrais dopamin\u00e9rgicos na din\u00e2mica ps\u00edquica<\/strong><\/li>\n\n\n\n<li><strong>Sistemas cerebrais e din\u00e2mica ps\u00edquica<\/strong><\/li>\n\n\n\n<li><strong>Reg\u00eancia e din\u00e2mica do processo de forma\u00e7\u00e3o e da funcionalidade cerebral: papel do cerebelo e do sistema glio-astrocital.<\/strong><\/li>\n\n\n\n<li><strong>An\u00e1lise cr\u00edtica dos DSMs 4 e 5 sob o ponto de vista da patog\u00eanese dos quadros cl\u00ednicos no campo da Psiquiatria.<\/strong><\/li>\n\n\n\n<li><strong>Intera\u00e7\u00e3o da din\u00e2mica social com as disposi\u00e7\u00f5es fisiogen\u00e9ticas na patog\u00eanese do sofrimento ps\u00edquico.<\/strong><\/li>\n\n\n\n<li><strong>Alguns aspectos te\u00f3ricos e metodol\u00f3gicos do estudo da rela\u00e7\u00e3o entre o c\u00e9rebro e as fun\u00e7\u00f5es ps\u00edquicas de import\u00e2ncia para o Projeto Conectoma Humano<\/strong><\/li>\n<\/ul>\n\n\n\n<figure class=\"wp-block-table alignright\"><table><tbody><tr><td class=\"has-text-align-right\" data-align=\"right\"><br><br><\/td><\/tr><\/tbody><\/table><\/figure>","protected":false},"excerpt":{"rendered":"<p>Implementa\u00e7\u00e3o\/2024: Implementa\u00e7\u00e3o\/2025:<\/p>","protected":false},"author":1,"featured_media":0,"parent":0,"menu_order":0,"comment_status":"closed","ping_status":"closed","template":"templates\/template-full-width.php","meta":{"footnotes":""},"categories":[],"tags":[],"class_list":["post-140","page","type-page","status-publish","hentry"],"_links":{"self":[{"href":"https:\/\/anibalsilveira.org\/fr\/wp-json\/wp\/v2\/pages\/140","targetHints":{"allow":["GET"]}}],"collection":[{"href":"https:\/\/anibalsilveira.org\/fr\/wp-json\/wp\/v2\/pages"}],"about":[{"href":"https:\/\/anibalsilveira.org\/fr\/wp-json\/wp\/v2\/types\/page"}],"author":[{"embeddable":true,"href":"https:\/\/anibalsilveira.org\/fr\/wp-json\/wp\/v2\/users\/1"}],"replies":[{"embeddable":true,"href":"https:\/\/anibalsilveira.org\/fr\/wp-json\/wp\/v2\/comments?post=140"}],"version-history":[{"count":27,"href":"https:\/\/anibalsilveira.org\/fr\/wp-json\/wp\/v2\/pages\/140\/revisions"}],"predecessor-version":[{"id":2372,"href":"https:\/\/anibalsilveira.org\/fr\/wp-json\/wp\/v2\/pages\/140\/revisions\/2372"}],"wp:attachment":[{"href":"https:\/\/anibalsilveira.org\/fr\/wp-json\/wp\/v2\/media?parent=140"}],"wp:term":[{"taxonomy":"category","embeddable":true,"href":"https:\/\/anibalsilveira.org\/fr\/wp-json\/wp\/v2\/categories?post=140"},{"taxonomy":"post_tag","embeddable":true,"href":"https:\/\/anibalsilveira.org\/fr\/wp-json\/wp\/v2\/tags?post=140"}],"curies":[{"name":"wp","href":"https:\/\/api.w.org\/{rel}","templated":true}]}}