{"id":1981,"date":"2024-04-25T19:55:54","date_gmt":"2024-04-25T22:55:54","guid":{"rendered":"https:\/\/anibalsilveira.org\/?page_id=1981"},"modified":"2024-05-06T20:42:01","modified_gmt":"2024-05-06T23:42:01","slug":"dinamismos-psicopatologicos-envolvidos-em-um-caso-de-psicose-diatetica-discussao-patogenetica-e-implicacoes-terapeuticas","status":"publish","type":"page","link":"https:\/\/anibalsilveira.org\/fr\/dinamismos-psicopatologicos-envolvidos-em-um-caso-de-psicose-diatetica-discussao-patogenetica-e-implicacoes-terapeuticas\/","title":{"rendered":"Dinamismos psicopatol\u00f3gicos envolvidos em um caso de Psicose Diat\u00e9tica. Discuss\u00e3o patogen\u00e9tica e implica\u00e7\u00f5es terap\u00eauticas."},"content":{"rendered":"<p class=\"has-text-align-center\"><strong>Dinamismos psicopatol\u00f3gicos envolvidos em um caso de Psicose Diat\u00e9tica. Discuss\u00e3o patogen\u00e9tica e implica\u00e7\u00f5es terap\u00eauticas\u00b9. <\/strong><\/p>\n\n\n\n<p class=\"has-text-align-right\"><strong><sub>Francisco Drumond de Moura, Ruy Mendes, Ricardo Vainer, Nobusou Oki<br>Departamento de Psiquiatria, Faculdade de Medicina de Jundia\u00ed<\/sub><\/strong><\/p>\n\n\n\n<p>A aplica\u00e7\u00e3o do crit\u00e9rio patog\u00eanico, na investiga\u00e7\u00e3o dos dinamismos psicopatol\u00f3gicos peculiares aos diversos quadros cl\u00ednicos, al\u00e9m de conduzir ao diagn\u00f3stico mais preciso permite, principalmente, estabelecer o progn\u00f3stico e a conduta terap\u00eautica. Isso porque, segundo a orienta\u00e7\u00e3o que seguimos, os dinamismos psicopatol\u00f3gicos assim estudados, revelam por um lado, os diferentes dinamismos gen\u00e9ticos em jogo e, de outro, a participa\u00e7\u00e3o dos sistemas cerebrais funcionalmente alterados. Dessa maneira, podemos individualizar n\u00e3o apenas a participa\u00e7\u00e3o gen\u00e9tica na configura\u00e7\u00e3o de um quadro cl\u00ednico, como tamb\u00e9m, a sua participa\u00e7\u00e3o na determina\u00e7\u00e3o de tra\u00e7os de personalidade e, eventualmente, outros tipos de condi\u00e7\u00e3o, transit\u00f3ria ou permanente. \u00c9 o que procuramos demonstrar neste caso. Trata-se de um paciente internado h\u00e1 3 meses em cl\u00ednica de agudos do Hospital do Juqueri. Na admiss\u00e3o, o paciente apresentava: excita\u00e7\u00e3o ps\u00edquica, libera\u00e7\u00e3o e dificuldade de manter o trabalho mental, libera\u00e7\u00e3o da a\u00e7\u00e3o expl\u00edcita, atos compulsivos e incapacidade de manter a aten\u00e7\u00e3o. Como elemento transit\u00f3rio, apresentou itera\u00e7\u00e3o ao n\u00edvel da express\u00e3o verbal. Na anamnese foram apurados&nbsp; os seguintes tra\u00e7os de personalidade: hiperemotividade, cerimoniosidade, obsessividade e expansividade. Na evolu\u00e7\u00e3o do quadro apresentou n\u00edtica rea\u00e7\u00e3o neur\u00f3tica obsessivo-compulsiva, que foi confirmada no psicodiagn\u00f3stico de Rorschach. Pregressamente, tinha apresentado epis\u00f3dio de libera\u00e7\u00e3o instintiva, de car\u00e1ter impulsivo. Os dados heredol\u00f3gicos revelaram a incid\u00eancia de tra\u00e7os de personalidade semelhantes nos familiares. Igualmente foi constatado em dois familiares a ocorr\u00eancia de surto psic\u00f3tico benigno. Havia marcante tend\u00eancia gen\u00e9tica familiar para a epilepsia. Pelo paciente, patog\u00eanicamente, traduzia O quadro psic\u00f3tico apresentado pelo paciente, patog\u00eanicamente, traduzia a altera\u00e7\u00e3o intr\u00ednseca da atividade &#8211; no sentido de esfera da personalidade, na acep\u00e7\u00e3o de Comte -, o quadro obsessivo-compulsivo tamb\u00e9m dependeu de altera\u00e7\u00e3o conativa. No estado psic\u00f3tico ocorreu uma acentua\u00e7\u00e3o de seus tra\u00e7os de personalidade.&nbsp;<\/p>\n\n\n\n<p>\u00b9<sub><sup><strong>&nbsp;Trabalho apresentado na Reuni\u00e3o Anual da Sociedade Brasileira para o Progresso da Ci\u00eancia -SBPC -, Fortaleza, Cear\u00e1, julho de 1979.<\/strong><\/sup><\/sub><\/p>","protected":false},"excerpt":{"rendered":"<p>Dinamismos psicopatol\u00f3gicos envolvidos em um caso de Psicose Diat\u00e9tica. Discuss\u00e3o patogen\u00e9tica e implica\u00e7\u00f5es terap\u00eauticas\u00b9. Francisco Drumond de Moura, Ruy Mendes, Ricardo Vainer, Nobusou OkiDepartamento de Psiquiatria, Faculdade de Medicina de Jundia\u00ed A aplica\u00e7\u00e3o do crit\u00e9rio patog\u00eanico, na investiga\u00e7\u00e3o dos dinamismos psicopatol\u00f3gicos peculiares aos diversos quadros cl\u00ednicos, al\u00e9m de conduzir ao diagn\u00f3stico mais preciso permite, principalmente, [&hellip;]<\/p>\n","protected":false},"author":8,"featured_media":0,"parent":0,"menu_order":0,"comment_status":"closed","ping_status":"closed","template":"","meta":{"footnotes":""},"categories":[],"tags":[],"class_list":["post-1981","page","type-page","status-publish","hentry"],"_links":{"self":[{"href":"https:\/\/anibalsilveira.org\/fr\/wp-json\/wp\/v2\/pages\/1981","targetHints":{"allow":["GET"]}}],"collection":[{"href":"https:\/\/anibalsilveira.org\/fr\/wp-json\/wp\/v2\/pages"}],"about":[{"href":"https:\/\/anibalsilveira.org\/fr\/wp-json\/wp\/v2\/types\/page"}],"author":[{"embeddable":true,"href":"https:\/\/anibalsilveira.org\/fr\/wp-json\/wp\/v2\/users\/8"}],"replies":[{"embeddable":true,"href":"https:\/\/anibalsilveira.org\/fr\/wp-json\/wp\/v2\/comments?post=1981"}],"version-history":[{"count":6,"href":"https:\/\/anibalsilveira.org\/fr\/wp-json\/wp\/v2\/pages\/1981\/revisions"}],"predecessor-version":[{"id":2153,"href":"https:\/\/anibalsilveira.org\/fr\/wp-json\/wp\/v2\/pages\/1981\/revisions\/2153"}],"wp:attachment":[{"href":"https:\/\/anibalsilveira.org\/fr\/wp-json\/wp\/v2\/media?parent=1981"}],"wp:term":[{"taxonomy":"category","embeddable":true,"href":"https:\/\/anibalsilveira.org\/fr\/wp-json\/wp\/v2\/categories?post=1981"},{"taxonomy":"post_tag","embeddable":true,"href":"https:\/\/anibalsilveira.org\/fr\/wp-json\/wp\/v2\/tags?post=1981"}],"curies":[{"name":"wp","href":"https:\/\/api.w.org\/{rel}","templated":true}]}}