{"id":1988,"date":"2024-04-25T19:59:27","date_gmt":"2024-04-25T22:59:27","guid":{"rendered":"https:\/\/anibalsilveira.org\/?page_id=1988"},"modified":"2024-05-06T20:49:18","modified_gmt":"2024-05-06T23:49:18","slug":"importancia-epidemiologica-do-criterio-genetico-em-psiquiatria-revisao-de-9-casos-com-diagnostico-de-psicose-maniaco-depressiva","status":"publish","type":"page","link":"https:\/\/anibalsilveira.org\/fr\/importancia-epidemiologica-do-criterio-genetico-em-psiquiatria-revisao-de-9-casos-com-diagnostico-de-psicose-maniaco-depressiva\/","title":{"rendered":"Import\u00e2ncia epidemiol\u00f3gica do crit\u00e9rio gen\u00e9tico em Psiquiatria. Revis\u00e3o de 9 casos com diagn\u00f3stico de Psicose Man\u00edaco-Depressiva."},"content":{"rendered":"<p class=\"has-text-align-center\"><strong>Import\u00e2ncia epidemiol\u00f3gica do crit\u00e9rio gen\u00e9tico em Psiquiatria. Revis\u00e3o de 9 casos com diagn\u00f3stico de Psicose Man\u00edaco-Depressiva\u00b9.<\/strong><\/p>\n\n\n\n<p class=\"has-text-align-right\"><sub><strong>Francisco Drumond Marcondes de Moura,<br>Marco Marcondes de Moura<br>Departamento de Psiquiatria, Faculdade de Medicina de Jundia\u00ed<\/strong><\/sub><\/p>\n\n\n\n<p>A participa\u00e7\u00e3o gen\u00e9tica na configura\u00e7\u00e3o dos quadros cl\u00ednicos se traduz pela altera\u00e7\u00e3o funcional de determinados setores da personalidade. Por sua vez, essa altera\u00e7\u00e3o intr\u00ednseca devido \u00e0 din\u00e2mica existente entre esses v\u00e1rios setores, acarreta outras como repercuss\u00e3o. Para avaliar, na cl\u00ednica, qual o dinamismo fundamental envolvido neste conjunto de altera\u00e7\u00f5es, \u00e9 necess\u00e1rio recorrer ao crit\u00e9rio da patog\u00eanese. Apenas a descri\u00e7\u00e3o \u00e9 insuficiente, como evidenciam os dados que passamos a apresentar. De um total de 612 pacientes, admitidos em hospital psiqui\u00e1trico de agudos, no per\u00edodo de 22\/5\/78 a 22\/11\/78, 9 tiveram o diagn\u00f3stico de Psicose Man\u00edaco-Depressiva. Em todos os casos foi utilizado, inicialmente, o crit\u00e9rio descritivo para o diagn\u00f3stico. Uma investiga\u00e7\u00e3o cl\u00ednica posterior, a partir do crit\u00e9rio patogen\u00e9tico, exigiu a altera\u00e7\u00e3o do diagn\u00f3stico em todos os casos. Assim, dentre os 9, 6 eram de psicose end\u00f3gena benigna &#8211; Psicose Diat\u00e9tica de Kleist -, e 3, de psicose end\u00f3gena progressiva \u2013 esquizofrenia, na acep\u00e7\u00e3o de Kleist. Em 7 casos, a excita\u00e7\u00e3o ps\u00edquica, a libera\u00e7\u00e3o do trabalho mental e da a\u00e7\u00e3o expl\u00edcita existiam como elementos relevantes do quadro cl\u00ednico e, em 2 casos, sintomas do polo oposto predominavam: inibi\u00e7\u00e3o ps\u00edquica, fal\u00eancia da vida de rela\u00e7\u00e3o ativa e intelectual. Esses dois aspectos foram confundidos, devido \u00e0 similaridade fenomenol\u00f3gica com os estados de euforia e depress\u00e3o, respectivamente, levando ao erro diagn\u00f3stico. Entre os 6 casos de Psicose Diat\u00e9tica encontramos: 2 de Psicose da Motilidade, fase acin\u00e9tica; 2 de Psicose da Motilidade, fase hipercin\u00e9tica; 1 caso de Psicose de Inspira\u00e7\u00e3o Aguda e 1 caso de Alucinose Aguda. As duas primeiras formas fazem parte das Psicoses diat\u00e9ticas do grupo Cicl\u00f3ide de Kleist, as duas \u00faltimas constituem formas diat\u00e9ticas do grupo Paran\u00f3ide de Kleist. Os 3 casos de esquizofrenia eram formas progressivas do grupo Paran\u00f3ide de Kleist.<\/p>\n\n\n\n<p><strong>\u00b9<sub>Trabalho apresentado na 31\u00aa Reuni\u00e3o Anual da Sociedade Brasileira para o Progresso da Ci\u00eancia -SBPC -, Fortaleza, Cear\u00e1, julho de 1979.<\/sub><\/strong><\/p>","protected":false},"excerpt":{"rendered":"<p>Import\u00e2ncia epidemiol\u00f3gica do crit\u00e9rio gen\u00e9tico em Psiquiatria. Revis\u00e3o de 9 casos com diagn\u00f3stico de Psicose Man\u00edaco-Depressiva\u00b9. Francisco Drumond Marcondes de Moura,Marco Marcondes de MouraDepartamento de Psiquiatria, Faculdade de Medicina de Jundia\u00ed A participa\u00e7\u00e3o gen\u00e9tica na configura\u00e7\u00e3o dos quadros cl\u00ednicos se traduz pela altera\u00e7\u00e3o funcional de determinados setores da personalidade. Por sua vez, essa altera\u00e7\u00e3o intr\u00ednseca [&hellip;]<\/p>\n","protected":false},"author":8,"featured_media":0,"parent":0,"menu_order":0,"comment_status":"closed","ping_status":"closed","template":"","meta":{"footnotes":""},"categories":[],"tags":[],"class_list":["post-1988","page","type-page","status-publish","hentry"],"_links":{"self":[{"href":"https:\/\/anibalsilveira.org\/fr\/wp-json\/wp\/v2\/pages\/1988","targetHints":{"allow":["GET"]}}],"collection":[{"href":"https:\/\/anibalsilveira.org\/fr\/wp-json\/wp\/v2\/pages"}],"about":[{"href":"https:\/\/anibalsilveira.org\/fr\/wp-json\/wp\/v2\/types\/page"}],"author":[{"embeddable":true,"href":"https:\/\/anibalsilveira.org\/fr\/wp-json\/wp\/v2\/users\/8"}],"replies":[{"embeddable":true,"href":"https:\/\/anibalsilveira.org\/fr\/wp-json\/wp\/v2\/comments?post=1988"}],"version-history":[{"count":5,"href":"https:\/\/anibalsilveira.org\/fr\/wp-json\/wp\/v2\/pages\/1988\/revisions"}],"predecessor-version":[{"id":2159,"href":"https:\/\/anibalsilveira.org\/fr\/wp-json\/wp\/v2\/pages\/1988\/revisions\/2159"}],"wp:attachment":[{"href":"https:\/\/anibalsilveira.org\/fr\/wp-json\/wp\/v2\/media?parent=1988"}],"wp:term":[{"taxonomy":"category","embeddable":true,"href":"https:\/\/anibalsilveira.org\/fr\/wp-json\/wp\/v2\/categories?post=1988"},{"taxonomy":"post_tag","embeddable":true,"href":"https:\/\/anibalsilveira.org\/fr\/wp-json\/wp\/v2\/tags?post=1988"}],"curies":[{"name":"wp","href":"https:\/\/api.w.org\/{rel}","templated":true}]}}