{"id":2005,"date":"2024-04-25T20:04:07","date_gmt":"2024-04-25T23:04:07","guid":{"rendered":"https:\/\/anibalsilveira.org\/?page_id=2005"},"modified":"2024-05-06T20:52:43","modified_gmt":"2024-05-06T23:52:43","slug":"utilizacao-da-imipramina-em-esquizofrenicos-com-acentuada-inibicao-psiquica","status":"publish","type":"page","link":"https:\/\/anibalsilveira.org\/fr\/utilizacao-da-imipramina-em-esquizofrenicos-com-acentuada-inibicao-psiquica\/","title":{"rendered":"Utiliza\u00e7\u00e3o da imipramina em esquizofr\u00eanicos com acentuada inibi\u00e7\u00e3o ps\u00edquica."},"content":{"rendered":"<p class=\"has-text-align-center\"><strong>Utiliza\u00e7\u00e3o da imipramina em esquizofr\u00eanicos com acentuada inibi\u00e7\u00e3o ps\u00edquica\u00b9.<\/strong><\/p>\n\n\n\n<p class=\"has-text-align-right\"><strong><sub>Francisco Drumond Marcondes de Moura<br>Hospital Psiqui\u00e1trico de Juquery<\/sub><\/strong><\/p>\n\n\n\n<p>Apesar da denomina\u00e7\u00e3o \u201cantidepressivo\u201d para a imipramina sugerir que ela interfira primariamente com sistemas cerebrais afetivos, a experi\u00eancia cl\u00ednica mostra que ela atua em sistemas cerebrais ligados com a atividade. Isto recupera ao paciente a liga\u00e7\u00e3o ativa e intelectual com o meio, com repercuss\u00e3o sobre a afetividade atrav\u00e9s do dinamismo emocional, melhorando assim o seu humor deprimido. Essa forma din\u00e2mica, mais precisa no nosso entender, de interpretar a a\u00e7\u00e3o terap\u00eautica desta e de outas drogas sobre as desordens mentais \u00e9 uma das aplica\u00e7\u00f5es mais importantes da teoria psiqui\u00e1trica de An\u00edbal Silveira. Seguindo essa orienta\u00e7\u00e3o e visando o est\u00edmulo conativo medicamos 30 esquizofr\u00eanicos com imipramina, por tempo indeterminado. No quadro 1 s\u00e3o apresentados os dados referentes a idade atual de cada paciente, o tempo de doen\u00e7a, a dosagem e o tempo de observa\u00e7\u00e3o. Todos os pacientes possu\u00edam a acentuada car\u00eancia de iniciativa para a a\u00e7\u00e3o e o trabalho mental. Foram inclu\u00eddos tantos casos de patog\u00eanese afetiva \u2013 por desordem intr\u00ednseca do est\u00edmulo afetivo, com repercuss\u00e3o sobre a atividade (apatia) -, quanto os de patog\u00eanese conativa, por defici\u00eancia prim\u00e1ria do est\u00edmulo conativo. Uma s\u00edntese dos principais sintomas apresentados pelos pacientes, considerados segundo a patog\u00eanese, \u00e9 mostrado no quadro 2. Os resultados, embora parciais, comprovaram a efic\u00e1cia da imipramina como estimulante conativo. Houve melhora apreci\u00e1vel da espontaneidade, principalmente intelectual, em 12 casos. Em 6 n\u00e3o houve modifica\u00e7\u00e3o alguma. Em outros 12 foram observados a instala\u00e7\u00e3o de um quadro n\u00edtido de libra\u00e7\u00e3o ps\u00edquica: hiperatividade improdutiva, desordenada ou estereotipada; libera\u00e7\u00e3o do trabalho mental; comprometimento da sele\u00e7\u00e3o sensorial e consequente confus\u00e3o mental; dist\u00farbios sensoperceptivo na forma de automatismo mental, aparentemente do tipo verbal-auditivo. N\u00e3o foi poss\u00edvel estabelecer dentre as in\u00fameras desordens conativas esquizofr\u00eanicas (Kleist-Silveira) aquela mais suscept\u00edvel da a\u00e7\u00e3o da droga. Com essa finalidade mais pacientes ser\u00e3o investigados. Nos casos em que ocorrerem o \u201cest\u00edmulo excessivo\u201d ser\u00e1 tentada a associa\u00e7\u00e3o com haloperidol.<\/p>\n\n\n\n<p><strong>\u00b9<sub>Trabalho apresentado na 33\u00aa Reuni\u00e3o Anual da Sociedade Brasileira para o Progresso da Ci\u00eancia -SBPC -, Salvador, Bahia, julho de 1981.<\/sub><\/strong><\/p>","protected":false},"excerpt":{"rendered":"<p>Utiliza\u00e7\u00e3o da imipramina em esquizofr\u00eanicos com acentuada inibi\u00e7\u00e3o ps\u00edquica\u00b9. Francisco Drumond Marcondes de MouraHospital Psiqui\u00e1trico de Juquery Apesar da denomina\u00e7\u00e3o \u201cantidepressivo\u201d para a imipramina sugerir que ela interfira primariamente com sistemas cerebrais afetivos, a experi\u00eancia cl\u00ednica mostra que ela atua em sistemas cerebrais ligados com a atividade. Isto recupera ao paciente a liga\u00e7\u00e3o ativa e [&hellip;]<\/p>\n","protected":false},"author":8,"featured_media":0,"parent":0,"menu_order":0,"comment_status":"closed","ping_status":"closed","template":"","meta":{"footnotes":""},"categories":[],"tags":[],"class_list":["post-2005","page","type-page","status-publish","hentry"],"_links":{"self":[{"href":"https:\/\/anibalsilveira.org\/fr\/wp-json\/wp\/v2\/pages\/2005","targetHints":{"allow":["GET"]}}],"collection":[{"href":"https:\/\/anibalsilveira.org\/fr\/wp-json\/wp\/v2\/pages"}],"about":[{"href":"https:\/\/anibalsilveira.org\/fr\/wp-json\/wp\/v2\/types\/page"}],"author":[{"embeddable":true,"href":"https:\/\/anibalsilveira.org\/fr\/wp-json\/wp\/v2\/users\/8"}],"replies":[{"embeddable":true,"href":"https:\/\/anibalsilveira.org\/fr\/wp-json\/wp\/v2\/comments?post=2005"}],"version-history":[{"count":3,"href":"https:\/\/anibalsilveira.org\/fr\/wp-json\/wp\/v2\/pages\/2005\/revisions"}],"predecessor-version":[{"id":2161,"href":"https:\/\/anibalsilveira.org\/fr\/wp-json\/wp\/v2\/pages\/2005\/revisions\/2161"}],"wp:attachment":[{"href":"https:\/\/anibalsilveira.org\/fr\/wp-json\/wp\/v2\/media?parent=2005"}],"wp:term":[{"taxonomy":"category","embeddable":true,"href":"https:\/\/anibalsilveira.org\/fr\/wp-json\/wp\/v2\/categories?post=2005"},{"taxonomy":"post_tag","embeddable":true,"href":"https:\/\/anibalsilveira.org\/fr\/wp-json\/wp\/v2\/tags?post=2005"}],"curies":[{"name":"wp","href":"https:\/\/api.w.org\/{rel}","templated":true}]}}