{"id":2013,"date":"2024-04-25T20:09:43","date_gmt":"2024-04-25T23:09:43","guid":{"rendered":"https:\/\/anibalsilveira.org\/?page_id=2013"},"modified":"2024-05-06T20:53:55","modified_gmt":"2024-05-06T23:53:55","slug":"distribuicao-de-tipos-sanguineos-em-esquizofrenicos-correlacao-com-a-patogenese-do-quadro-clinico","status":"publish","type":"page","link":"https:\/\/anibalsilveira.org\/fr\/distribuicao-de-tipos-sanguineos-em-esquizofrenicos-correlacao-com-a-patogenese-do-quadro-clinico\/","title":{"rendered":"Distribui\u00e7\u00e3o de tipos sangu\u00edneos em esquizofr\u00eanicos: correla\u00e7\u00e3o com a patog\u00eanese do quadro cl\u00ednico."},"content":{"rendered":"<p class=\"has-text-align-center\"><strong>Distribui\u00e7\u00e3o de tipos sangu\u00edneos em esquizofr\u00eanicos: correla\u00e7\u00e3o com a patog\u00eanese do quadro cl\u00ednico\u00b9.<\/strong><\/p>\n\n\n\n<p class=\"has-text-align-right\"><strong><sub>Francisco Drumond Marcondes de Moura, Naoko Kwahata, Jos\u00e9 do Prado e Cl\u00e1udia Paschoarelli<br>Hospital Psiqui\u00e1trico de Juquery, Franco da Rocha, SP<\/sub><\/strong><\/p>\n\n\n\n<p>A patog\u00eanese dos diversos casos esquizofr\u00eanicos decorre de dinamismo gen\u00e9tico. \u00c9 o que ficou bem claro nas pesquisas heredol\u00f3gicas de Kleist e colaboradores na Alemanha e, em nosso meio, nos estudos de An\u00edbal Silveira \u2013 a partir de dados coligidos dentre 10.876 as anamneses heredol\u00f3gicas. Segundo a sistematiza\u00e7\u00e3o adotada por Silveira, o colorido cl\u00ednico das diversas formas de esquizofrenia depende da altera\u00e7\u00e3o de diversos setores que comp\u00f5em a personalidade. Fundamentalmente, temos os quadros afetivos (hebefr\u00eanicos), os conativos (catat\u00f4nicos) e os intelectuais (paranoides e confusionais) \u2013 estes comportando dois coloridos distintos: o delirante e o confusional. Visando estabelecer a poss\u00edvel correla\u00e7\u00e3o gen\u00e9tica entre determinado tipo sangu\u00edneo com a patog\u00eanese de determinado quadro cl\u00ednico foi verificado a tipagem sangu\u00ednea de 210 esquizofr\u00eanicos. Do ponto de vista da patog\u00eanese dos sintomas haviam 148 pacientes com quadro intelectual \u2013 117 com quadro delirante e 31 com quadro confusional -, 57 pacientes com quadro conativo e apenas 5 com quadro de patog\u00eanese afetiva. Quanto \u00e0 frequ\u00eancia por tipo sangu\u00edneo objetivemos: 103 do tipo O, 77 do tipo A, 25 do tipo B e 5 do tipo AB. Essa distribui\u00e7\u00e3o correspondeu ao que seria esperado, n\u00e3o havendo desvio significativo. No entanto, a distribui\u00e7\u00e3o do tipo de sangue por quadro cl\u00ednico (quadro 1) revelou o seguinte: nos pacientes com quadro conativo houve desvio com rela\u00e7\u00e3o do tipo A (17 obtidos para 25 esperados), tipo B (4 obtidos para 7 esperados) e tipo O (34 obtidos para 26 esperados); nos pacientes com quadro confusional houve desvio com rela\u00e7\u00e3o ao tipo O (9 obtidos para 14 esperados) e tipo B (7 obtidos para 4 esperados). Os dados obtidos sugerem correla\u00e7\u00e3o gen\u00e9tica entre o tipo sangu\u00edneo O em quadros catat\u00f4nicos e tipo sangu\u00edneo B e quadros confusionais esquizofr\u00eanicos.<\/p>\n\n\n\n<p><strong>\u00b9<sub>Trabalho apresentado na 34\u00aa Reuni\u00e3o Anual da Sociedade Brasileira para o Progresso da Ci\u00eancia -SBPC -, Campinas, S\u00e3o Paulo, julho de 1982<\/sub><\/strong><\/p>","protected":false},"excerpt":{"rendered":"<p>Distribui\u00e7\u00e3o de tipos sangu\u00edneos em esquizofr\u00eanicos: correla\u00e7\u00e3o com a patog\u00eanese do quadro cl\u00ednico\u00b9. Francisco Drumond Marcondes de Moura, Naoko Kwahata, Jos\u00e9 do Prado e Cl\u00e1udia PaschoarelliHospital Psiqui\u00e1trico de Juquery, Franco da Rocha, SP A patog\u00eanese dos diversos casos esquizofr\u00eanicos decorre de dinamismo gen\u00e9tico. \u00c9 o que ficou bem claro nas pesquisas heredol\u00f3gicas de Kleist e [&hellip;]<\/p>\n","protected":false},"author":8,"featured_media":0,"parent":0,"menu_order":0,"comment_status":"closed","ping_status":"closed","template":"","meta":{"footnotes":""},"categories":[],"tags":[],"class_list":["post-2013","page","type-page","status-publish","hentry"],"_links":{"self":[{"href":"https:\/\/anibalsilveira.org\/fr\/wp-json\/wp\/v2\/pages\/2013","targetHints":{"allow":["GET"]}}],"collection":[{"href":"https:\/\/anibalsilveira.org\/fr\/wp-json\/wp\/v2\/pages"}],"about":[{"href":"https:\/\/anibalsilveira.org\/fr\/wp-json\/wp\/v2\/types\/page"}],"author":[{"embeddable":true,"href":"https:\/\/anibalsilveira.org\/fr\/wp-json\/wp\/v2\/users\/8"}],"replies":[{"embeddable":true,"href":"https:\/\/anibalsilveira.org\/fr\/wp-json\/wp\/v2\/comments?post=2013"}],"version-history":[{"count":3,"href":"https:\/\/anibalsilveira.org\/fr\/wp-json\/wp\/v2\/pages\/2013\/revisions"}],"predecessor-version":[{"id":2162,"href":"https:\/\/anibalsilveira.org\/fr\/wp-json\/wp\/v2\/pages\/2013\/revisions\/2162"}],"wp:attachment":[{"href":"https:\/\/anibalsilveira.org\/fr\/wp-json\/wp\/v2\/media?parent=2013"}],"wp:term":[{"taxonomy":"category","embeddable":true,"href":"https:\/\/anibalsilveira.org\/fr\/wp-json\/wp\/v2\/categories?post=2013"},{"taxonomy":"post_tag","embeddable":true,"href":"https:\/\/anibalsilveira.org\/fr\/wp-json\/wp\/v2\/tags?post=2013"}],"curies":[{"name":"wp","href":"https:\/\/api.w.org\/{rel}","templated":true}]}}