{"id":2089,"date":"2024-05-06T14:39:53","date_gmt":"2024-05-06T17:39:53","guid":{"rendered":"https:\/\/anibalsilveira.org\/?page_id=2089"},"modified":"2024-05-06T20:56:43","modified_gmt":"2024-05-06T23:56:43","slug":"aspectos-conceituais-sobre-a-producao-social-da-doenca-mental-reflexoes-preliminares","status":"publish","type":"page","link":"https:\/\/anibalsilveira.org\/fr\/aspectos-conceituais-sobre-a-producao-social-da-doenca-mental-reflexoes-preliminares\/","title":{"rendered":"Aspectos conceituais sobre a produ\u00e7\u00e3o social da doen\u00e7a mental: reflex\u00f5es preliminares."},"content":{"rendered":"<p class=\"has-text-align-center\"><strong>Aspectos conceituais sobre a produ\u00e7\u00e3o social da doen\u00e7a mental: reflex\u00f5es preliminares\u00b9.<\/strong><\/p>\n\n\n\n<p class=\"has-text-align-right\"><strong><sub>Nacile Daud J\u00fanior, Luiz Henrique Borges,<br>Maristela Dalbello de Ara\u00fajo e Francisco Drumond Marcondes de Moura<br>Departamento de Medicina Preventiva da FMUSP, S\u00e3o Paulo, SP<\/sub><\/strong><\/p>\n\n\n\n<p>O est\u00e1gio atual do conhecimento sobre a sa\u00fade mental e as suas altera\u00e7\u00f5es t\u00eam demonstrado uma contradi\u00e7\u00e3o fundamental na valoriza\u00e7\u00e3o te\u00f3rica das implica\u00e7\u00f5es dos aspectos das condi\u00e7\u00f5es concretas de vida dos indiv\u00edduos determinadas pela divis\u00e3o social do trabalho. Se por um lado ao reconhecimento da exist\u00eancia destes aspectos, por outro, t\u00eam sido poucos os estudos que avancem na sua compreens\u00e3o. Tal contradi\u00e7\u00e3o se revela na defici\u00eancia das pol\u00edticas existenciais que n\u00e3o conseguem superar o n\u00edvel de aplica\u00e7\u00e3o dos conhecimentos psiqui\u00e1tricos e psicol\u00f3gicos cl\u00e1ssicos, ignorando, assim, a repercuss\u00e3o das prec\u00e1rias condi\u00e7\u00f5es de vida e trabalho nos transtornos mentais. Entendendo que o processo sa\u00fade-doen\u00e7a mental se desenvolve no \u00e2mbito da produ\u00e7\u00e3o social da doen\u00e7a, os autores apontam para a necessidade de revis\u00e3o dos modelos conceituais e operacionais da psicopatologia, assim como de metodologia apropriada para a apreens\u00e3o deste processo. Tal complexidade do objeto em estudo, exige a utiliza\u00e7\u00e3o de metodologias quantitativas e qualitativas para uma vis\u00e3o dos diversos aspectos da vida material e subjetiva (emocional, cognitiva e conativa) dos indiv\u00edduos. Analisando uma determinada forma\u00e7\u00e3o econ\u00f4mica e social, consideram o papel nuclear do trabalho em todo o procedimento humano, elegendo categorias conceituais que expressem a relev\u00e2ncia do trabalho humano no cotidiano do trabalho nos indiv\u00edduos, e como este condiciona a patog\u00eanese dos transtornos mentais. Os autores entendem que a divis\u00e3o social do trabalho, implicada em determinado processo de produ\u00e7\u00e3o, define o padr\u00e3o de atividade da for\u00e7a de trabalho, sua reprodu\u00e7\u00e3o e, principalmente, a pr\u00f3pria reprodu\u00e7\u00e3o das rela\u00e7\u00f5es sociais e de produ\u00e7\u00e3o atrav\u00e9s da organiza\u00e7\u00e3o do trabalho. Este conjunto define o padr\u00e3o de satisfa\u00e7\u00e3o e o de sofrimento que est\u00e1 na g\u00eanese de um estado de desgaste emocional que compromete o conjunto da sa\u00fade dos indiv\u00edduos em particular a sa\u00fade mental (FINEP).<\/p>\n\n\n\n<p><strong>\u00b9<sub>Trabalho apresentado na 38\u00aa Reuni\u00e3o Anual da Sociedade Brasileira para o Progresso da Ci\u00eancia -SBPC -, S\u00e3o Paulo, SP, julho de 1986<\/sub><\/strong><\/p>","protected":false},"excerpt":{"rendered":"<p>Aspectos conceituais sobre a produ\u00e7\u00e3o social da doen\u00e7a mental: reflex\u00f5es preliminares\u00b9. Nacile Daud J\u00fanior, Luiz Henrique Borges,Maristela Dalbello de Ara\u00fajo e Francisco Drumond Marcondes de MouraDepartamento de Medicina Preventiva da FMUSP, S\u00e3o Paulo, SP O est\u00e1gio atual do conhecimento sobre a sa\u00fade mental e as suas altera\u00e7\u00f5es t\u00eam demonstrado uma contradi\u00e7\u00e3o fundamental na valoriza\u00e7\u00e3o te\u00f3rica [&hellip;]<\/p>\n","protected":false},"author":8,"featured_media":0,"parent":0,"menu_order":0,"comment_status":"closed","ping_status":"closed","template":"","meta":{"footnotes":""},"categories":[],"tags":[],"class_list":["post-2089","page","type-page","status-publish","hentry"],"_links":{"self":[{"href":"https:\/\/anibalsilveira.org\/fr\/wp-json\/wp\/v2\/pages\/2089","targetHints":{"allow":["GET"]}}],"collection":[{"href":"https:\/\/anibalsilveira.org\/fr\/wp-json\/wp\/v2\/pages"}],"about":[{"href":"https:\/\/anibalsilveira.org\/fr\/wp-json\/wp\/v2\/types\/page"}],"author":[{"embeddable":true,"href":"https:\/\/anibalsilveira.org\/fr\/wp-json\/wp\/v2\/users\/8"}],"replies":[{"embeddable":true,"href":"https:\/\/anibalsilveira.org\/fr\/wp-json\/wp\/v2\/comments?post=2089"}],"version-history":[{"count":2,"href":"https:\/\/anibalsilveira.org\/fr\/wp-json\/wp\/v2\/pages\/2089\/revisions"}],"predecessor-version":[{"id":2166,"href":"https:\/\/anibalsilveira.org\/fr\/wp-json\/wp\/v2\/pages\/2089\/revisions\/2166"}],"wp:attachment":[{"href":"https:\/\/anibalsilveira.org\/fr\/wp-json\/wp\/v2\/media?parent=2089"}],"wp:term":[{"taxonomy":"category","embeddable":true,"href":"https:\/\/anibalsilveira.org\/fr\/wp-json\/wp\/v2\/categories?post=2089"},{"taxonomy":"post_tag","embeddable":true,"href":"https:\/\/anibalsilveira.org\/fr\/wp-json\/wp\/v2\/tags?post=2089"}],"curies":[{"name":"wp","href":"https:\/\/api.w.org\/{rel}","templated":true}]}}