{"id":2099,"date":"2024-05-06T14:45:06","date_gmt":"2024-05-06T17:45:06","guid":{"rendered":"https:\/\/anibalsilveira.org\/?page_id=2099"},"modified":"2024-05-06T20:59:25","modified_gmt":"2024-05-06T23:59:25","slug":"dificuldades-metodologicas-na-apreensao-do-sofrimento-mental-de-uma-populacao-trabalhadora","status":"publish","type":"page","link":"https:\/\/anibalsilveira.org\/fr\/dificuldades-metodologicas-na-apreensao-do-sofrimento-mental-de-uma-populacao-trabalhadora\/","title":{"rendered":"Dificuldades metodol\u00f3gicas na apreens\u00e3o do sofrimento mental de uma popula\u00e7\u00e3o trabalhadora."},"content":{"rendered":"<p class=\"has-text-align-center\"><strong>Dificuldades metodol\u00f3gicas na apreens\u00e3o do sofrimento mental de uma popula\u00e7\u00e3o trabalhadora\u00b9.\u00a0<\/strong><\/p>\n\n\n\n<p class=\"has-text-align-right\"><strong><sub>Nacile Daud J\u00fanior, Luiz Henrique Borges,<br>Maristela Dalbello de Ara\u00fajo e Francisco Drumond Marcondes de Moura<br>Departamento de Medicina Preventiva da FMUSP, S\u00e3o Paulo, SP<\/sub><\/strong><\/p>\n\n\n\n<p>O pequeno n\u00famero de estudos que aprofundem a quest\u00e3o da a\u00e7\u00e3o do trabalho sobre o funcionamento mental dos trabalhadores se deve, em certa medida, \u00e0 dificuldade de se estruturar uma metodologia que consiga dar conta da complexidade deste tema. Al\u00e9m das dificuldades relativas \u00e0 compreens\u00e3o da rela\u00e7\u00e3o entre o processo sa\u00fade-doen\u00e7a e o processo de trabalho, somam-se as que dizem respeito \u00e0 pr\u00f3pria caracteriza\u00e7\u00e3o das altera\u00e7\u00f5es do funcionamento mental, principalmente em estudos populacionais na comunidade. Nesse sentido, os autores se prop\u00f5em a analisar os dados obtidos de levantamentos realizados na popula\u00e7\u00e3o trabalhadora do munic\u00edpio de Cubat\u00e3o \u2013 SP, nos per\u00edodos de 1980\/81 e 1983, atrav\u00e9s de 3 metodologias diferentes. No primeiro levantamento, obtido atrav\u00e9s da classifica\u00e7\u00e3o sum\u00e1ria da morbidade sentida, no bojo de um question\u00e1rio mais geral sobre acidentes de trabalho, os transtornos mentais aparecem em 5\u00ba lugar entre os dist\u00farbios de sa\u00fade classificados segundo o CID (7,7% dos epis\u00f3dios referidos \u2013 Tabela 1). No segundo levantamento realizado em 1983, obtido atrav\u00e9s da classifica\u00e7\u00e3o de morbidade sentida espontaneamente referida, constante num question\u00e1rio mais complexo sobre dist\u00farbios de sa\u00fade, onde os transtornos mentais aparecem em 9\u00ba lugar (3,8% dos epis\u00f3dios referidos \u2013 Tabela 1). No terceiro levantamento, tamb\u00e9m realizado em 1983, os dados oriundos de um interrogat\u00f3rio mais extensivo sobre os dist\u00farbios de sa\u00fade e classificados segundo o crit\u00e9rio que avaliavam sintomatologia ps\u00edquico-emocional, procura de atendimento especializado, dist\u00farbios do sono e uso importante de bebidas alco\u00f3licas, mostram a preval\u00eancia de cerca de 46% entre os trabalhadores entrevistados (Tabela 2). Os autores concluem da necessidade de se aperfei\u00e7oar a metodologia, tanto no tocante aos instrumentos de coleta de informa\u00e7\u00f5es, quanto aos crit\u00e9rios diagn\u00f3sticos com o CID mostrando insuficiente para esse tipo de estudo populacional (FINEP).<\/p>\n\n\n\n<p>\u00b9<sub><strong>Trabalho apresentado na 38\u00aa Reuni\u00e3o Anual da Sociedade Brasileira para o Progresso da Ci\u00eancia -SBPC -, S\u00e3o Paulo, SP, julho de 1986<\/strong><\/sub><\/p>","protected":false},"excerpt":{"rendered":"<p>Dificuldades metodol\u00f3gicas na apreens\u00e3o do sofrimento mental de uma popula\u00e7\u00e3o trabalhadora\u00b9.\u00a0 Nacile Daud J\u00fanior, Luiz Henrique Borges,Maristela Dalbello de Ara\u00fajo e Francisco Drumond Marcondes de MouraDepartamento de Medicina Preventiva da FMUSP, S\u00e3o Paulo, SP O pequeno n\u00famero de estudos que aprofundem a quest\u00e3o da a\u00e7\u00e3o do trabalho sobre o funcionamento mental dos trabalhadores se deve, [&hellip;]<\/p>\n","protected":false},"author":8,"featured_media":0,"parent":0,"menu_order":0,"comment_status":"closed","ping_status":"closed","template":"","meta":{"footnotes":""},"categories":[],"tags":[],"class_list":["post-2099","page","type-page","status-publish","hentry"],"_links":{"self":[{"href":"https:\/\/anibalsilveira.org\/fr\/wp-json\/wp\/v2\/pages\/2099","targetHints":{"allow":["GET"]}}],"collection":[{"href":"https:\/\/anibalsilveira.org\/fr\/wp-json\/wp\/v2\/pages"}],"about":[{"href":"https:\/\/anibalsilveira.org\/fr\/wp-json\/wp\/v2\/types\/page"}],"author":[{"embeddable":true,"href":"https:\/\/anibalsilveira.org\/fr\/wp-json\/wp\/v2\/users\/8"}],"replies":[{"embeddable":true,"href":"https:\/\/anibalsilveira.org\/fr\/wp-json\/wp\/v2\/comments?post=2099"}],"version-history":[{"count":2,"href":"https:\/\/anibalsilveira.org\/fr\/wp-json\/wp\/v2\/pages\/2099\/revisions"}],"predecessor-version":[{"id":2169,"href":"https:\/\/anibalsilveira.org\/fr\/wp-json\/wp\/v2\/pages\/2099\/revisions\/2169"}],"wp:attachment":[{"href":"https:\/\/anibalsilveira.org\/fr\/wp-json\/wp\/v2\/media?parent=2099"}],"wp:term":[{"taxonomy":"category","embeddable":true,"href":"https:\/\/anibalsilveira.org\/fr\/wp-json\/wp\/v2\/categories?post=2099"},{"taxonomy":"post_tag","embeddable":true,"href":"https:\/\/anibalsilveira.org\/fr\/wp-json\/wp\/v2\/tags?post=2099"}],"curies":[{"name":"wp","href":"https:\/\/api.w.org\/{rel}","templated":true}]}}