{"id":2113,"date":"2024-05-06T19:30:33","date_gmt":"2024-05-06T22:30:33","guid":{"rendered":"https:\/\/anibalsilveira.org\/?page_id=2113"},"modified":"2024-05-06T20:56:07","modified_gmt":"2024-05-06T23:56:07","slug":"o-juqueri-ha-saidas-ii-experiencia-alternativa-em-um-macroasilo","status":"publish","type":"page","link":"https:\/\/anibalsilveira.org\/fr\/o-juqueri-ha-saidas-ii-experiencia-alternativa-em-um-macroasilo\/","title":{"rendered":"O Juqueri: h\u00e1 sa\u00eddas? II. Experi\u00eancia alternativa em um macroasilo."},"content":{"rendered":"<p class=\"has-text-align-center\"><strong>O Juqueri: h\u00e1 sa\u00eddas? II. Experi\u00eancia alternativa em um macroasilo\u00b9.<\/strong><\/p>\n\n\n\n<p class=\"has-text-align-right\"><strong><sub>Francisco Drumond Marcondes de Moura,<br>Elisabete Mangia, F\u00e1tima Oliver, e Odile Brender<br>Diretoria Cl\u00ednica, Complexo Hospitalar de Juqueri, Franco da Rocha, SP<\/sub><\/strong><\/p>\n\n\n\n<p>As condi\u00e7\u00f5es desumanas de vida aos que est\u00e3o submetidos os internos do Juqueri \u2013 confinamento, em atividade, total falta de est\u00edmulos, a perda da privacidade e da identidade pessoal, cultural e social, determinaram a apresenta\u00e7\u00e3o do projeto dos Centros de Conviv\u00eancia que, vinculado a um Projeto mais amplo de modifica\u00e7\u00e3o das condi\u00e7\u00f5es de vida, propunha a cria\u00e7\u00e3o de espa\u00e7os exteriores aos pavilh\u00f5es onde se integrariam a atividades de socioterapia e Terapia Ocupacional. Na pr\u00e1tica, o Projeto consistia em: atividades artesanais, recreativas, esportivas, expressivas, horta e jardinagem, culin\u00e1ria, teatro e cinema. Tais atividades exerceria fun\u00e7\u00e3o terap\u00eautica na medida em que modificavam qualitativamente as rela\u00e7\u00f5es sociais estabelecidas, de forma doentia, no cotidiano do Juqueri. De tal forma que se pudesse preparar o internado \u2013 com anos de reclus\u00e3o para um poss\u00edvel retorno ao conv\u00edvio social. Nesse sentido, os Centros de Conviv\u00eancia desempenhariam no \u00e2mbito do Juqueri o principal papel na reabilita\u00e7\u00e3o psicossocial. Se por si s\u00f3 a nova din\u00e2mica que essa experi\u00eancia gerasse n\u00e3o fosse suficiente para modificar, de imediato, a nova pr\u00e1tica determinaria certamente a possibilidade do surgimento de uma consci\u00eancia cr\u00edtica da antiga pr\u00e1tica. A experi\u00eancia destinava-se inicialmente a uma popula\u00e7\u00e3o aproximada de mil pacientes sediados nas 8 unidades componentes do complexo central do Juqueri. A tentativa de implanta\u00e7\u00e3o do Projeto iniciou-se em agosto de 1983 a partir do trabalho conjunto de 4 profissionais \u2013 3 terapeutas ocupacionais e 1 psic\u00f3logo \u2013 coordenados pela Diretoria Cl\u00ednica do complexo hospitalar de Juqueri. Hoje cerca de 30% do Projeto encontra-se implantado e \u00e9 muito remota a possibilidade de concretiz\u00e1-lo na \u00edntegra. Nesse processo esbarrou-se com s\u00e9rias dificuldades ligadas \u00e0 resist\u00eancias que a organiza\u00e7\u00e3o institucional anacr\u00f4nica imp\u00f5e \u00e0s tentativas de transforma\u00e7\u00e3o da mesma e que persistem mesmo frente \u00e0 total fal\u00eancia da institui\u00e7\u00e3o e a morte cotidiana da popula\u00e7\u00e3o nela custodiada.<\/p>\n\n\n\n<p><strong>\u00b9<sub>Trabalho apresentado na 36\u00aa Reuni\u00e3o Anual da Sociedade Brasileira para o Progresso da Ci\u00eancia -SBPC -, S\u00e3o Paulo, SP, julho de 1984<\/sub><\/strong><\/p>","protected":false},"excerpt":{"rendered":"<p>O Juqueri: h\u00e1 sa\u00eddas? II. Experi\u00eancia alternativa em um macroasilo\u00b9. Francisco Drumond Marcondes de Moura,Elisabete Mangia, F\u00e1tima Oliver, e Odile BrenderDiretoria Cl\u00ednica, Complexo Hospitalar de Juqueri, Franco da Rocha, SP As condi\u00e7\u00f5es desumanas de vida aos que est\u00e3o submetidos os internos do Juqueri \u2013 confinamento, em atividade, total falta de est\u00edmulos, a perda da privacidade [&hellip;]<\/p>\n","protected":false},"author":8,"featured_media":0,"parent":0,"menu_order":0,"comment_status":"closed","ping_status":"closed","template":"","meta":{"footnotes":""},"categories":[],"tags":[],"class_list":["post-2113","page","type-page","status-publish","hentry"],"_links":{"self":[{"href":"https:\/\/anibalsilveira.org\/fr\/wp-json\/wp\/v2\/pages\/2113","targetHints":{"allow":["GET"]}}],"collection":[{"href":"https:\/\/anibalsilveira.org\/fr\/wp-json\/wp\/v2\/pages"}],"about":[{"href":"https:\/\/anibalsilveira.org\/fr\/wp-json\/wp\/v2\/types\/page"}],"author":[{"embeddable":true,"href":"https:\/\/anibalsilveira.org\/fr\/wp-json\/wp\/v2\/users\/8"}],"replies":[{"embeddable":true,"href":"https:\/\/anibalsilveira.org\/fr\/wp-json\/wp\/v2\/comments?post=2113"}],"version-history":[{"count":2,"href":"https:\/\/anibalsilveira.org\/fr\/wp-json\/wp\/v2\/pages\/2113\/revisions"}],"predecessor-version":[{"id":2165,"href":"https:\/\/anibalsilveira.org\/fr\/wp-json\/wp\/v2\/pages\/2113\/revisions\/2165"}],"wp:attachment":[{"href":"https:\/\/anibalsilveira.org\/fr\/wp-json\/wp\/v2\/media?parent=2113"}],"wp:term":[{"taxonomy":"category","embeddable":true,"href":"https:\/\/anibalsilveira.org\/fr\/wp-json\/wp\/v2\/categories?post=2113"},{"taxonomy":"post_tag","embeddable":true,"href":"https:\/\/anibalsilveira.org\/fr\/wp-json\/wp\/v2\/tags?post=2113"}],"curies":[{"name":"wp","href":"https:\/\/api.w.org\/{rel}","templated":true}]}}