{"id":2118,"date":"2024-05-06T19:37:57","date_gmt":"2024-05-06T22:37:57","guid":{"rendered":"https:\/\/anibalsilveira.org\/?page_id=2118"},"modified":"2024-05-06T20:54:26","modified_gmt":"2024-05-06T23:54:26","slug":"quem-ganha-com-a-loucura","status":"publish","type":"page","link":"https:\/\/anibalsilveira.org\/fr\/quem-ganha-com-a-loucura\/","title":{"rendered":"Quem ganha com a loucura?"},"content":{"rendered":"<p class=\"has-text-align-center\"><strong>Quem ganha com a loucura?\u00b9<\/strong><\/p>\n\n\n\n<p class=\"has-text-align-right\"><strong><sub>Francisco Drumond Marcondes de Moura,<br>Diretoria Cl\u00ednica, Complexo Hospitalar de Juqueri, Franco da Rocha, SP<\/sub><\/strong><\/p>\n\n\n\n<p>Os hospitais particulares com pouco mais de 8000 leitos representam hoje 55% do total de leitos do sistema hospitalar psiqui\u00e1trico do estado. Foi um crescimento not\u00e1vel que n\u00e3o refletiu uma maior necessidade de leitos, mas um definhamento correspondente dos servi\u00e7os p\u00fablicos. Durante a d\u00e9cada de 70 a contrata\u00e7\u00e3o de leitos psiqui\u00e1tricos foi apresentada \u00e0 comunidade, sob os ausp\u00edcios de conveniente Humanismo como a solu\u00e7\u00e3o para grande trag\u00e9dia que era a situa\u00e7\u00e3o dos internados nos hospitais do estado. De fato, o que transcorria n\u00e3o era apenas um grande equ\u00edvoco, mas uma not\u00e1vel farsa. Equ\u00edvoco porque para assistir em n\u00edvel hospitalar a pouco mais de 8000 pessoas, empenhou-se em importante parcela dos recursos para os programas de Sa\u00fade Mental, em detrimento da assist\u00eancia b\u00e1sica de praticamente toda a popula\u00e7\u00e3o n\u00e3o previdenci\u00e1ria do estado. Farsa porque n\u00e3o havia argumento t\u00e9cnico e moral que a sustentasse. Foi o triunfo do interesse de uma minoria extremamente reduzida sobre os anseios e as reais necessidades de sa\u00fade mental da popula\u00e7\u00e3o. Certamente a implanta\u00e7\u00e3o dessa infame pol\u00edtica de contrata\u00e7\u00e3o de leitos psiqui\u00e1tricos s\u00f3 foi poss\u00edvel gra\u00e7as a um estado anormal de coisas imposta ao conjunto da sociedade brasileira nos \u00faltimos 20 anos. Um dos argumentos decisivos para que se contratassem leitos psiqui\u00e1tricos foi o de que isto resolveria o ent\u00e3o grave problema dos 16.000 internados do Juqueri. Isto em 1972. Hoje, em 1984, a situa\u00e7\u00e3o do internado do Juqueri \u00e9 melhor do que era em 1972? Definitivamente, n\u00e3o. E o Juqueri conta hoje com a mais baixa lota\u00e7\u00e3o de sua hist\u00f3ria \u2013 3.400 pacientes. Outro argumento dos defensores da rede privada \u00e9 de que a pol\u00edtica de contrata\u00e7\u00e3o de leitos decorreu da necessidade regional de assist\u00eancia. Isto \u00e9 falso. Um levantamento feito nos hospitais particulares na regi\u00e3o de Sorocaba \u2013 onde est\u00e3o concentrados o maior n\u00famero de leitos contratados (2.150) sobre a regi\u00e3o de origem dos pacientes revelou: 81% dos internados n\u00e3o pertencia a regi\u00e3o de localiza\u00e7\u00e3o do hospital.<\/p>\n\n\n\n<p><strong>\u00b9<sub>Trabalho apresentado na 36\u00aa Reuni\u00e3o Anual da Sociedade Brasileira para o Progresso da Ci\u00eancia -SBPC -, S\u00e3o Paulo, SP, julho de 1984<\/sub><\/strong><\/p>","protected":false},"excerpt":{"rendered":"<p>Quem ganha com a loucura?\u00b9 Francisco Drumond Marcondes de Moura,Diretoria Cl\u00ednica, Complexo Hospitalar de Juqueri, Franco da Rocha, SP Os hospitais particulares com pouco mais de 8000 leitos representam hoje 55% do total de leitos do sistema hospitalar psiqui\u00e1trico do estado. Foi um crescimento not\u00e1vel que n\u00e3o refletiu uma maior necessidade de leitos, mas um [&hellip;]<\/p>\n","protected":false},"author":8,"featured_media":0,"parent":0,"menu_order":0,"comment_status":"closed","ping_status":"closed","template":"","meta":{"footnotes":""},"categories":[],"tags":[],"class_list":["post-2118","page","type-page","status-publish","hentry"],"_links":{"self":[{"href":"https:\/\/anibalsilveira.org\/fr\/wp-json\/wp\/v2\/pages\/2118","targetHints":{"allow":["GET"]}}],"collection":[{"href":"https:\/\/anibalsilveira.org\/fr\/wp-json\/wp\/v2\/pages"}],"about":[{"href":"https:\/\/anibalsilveira.org\/fr\/wp-json\/wp\/v2\/types\/page"}],"author":[{"embeddable":true,"href":"https:\/\/anibalsilveira.org\/fr\/wp-json\/wp\/v2\/users\/8"}],"replies":[{"embeddable":true,"href":"https:\/\/anibalsilveira.org\/fr\/wp-json\/wp\/v2\/comments?post=2118"}],"version-history":[{"count":3,"href":"https:\/\/anibalsilveira.org\/fr\/wp-json\/wp\/v2\/pages\/2118\/revisions"}],"predecessor-version":[{"id":2163,"href":"https:\/\/anibalsilveira.org\/fr\/wp-json\/wp\/v2\/pages\/2118\/revisions\/2163"}],"wp:attachment":[{"href":"https:\/\/anibalsilveira.org\/fr\/wp-json\/wp\/v2\/media?parent=2118"}],"wp:term":[{"taxonomy":"category","embeddable":true,"href":"https:\/\/anibalsilveira.org\/fr\/wp-json\/wp\/v2\/categories?post=2118"},{"taxonomy":"post_tag","embeddable":true,"href":"https:\/\/anibalsilveira.org\/fr\/wp-json\/wp\/v2\/tags?post=2118"}],"curies":[{"name":"wp","href":"https:\/\/api.w.org\/{rel}","templated":true}]}}