{"id":2392,"date":"2024-06-14T20:15:14","date_gmt":"2024-06-14T23:15:14","guid":{"rendered":"https:\/\/anibalsilveira.org\/?page_id=2392"},"modified":"2024-06-14T20:15:14","modified_gmt":"2024-06-14T23:15:14","slug":"importancia-epidemiologica-do-criterio-genetico-em-psiquiatria-revisao-de-35-casos-com-diagnostico-de-esquizofrenia","status":"publish","type":"page","link":"https:\/\/anibalsilveira.org\/fr\/importancia-epidemiologica-do-criterio-genetico-em-psiquiatria-revisao-de-35-casos-com-diagnostico-de-esquizofrenia\/","title":{"rendered":"IMPORT\u00c2NCIA EPIDEMIOL\u00d3GICA DO CRIT\u00c9RIO GEN\u00c9TICO EM PSIQUIATRIA. REVIS\u00c3O DE 35 CASOS COM DIAGN\u00d3STICO DE ESQUIZOFRENIA"},"content":{"rendered":"<p class=\"has-text-align-center\"><strong>IMPORT\u00c2NCIA EPIDEMIOL\u00d3GICA DO CRIT\u00c9RIO GEN\u00c9TICO EM PSIQUIATRIA. REVIS\u00c3O DE 35 CASOS COM DIAGN\u00d3STICO DE ESQUIZOFRENIA<\/strong><sup data-fn=\"51ca2d26-2017-4cc2-aeb6-8b16f2509df1\" class=\"fn\"><a href=\"#51ca2d26-2017-4cc2-aeb6-8b16f2509df1\" id=\"51ca2d26-2017-4cc2-aeb6-8b16f2509df1-link\">1<\/a><\/sup><\/p>\n\n\n\n<p class=\"has-text-align-right\"><strong><sup>Francisco Drumond Marcondes de Moura<br>Hospital Psiqui\u00e1trico de Juqueri, Franco da Rocha, SP<\/sup><\/strong><\/p>\n\n\n\n<p>O conceito de esquizofrenia, segundo Bleuler, envolve a no\u00e7\u00e3o de dissocia\u00e7\u00e3o ps\u00edquica, que por sua extens\u00e3o, abrange desde os quadros t\u00edpicos de Dem\u00eancia Precoce, sistematizados por Kraepelin, como aqueles pass\u00edveis de remiss\u00e3o integral. Na doutrina de Kleist, por esquizofrenia, se subentende um conjunto de condi\u00e7\u00f5es m\u00f3rbidas end\u00f3genas e de car\u00e1ter progressivo: sempre levam \u00e0 dem\u00eancia. Kleist empregou no estudo desse grupo m\u00f3rbido o mesmo crit\u00e9rio de seu mestre Wernicke \u2013 a caracteriza\u00e7\u00e3o dos dinamismos patog\u00eanicos envolvidos na configura\u00e7\u00e3o geral e particular de cada quadro cl\u00ednico. Assim, isolou 26 formas de esquizofrenia. Por outro lado, utilizando o mesmo crit\u00e9rio, distinguiu clinicamente um grupo de psicoses fenomenologicamente semelhantes \u00e0 esquizofrenia, mas de car\u00e1ter benigno. Na ocasi\u00e3o, por sugest\u00e3o de Schr\u00f6der, denominou genericamente esse grupo de Psicose Degenerativa. Em 1959, An\u00edbal Silveira criou o termo Psicose Diat\u00e9tica para caracteriz\u00e1-lo. Fundamentados nessa doutrina estudamos 35 pacientes que tinham o diagn\u00f3stico de esquizofrenia, dentre 200 admitidos em hospital psiqui\u00e1trico de agudos, no per\u00edodo de 22\/05\/78 a 11\/07\/78. Verificamos que em 18 tratava-se de psicose diat\u00e9tica, que tiveram remiss\u00e3o total do quadro psic\u00f3tico ap\u00f3s 65 dias de interna\u00e7\u00e3o, em m\u00e9dia. Em 9 casos confirmou-se o diagn\u00f3stico de esquizofrenia. Em 8 casos, por fatores circunstanciais, n\u00e3o se firmou um diagn\u00f3stico. \u00c9 interessante assinalar, que dentre as psicoses diat\u00e9ticas predominaram as do grupo paran\u00f3ide, com 16 casos. Outros 2, eram formas do grupo cicl\u00f3ide. O diagn\u00f3stico de \u201cesquizofrenia paran\u00f3ide\u201d existia, originariamente, em 27 casos.\u00a0<\/p>\n\n\n<ol class=\"wp-block-footnotes\"><li id=\"51ca2d26-2017-4cc2-aeb6-8b16f2509df1\">rabalho apresentado na 32\u00aa Reuni\u00e3o Anual da Sociedade Brasileira para o Progresso da Ci\u00eancia -SBPC -, julho de 1980. <a href=\"#51ca2d26-2017-4cc2-aeb6-8b16f2509df1-link\" aria-label=\"Aller \u00e0 la note de bas de page 1\">\u21a9\ufe0e<\/a><\/li><\/ol>","protected":false},"excerpt":{"rendered":"<p>IMPORT\u00c2NCIA EPIDEMIOL\u00d3GICA DO CRIT\u00c9RIO GEN\u00c9TICO EM PSIQUIATRIA. REVIS\u00c3O DE 35 CASOS COM DIAGN\u00d3STICO DE ESQUIZOFRENIA Francisco Drumond Marcondes de MouraHospital Psiqui\u00e1trico de Juqueri, Franco da Rocha, SP O conceito de esquizofrenia, segundo Bleuler, envolve a no\u00e7\u00e3o de dissocia\u00e7\u00e3o ps\u00edquica, que por sua extens\u00e3o, abrange desde os quadros t\u00edpicos de Dem\u00eancia Precoce, sistematizados por Kraepelin, como [&hellip;]<\/p>\n","protected":false},"author":8,"featured_media":0,"parent":0,"menu_order":0,"comment_status":"closed","ping_status":"closed","template":"","meta":{"footnotes":"[{\"content\":\"rabalho apresentado na 32\u00aa Reuni\u00e3o Anual da Sociedade Brasileira para o Progresso da Ci\u00eancia -SBPC -, julho de 1980.\",\"id\":\"51ca2d26-2017-4cc2-aeb6-8b16f2509df1\"}]"},"categories":[],"tags":[],"class_list":["post-2392","page","type-page","status-publish","hentry"],"_links":{"self":[{"href":"https:\/\/anibalsilveira.org\/fr\/wp-json\/wp\/v2\/pages\/2392","targetHints":{"allow":["GET"]}}],"collection":[{"href":"https:\/\/anibalsilveira.org\/fr\/wp-json\/wp\/v2\/pages"}],"about":[{"href":"https:\/\/anibalsilveira.org\/fr\/wp-json\/wp\/v2\/types\/page"}],"author":[{"embeddable":true,"href":"https:\/\/anibalsilveira.org\/fr\/wp-json\/wp\/v2\/users\/8"}],"replies":[{"embeddable":true,"href":"https:\/\/anibalsilveira.org\/fr\/wp-json\/wp\/v2\/comments?post=2392"}],"version-history":[{"count":1,"href":"https:\/\/anibalsilveira.org\/fr\/wp-json\/wp\/v2\/pages\/2392\/revisions"}],"predecessor-version":[{"id":2395,"href":"https:\/\/anibalsilveira.org\/fr\/wp-json\/wp\/v2\/pages\/2392\/revisions\/2395"}],"wp:attachment":[{"href":"https:\/\/anibalsilveira.org\/fr\/wp-json\/wp\/v2\/media?parent=2392"}],"wp:term":[{"taxonomy":"category","embeddable":true,"href":"https:\/\/anibalsilveira.org\/fr\/wp-json\/wp\/v2\/categories?post=2392"},{"taxonomy":"post_tag","embeddable":true,"href":"https:\/\/anibalsilveira.org\/fr\/wp-json\/wp\/v2\/tags?post=2392"}],"curies":[{"name":"wp","href":"https:\/\/api.w.org\/{rel}","templated":true}]}}