{"id":2615,"date":"2024-06-25T19:56:25","date_gmt":"2024-06-25T22:56:25","guid":{"rendered":"https:\/\/anibalsilveira.org\/?page_id=2615"},"modified":"2024-06-28T17:38:07","modified_gmt":"2024-06-28T20:38:07","slug":"caracterizacao-das-principais-cargas-objetivas-de-trabalho-exposicao-a-agentes-neuro-toxicos-metais-solventes-organicos-dentre-outros-ruido-excessivo-temperaturas-elevadas-dentre-outros","status":"publish","type":"page","link":"https:\/\/anibalsilveira.org\/fr\/caracterizacao-das-principais-cargas-objetivas-de-trabalho-exposicao-a-agentes-neuro-toxicos-metais-solventes-organicos-dentre-outros-ruido-excessivo-temperaturas-elevadas-dentre-outros\/","title":{"rendered":"Caracteriza\u00e7\u00e3o das principais cargas ps\u00edquicas de trabalho: viol\u00eancia moral, viv\u00eancia de grave risco \u00e0 vida, automatiza\u00e7\u00e3o e repetitividade, monotonia, degrada\u00e7\u00e3o, limita\u00e7\u00e3o deliberada, isolamento social, sobrecarga e desgaste emocional."},"content":{"rendered":"<div class=\"wp-block-file\"><a id=\"wp-block-file--media-c6ad8afc-be28-4c59-ae65-e0f314a8841b\" href=\"https:\/\/anibalsilveira.org\/wp-content\/uploads\/2024\/06\/Cargas-psiquicas-de-trabalho.ppt\">Cargas-psiquicas-de-trabalho<\/a><a href=\"https:\/\/anibalsilveira.org\/wp-content\/uploads\/2024\/06\/Cargas-psiquicas-de-trabalho.ppt\" class=\"wp-block-file__button wp-element-button\" download aria-describedby=\"wp-block-file--media-c6ad8afc-be28-4c59-ae65-e0f314a8841b\">Baixar<\/a><\/div>","protected":false},"excerpt":{"rendered":"","protected":false},"author":8,"featured_media":0,"parent":0,"menu_order":0,"comment_status":"closed","ping_status":"closed","template":"","meta":{"footnotes":""},"categories":[],"tags":[],"class_list":["post-2615","page","type-page","status-publish","hentry"],"_links":{"self":[{"href":"https:\/\/anibalsilveira.org\/fr\/wp-json\/wp\/v2\/pages\/2615","targetHints":{"allow":["GET"]}}],"collection":[{"href":"https:\/\/anibalsilveira.org\/fr\/wp-json\/wp\/v2\/pages"}],"about":[{"href":"https:\/\/anibalsilveira.org\/fr\/wp-json\/wp\/v2\/types\/page"}],"author":[{"embeddable":true,"href":"https:\/\/anibalsilveira.org\/fr\/wp-json\/wp\/v2\/users\/8"}],"replies":[{"embeddable":true,"href":"https:\/\/anibalsilveira.org\/fr\/wp-json\/wp\/v2\/comments?post=2615"}],"version-history":[{"count":2,"href":"https:\/\/anibalsilveira.org\/fr\/wp-json\/wp\/v2\/pages\/2615\/revisions"}],"predecessor-version":[{"id":2712,"href":"https:\/\/anibalsilveira.org\/fr\/wp-json\/wp\/v2\/pages\/2615\/revisions\/2712"}],"wp:attachment":[{"href":"https:\/\/anibalsilveira.org\/fr\/wp-json\/wp\/v2\/media?parent=2615"}],"wp:term":[{"taxonomy":"category","embeddable":true,"href":"https:\/\/anibalsilveira.org\/fr\/wp-json\/wp\/v2\/categories?post=2615"},{"taxonomy":"post_tag","embeddable":true,"href":"https:\/\/anibalsilveira.org\/fr\/wp-json\/wp\/v2\/tags?post=2615"}],"curies":[{"name":"wp","href":"https:\/\/api.w.org\/{rel}","templated":true}]}}