{"id":2734,"date":"2024-07-01T17:20:37","date_gmt":"2024-07-01T20:20:37","guid":{"rendered":"https:\/\/anibalsilveira.org\/?page_id=2734"},"modified":"2024-07-01T17:20:37","modified_gmt":"2024-07-01T20:20:37","slug":"o-grupo-focal-como-ferramenta-de-avaliacao-da-relacao-entre-agravos-a-saude-relacionados-ao-trabalho","status":"publish","type":"page","link":"https:\/\/anibalsilveira.org\/fr\/o-grupo-focal-como-ferramenta-de-avaliacao-da-relacao-entre-agravos-a-saude-relacionados-ao-trabalho\/","title":{"rendered":"O Grupo Focal como ferramenta de avalia\u00e7\u00e3o da rela\u00e7\u00e3o entre agravos \u00e0 sa\u00fade relacionados ao trabalho."},"content":{"rendered":"<div class=\"wp-block-file\"><a id=\"wp-block-file--media-dbd5ac45-3b02-4df1-91d2-822f7fc31c1f\" href=\"https:\/\/anibalsilveira.org\/wp-content\/uploads\/2024\/07\/O-Grupo-focal-como-ferramenta-de-avaliacao.ppt\">O-Grupo-focal-como-ferramenta-de-avaliacao<\/a><a href=\"https:\/\/anibalsilveira.org\/wp-content\/uploads\/2024\/07\/O-Grupo-focal-como-ferramenta-de-avaliacao.ppt\" class=\"wp-block-file__button wp-element-button\" download aria-describedby=\"wp-block-file--media-dbd5ac45-3b02-4df1-91d2-822f7fc31c1f\">Baixar<\/a><\/div>","protected":false},"excerpt":{"rendered":"","protected":false},"author":8,"featured_media":0,"parent":0,"menu_order":0,"comment_status":"closed","ping_status":"closed","template":"","meta":{"footnotes":""},"categories":[],"tags":[],"class_list":["post-2734","page","type-page","status-publish","hentry"],"_links":{"self":[{"href":"https:\/\/anibalsilveira.org\/fr\/wp-json\/wp\/v2\/pages\/2734","targetHints":{"allow":["GET"]}}],"collection":[{"href":"https:\/\/anibalsilveira.org\/fr\/wp-json\/wp\/v2\/pages"}],"about":[{"href":"https:\/\/anibalsilveira.org\/fr\/wp-json\/wp\/v2\/types\/page"}],"author":[{"embeddable":true,"href":"https:\/\/anibalsilveira.org\/fr\/wp-json\/wp\/v2\/users\/8"}],"replies":[{"embeddable":true,"href":"https:\/\/anibalsilveira.org\/fr\/wp-json\/wp\/v2\/comments?post=2734"}],"version-history":[{"count":1,"href":"https:\/\/anibalsilveira.org\/fr\/wp-json\/wp\/v2\/pages\/2734\/revisions"}],"predecessor-version":[{"id":2739,"href":"https:\/\/anibalsilveira.org\/fr\/wp-json\/wp\/v2\/pages\/2734\/revisions\/2739"}],"wp:attachment":[{"href":"https:\/\/anibalsilveira.org\/fr\/wp-json\/wp\/v2\/media?parent=2734"}],"wp:term":[{"taxonomy":"category","embeddable":true,"href":"https:\/\/anibalsilveira.org\/fr\/wp-json\/wp\/v2\/categories?post=2734"},{"taxonomy":"post_tag","embeddable":true,"href":"https:\/\/anibalsilveira.org\/fr\/wp-json\/wp\/v2\/tags?post=2734"}],"curies":[{"name":"wp","href":"https:\/\/api.w.org\/{rel}","templated":true}]}}