{"id":2806,"date":"2024-07-02T18:57:18","date_gmt":"2024-07-02T21:57:18","guid":{"rendered":"https:\/\/anibalsilveira.org\/?page_id=2806"},"modified":"2024-07-02T18:57:18","modified_gmt":"2024-07-02T21:57:18","slug":"manual-prevencao-do-suicidio-ministerio-da-saude-opas-unicamp-2006","status":"publish","type":"page","link":"https:\/\/anibalsilveira.org\/fr\/manual-prevencao-do-suicidio-ministerio-da-saude-opas-unicamp-2006\/","title":{"rendered":"Manual Preven\u00e7\u00e3o do Suic\u00eddio, Minist\u00e9rio da Sa\u00fade\/OPAS\/Unicamp, 2006"},"content":{"rendered":"<div data-wp-interactive=\"core\/file\" class=\"wp-block-file\"><object data-wp-bind--hidden=\"!state.hasPdfPreview\" hidden class=\"wp-block-file__embed\" data=\"https:\/\/anibalsilveira.org\/wp-content\/uploads\/2024\/07\/Manual-Prevencao-Suicidio.pdf\" type=\"application\/pdf\" style=\"width:100%;height:600px\" aria-label=\"Contenu embarqu\u00e9 Manual-Prevencao-Suicidio.\"><\/object><a id=\"wp-block-file--media-75b603a8-088c-4151-9783-170a73fd59d3\" href=\"https:\/\/anibalsilveira.org\/wp-content\/uploads\/2024\/07\/Manual-Prevencao-Suicidio.pdf\">Manual-Prevencao-Suicidio<\/a><a href=\"https:\/\/anibalsilveira.org\/wp-content\/uploads\/2024\/07\/Manual-Prevencao-Suicidio.pdf\" class=\"wp-block-file__button wp-element-button\" download aria-describedby=\"wp-block-file--media-75b603a8-088c-4151-9783-170a73fd59d3\">Baixar<\/a><\/div>","protected":false},"excerpt":{"rendered":"","protected":false},"author":8,"featured_media":0,"parent":0,"menu_order":0,"comment_status":"closed","ping_status":"closed","template":"","meta":{"footnotes":""},"categories":[],"tags":[],"class_list":["post-2806","page","type-page","status-publish","hentry"],"_links":{"self":[{"href":"https:\/\/anibalsilveira.org\/fr\/wp-json\/wp\/v2\/pages\/2806","targetHints":{"allow":["GET"]}}],"collection":[{"href":"https:\/\/anibalsilveira.org\/fr\/wp-json\/wp\/v2\/pages"}],"about":[{"href":"https:\/\/anibalsilveira.org\/fr\/wp-json\/wp\/v2\/types\/page"}],"author":[{"embeddable":true,"href":"https:\/\/anibalsilveira.org\/fr\/wp-json\/wp\/v2\/users\/8"}],"replies":[{"embeddable":true,"href":"https:\/\/anibalsilveira.org\/fr\/wp-json\/wp\/v2\/comments?post=2806"}],"version-history":[{"count":1,"href":"https:\/\/anibalsilveira.org\/fr\/wp-json\/wp\/v2\/pages\/2806\/revisions"}],"predecessor-version":[{"id":2810,"href":"https:\/\/anibalsilveira.org\/fr\/wp-json\/wp\/v2\/pages\/2806\/revisions\/2810"}],"wp:attachment":[{"href":"https:\/\/anibalsilveira.org\/fr\/wp-json\/wp\/v2\/media?parent=2806"}],"wp:term":[{"taxonomy":"category","embeddable":true,"href":"https:\/\/anibalsilveira.org\/fr\/wp-json\/wp\/v2\/categories?post=2806"},{"taxonomy":"post_tag","embeddable":true,"href":"https:\/\/anibalsilveira.org\/fr\/wp-json\/wp\/v2\/tags?post=2806"}],"curies":[{"name":"wp","href":"https:\/\/api.w.org\/{rel}","templated":true}]}}