{"id":2823,"date":"2024-07-02T19:01:08","date_gmt":"2024-07-02T22:01:08","guid":{"rendered":"https:\/\/anibalsilveira.org\/?page_id=2823"},"modified":"2024-07-02T19:01:08","modified_gmt":"2024-07-02T22:01:08","slug":"saude-publica-acao-para-a-prevencao-do-suicidio-oms-2012","status":"publish","type":"page","link":"https:\/\/anibalsilveira.org\/fr\/saude-publica-acao-para-a-prevencao-do-suicidio-oms-2012\/","title":{"rendered":"Sa\u00fade P\u00fablica \u2013 A\u00e7\u00e3o para a preven\u00e7\u00e3o do suic\u00eddio \u2013 OMS, 2012"},"content":{"rendered":"<div data-wp-interactive=\"core\/file\" class=\"wp-block-file\"><object data-wp-bind--hidden=\"!state.hasPdfPreview\" hidden class=\"wp-block-file__embed\" data=\"https:\/\/anibalsilveira.org\/wp-content\/uploads\/2024\/07\/Saude-Publica-Acao-para-a-prevencao-do-suicidio.pdf\" type=\"application\/pdf\" style=\"width:100%;height:600px\" aria-label=\"Contenu embarqu\u00e9 Saude-Publica-Acao-para-a-prevencao-do-suicidio.\"><\/object><a id=\"wp-block-file--media-d483a924-547a-4bc2-956a-d202741dd874\" href=\"https:\/\/anibalsilveira.org\/wp-content\/uploads\/2024\/07\/Saude-Publica-Acao-para-a-prevencao-do-suicidio.pdf\">Saude-Publica-Acao-para-a-prevencao-do-suicidio<\/a><a href=\"https:\/\/anibalsilveira.org\/wp-content\/uploads\/2024\/07\/Saude-Publica-Acao-para-a-prevencao-do-suicidio.pdf\" class=\"wp-block-file__button wp-element-button\" download aria-describedby=\"wp-block-file--media-d483a924-547a-4bc2-956a-d202741dd874\">Baixar<\/a><\/div>","protected":false},"excerpt":{"rendered":"","protected":false},"author":8,"featured_media":0,"parent":0,"menu_order":0,"comment_status":"closed","ping_status":"closed","template":"","meta":{"footnotes":""},"categories":[],"tags":[],"class_list":["post-2823","page","type-page","status-publish","hentry"],"_links":{"self":[{"href":"https:\/\/anibalsilveira.org\/fr\/wp-json\/wp\/v2\/pages\/2823","targetHints":{"allow":["GET"]}}],"collection":[{"href":"https:\/\/anibalsilveira.org\/fr\/wp-json\/wp\/v2\/pages"}],"about":[{"href":"https:\/\/anibalsilveira.org\/fr\/wp-json\/wp\/v2\/types\/page"}],"author":[{"embeddable":true,"href":"https:\/\/anibalsilveira.org\/fr\/wp-json\/wp\/v2\/users\/8"}],"replies":[{"embeddable":true,"href":"https:\/\/anibalsilveira.org\/fr\/wp-json\/wp\/v2\/comments?post=2823"}],"version-history":[{"count":1,"href":"https:\/\/anibalsilveira.org\/fr\/wp-json\/wp\/v2\/pages\/2823\/revisions"}],"predecessor-version":[{"id":2827,"href":"https:\/\/anibalsilveira.org\/fr\/wp-json\/wp\/v2\/pages\/2823\/revisions\/2827"}],"wp:attachment":[{"href":"https:\/\/anibalsilveira.org\/fr\/wp-json\/wp\/v2\/media?parent=2823"}],"wp:term":[{"taxonomy":"category","embeddable":true,"href":"https:\/\/anibalsilveira.org\/fr\/wp-json\/wp\/v2\/categories?post=2823"},{"taxonomy":"post_tag","embeddable":true,"href":"https:\/\/anibalsilveira.org\/fr\/wp-json\/wp\/v2\/tags?post=2823"}],"curies":[{"name":"wp","href":"https:\/\/api.w.org\/{rel}","templated":true}]}}