{"id":2831,"date":"2024-07-03T19:56:29","date_gmt":"2024-07-03T22:56:29","guid":{"rendered":"https:\/\/anibalsilveira.org\/?page_id=2831"},"modified":"2024-07-03T19:56:29","modified_gmt":"2024-07-03T22:56:29","slug":"juqueri-transformacao-impossivel-1990","status":"publish","type":"page","link":"https:\/\/anibalsilveira.org\/fr\/juqueri-transformacao-impossivel-1990\/","title":{"rendered":"Juqueri: transforma\u00e7\u00e3o imposs\u00edvel? 1990."},"content":{"rendered":"<div data-wp-interactive=\"core\/file\" class=\"wp-block-file\"><object data-wp-bind--hidden=\"!state.hasPdfPreview\" hidden class=\"wp-block-file__embed\" data=\"https:\/\/anibalsilveira.org\/wp-content\/uploads\/2024\/07\/Juqueri_transformacao_impossivel.pdf\" type=\"application\/pdf\" style=\"width:100%;height:600px\" aria-label=\"Contenu embarqu\u00e9 Juqueri_transformacao_impossivel.\"><\/object><a id=\"wp-block-file--media-52b4d998-49a9-4048-9f3b-2b010a532afa\" href=\"https:\/\/anibalsilveira.org\/wp-content\/uploads\/2024\/07\/Juqueri_transformacao_impossivel.pdf\">Juqueri_transformacao_impossivel<\/a><a href=\"https:\/\/anibalsilveira.org\/wp-content\/uploads\/2024\/07\/Juqueri_transformacao_impossivel.pdf\" class=\"wp-block-file__button wp-element-button\" download aria-describedby=\"wp-block-file--media-52b4d998-49a9-4048-9f3b-2b010a532afa\">Baixar<\/a><\/div>","protected":false},"excerpt":{"rendered":"","protected":false},"author":8,"featured_media":0,"parent":0,"menu_order":0,"comment_status":"closed","ping_status":"closed","template":"","meta":{"footnotes":""},"categories":[],"tags":[],"class_list":["post-2831","page","type-page","status-publish","hentry"],"_links":{"self":[{"href":"https:\/\/anibalsilveira.org\/fr\/wp-json\/wp\/v2\/pages\/2831","targetHints":{"allow":["GET"]}}],"collection":[{"href":"https:\/\/anibalsilveira.org\/fr\/wp-json\/wp\/v2\/pages"}],"about":[{"href":"https:\/\/anibalsilveira.org\/fr\/wp-json\/wp\/v2\/types\/page"}],"author":[{"embeddable":true,"href":"https:\/\/anibalsilveira.org\/fr\/wp-json\/wp\/v2\/users\/8"}],"replies":[{"embeddable":true,"href":"https:\/\/anibalsilveira.org\/fr\/wp-json\/wp\/v2\/comments?post=2831"}],"version-history":[{"count":1,"href":"https:\/\/anibalsilveira.org\/fr\/wp-json\/wp\/v2\/pages\/2831\/revisions"}],"predecessor-version":[{"id":2836,"href":"https:\/\/anibalsilveira.org\/fr\/wp-json\/wp\/v2\/pages\/2831\/revisions\/2836"}],"wp:attachment":[{"href":"https:\/\/anibalsilveira.org\/fr\/wp-json\/wp\/v2\/media?parent=2831"}],"wp:term":[{"taxonomy":"category","embeddable":true,"href":"https:\/\/anibalsilveira.org\/fr\/wp-json\/wp\/v2\/categories?post=2831"},{"taxonomy":"post_tag","embeddable":true,"href":"https:\/\/anibalsilveira.org\/fr\/wp-json\/wp\/v2\/tags?post=2831"}],"curies":[{"name":"wp","href":"https:\/\/api.w.org\/{rel}","templated":true}]}}