{"id":2932,"date":"2024-07-09T20:23:24","date_gmt":"2024-07-09T23:23:24","guid":{"rendered":"https:\/\/anibalsilveira.org\/?page_id=2932"},"modified":"2024-12-16T20:28:01","modified_gmt":"2024-12-16T23:28:01","slug":"referencias-bibliograficas-relacionadas-com-a-psiquiatria-sociologica","status":"publish","type":"page","link":"https:\/\/anibalsilveira.org\/fr\/referencias-bibliograficas-relacionadas-com-a-psiquiatria-sociologica\/","title":{"rendered":"Refer\u00eancias bibliogr\u00e1ficas relacionadas com a Psiquiatria Sociol\u00f3gica\u00a0"},"content":{"rendered":"<ol class=\"wp-block-list\">\n<li><strong>Esquizofrenia pelo \u00c2ngulo da Patog\u00eanese, Tese de Doutoramento, Faculdade de Medicina de Jundia\u00ed, Departamento de Psiquiatria, Dora Leonor Martinic Morales, 1976.<\/strong><\/li>\n\n\n\n<li><strong>Automatismo Mental de G. Clerambault, Patog\u00eanese e Cl\u00ednica, Tese de Doutoramento, Faculdade de Medicina de Jundia\u00ed, Departamento de Psiquiatria, Joacyr Salles Barros, 1976.<\/strong><\/li>\n\n\n\n<li><strong>Acep\u00e7\u00e3o de Psicopatologia: o crit\u00e9rio patogen\u00e9tico, Arquivos da Coordenadoria de Sa\u00fade Mental do Estado de S\u00e3o Paulo, Vol XLIV, pp 53-67,  Joacyr Salles Barros 1984.<\/strong><\/li>\n\n\n\n<li><strong>Sistema Nervoso, Cadernos An\u00edbal Silveira, Terceira Margem, S\u00e3o Paulo, Org. Spartaco Vizzoto, 2006.<\/strong><\/li>\n<\/ol>","protected":false},"excerpt":{"rendered":"","protected":false},"author":8,"featured_media":0,"parent":0,"menu_order":0,"comment_status":"closed","ping_status":"closed","template":"","meta":{"footnotes":""},"categories":[],"tags":[],"class_list":["post-2932","page","type-page","status-publish","hentry"],"_links":{"self":[{"href":"https:\/\/anibalsilveira.org\/fr\/wp-json\/wp\/v2\/pages\/2932","targetHints":{"allow":["GET"]}}],"collection":[{"href":"https:\/\/anibalsilveira.org\/fr\/wp-json\/wp\/v2\/pages"}],"about":[{"href":"https:\/\/anibalsilveira.org\/fr\/wp-json\/wp\/v2\/types\/page"}],"author":[{"embeddable":true,"href":"https:\/\/anibalsilveira.org\/fr\/wp-json\/wp\/v2\/users\/8"}],"replies":[{"embeddable":true,"href":"https:\/\/anibalsilveira.org\/fr\/wp-json\/wp\/v2\/comments?post=2932"}],"version-history":[{"count":2,"href":"https:\/\/anibalsilveira.org\/fr\/wp-json\/wp\/v2\/pages\/2932\/revisions"}],"predecessor-version":[{"id":3359,"href":"https:\/\/anibalsilveira.org\/fr\/wp-json\/wp\/v2\/pages\/2932\/revisions\/3359"}],"wp:attachment":[{"href":"https:\/\/anibalsilveira.org\/fr\/wp-json\/wp\/v2\/media?parent=2932"}],"wp:term":[{"taxonomy":"category","embeddable":true,"href":"https:\/\/anibalsilveira.org\/fr\/wp-json\/wp\/v2\/categories?post=2932"},{"taxonomy":"post_tag","embeddable":true,"href":"https:\/\/anibalsilveira.org\/fr\/wp-json\/wp\/v2\/tags?post=2932"}],"curies":[{"name":"wp","href":"https:\/\/api.w.org\/{rel}","templated":true}]}}