{"id":3069,"date":"2024-08-12T20:20:52","date_gmt":"2024-08-12T23:20:52","guid":{"rendered":"https:\/\/anibalsilveira.org\/?page_id=3069"},"modified":"2024-08-19T19:32:10","modified_gmt":"2024-08-19T22:32:10","slug":"paranoia-abortiva","status":"publish","type":"page","link":"https:\/\/anibalsilveira.org\/fr\/paranoia-abortiva\/","title":{"rendered":"Bipolaridade"},"content":{"rendered":"<p>Essa quest\u00e3o da bipolaridade aparece, na atualidade, nas denominadas psicoses bipolares, sem a preocupa\u00e7\u00e3o de, mesmo que fosse descritivamente, considerar as suas m\u00faltiplas express\u00f5es: portanto, as psicoses ditas bipolares podem ser relacion\u00e1veis com distintas bases fisiogen\u00e9ticas, n\u00e3o constituindo uma unidade nosol\u00f3gica precisa.<\/p>","protected":false},"excerpt":{"rendered":"<p>Essa quest\u00e3o da bipolaridade aparece, na atualidade, nas denominadas psicoses bipolares, sem a preocupa\u00e7\u00e3o de, mesmo que fosse descritivamente, considerar as suas m\u00faltiplas express\u00f5es: portanto, as psicoses ditas bipolares podem ser relacion\u00e1veis com distintas bases fisiogen\u00e9ticas, n\u00e3o constituindo uma unidade nosol\u00f3gica precisa.<\/p>","protected":false},"author":8,"featured_media":0,"parent":0,"menu_order":0,"comment_status":"closed","ping_status":"closed","template":"","meta":{"footnotes":""},"categories":[],"tags":[],"class_list":["post-3069","page","type-page","status-publish","hentry"],"_links":{"self":[{"href":"https:\/\/anibalsilveira.org\/fr\/wp-json\/wp\/v2\/pages\/3069","targetHints":{"allow":["GET"]}}],"collection":[{"href":"https:\/\/anibalsilveira.org\/fr\/wp-json\/wp\/v2\/pages"}],"about":[{"href":"https:\/\/anibalsilveira.org\/fr\/wp-json\/wp\/v2\/types\/page"}],"author":[{"embeddable":true,"href":"https:\/\/anibalsilveira.org\/fr\/wp-json\/wp\/v2\/users\/8"}],"replies":[{"embeddable":true,"href":"https:\/\/anibalsilveira.org\/fr\/wp-json\/wp\/v2\/comments?post=3069"}],"version-history":[{"count":3,"href":"https:\/\/anibalsilveira.org\/fr\/wp-json\/wp\/v2\/pages\/3069\/revisions"}],"predecessor-version":[{"id":3090,"href":"https:\/\/anibalsilveira.org\/fr\/wp-json\/wp\/v2\/pages\/3069\/revisions\/3090"}],"wp:attachment":[{"href":"https:\/\/anibalsilveira.org\/fr\/wp-json\/wp\/v2\/media?parent=3069"}],"wp:term":[{"taxonomy":"category","embeddable":true,"href":"https:\/\/anibalsilveira.org\/fr\/wp-json\/wp\/v2\/categories?post=3069"},{"taxonomy":"post_tag","embeddable":true,"href":"https:\/\/anibalsilveira.org\/fr\/wp-json\/wp\/v2\/tags?post=3069"}],"curies":[{"name":"wp","href":"https:\/\/api.w.org\/{rel}","templated":true}]}}