{"id":3084,"date":"2024-08-19T19:31:23","date_gmt":"2024-08-19T22:31:23","guid":{"rendered":"https:\/\/anibalsilveira.org\/?page_id=3084"},"modified":"2024-08-19T19:31:23","modified_gmt":"2024-08-19T22:31:23","slug":"anamnese-heredologica","status":"publish","type":"page","link":"https:\/\/anibalsilveira.org\/fr\/anamnese-heredologica\/","title":{"rendered":"Anamnese heredol\u00f3gica"},"content":{"rendered":"<p>Para a orienta\u00e7\u00e3o de An\u00edbal Silveira, no entanto, a Anamnese Heredol\u00f3gica, para ser efetiva e contribuir de forma decisiva para a an\u00e1lise patogen\u00e9tica e o progn\u00f3stico dos quadros, n\u00e3o basta que perguntemos ao informante se h\u00e1 casos de doen\u00e7a mental na fam\u00edlia como habitualmente \u00e9 geralmente realizado. \u00c9 necess\u00e1rio que a investiga\u00e7\u00e3o seja exaustiva e o mais completa poss\u00edvel. Em duas aulas anteriores: 3. Ciclo Heredol\u00f3gico em Psiquiatria e 4. Hereditariedade e Catamnese Heredol\u00f3gica, o pr\u00f3prio Prof. An\u00edbal Silveira exp\u00f5e seu m\u00e9todo para a Anamnese Heredol\u00f3gica.<\/p>","protected":false},"excerpt":{"rendered":"<p>Para a orienta\u00e7\u00e3o de An\u00edbal Silveira, no entanto, a Anamnese Heredol\u00f3gica, para ser efetiva e contribuir de forma decisiva para a an\u00e1lise patogen\u00e9tica e o progn\u00f3stico dos quadros, n\u00e3o basta que perguntemos ao informante se h\u00e1 casos de doen\u00e7a mental na fam\u00edlia como habitualmente \u00e9 geralmente realizado. \u00c9 necess\u00e1rio que a investiga\u00e7\u00e3o seja exaustiva e [&hellip;]<\/p>\n","protected":false},"author":8,"featured_media":0,"parent":0,"menu_order":0,"comment_status":"closed","ping_status":"closed","template":"","meta":{"footnotes":""},"categories":[],"tags":[],"class_list":["post-3084","page","type-page","status-publish","hentry"],"_links":{"self":[{"href":"https:\/\/anibalsilveira.org\/fr\/wp-json\/wp\/v2\/pages\/3084","targetHints":{"allow":["GET"]}}],"collection":[{"href":"https:\/\/anibalsilveira.org\/fr\/wp-json\/wp\/v2\/pages"}],"about":[{"href":"https:\/\/anibalsilveira.org\/fr\/wp-json\/wp\/v2\/types\/page"}],"author":[{"embeddable":true,"href":"https:\/\/anibalsilveira.org\/fr\/wp-json\/wp\/v2\/users\/8"}],"replies":[{"embeddable":true,"href":"https:\/\/anibalsilveira.org\/fr\/wp-json\/wp\/v2\/comments?post=3084"}],"version-history":[{"count":1,"href":"https:\/\/anibalsilveira.org\/fr\/wp-json\/wp\/v2\/pages\/3084\/revisions"}],"predecessor-version":[{"id":3087,"href":"https:\/\/anibalsilveira.org\/fr\/wp-json\/wp\/v2\/pages\/3084\/revisions\/3087"}],"wp:attachment":[{"href":"https:\/\/anibalsilveira.org\/fr\/wp-json\/wp\/v2\/media?parent=3084"}],"wp:term":[{"taxonomy":"category","embeddable":true,"href":"https:\/\/anibalsilveira.org\/fr\/wp-json\/wp\/v2\/categories?post=3084"},{"taxonomy":"post_tag","embeddable":true,"href":"https:\/\/anibalsilveira.org\/fr\/wp-json\/wp\/v2\/tags?post=3084"}],"curies":[{"name":"wp","href":"https:\/\/api.w.org\/{rel}","templated":true}]}}