{"id":3095,"date":"2024-08-19T19:33:09","date_gmt":"2024-08-19T22:33:09","guid":{"rendered":"https:\/\/anibalsilveira.org\/?page_id=3095"},"modified":"2024-08-19T19:33:09","modified_gmt":"2024-08-19T22:33:09","slug":"carl-wernicke","status":"publish","type":"page","link":"https:\/\/anibalsilveira.org\/fr\/carl-wernicke\/","title":{"rendered":"Carl Wernicke"},"content":{"rendered":"<p>15 de maio de 1848 &#8211; 15 de junho de 1905) foi um m\u00e9dico, anatomista, psiquiatra e neuropatologista alem\u00e3o. Ele \u00e9 conhecido por sua influente pesquisa sobre os efeitos patol\u00f3gicos de formas espec\u00edficas de encefalopatia e tamb\u00e9m pelo estudo da afasia receptiva, ambas comumente associadas ao nome de Wernicke e referidas como encefalopatia de Wernicke e afasia de Wernicke, respectivamente. Sua pesquisa, juntamente com a de Paul Broca, levou a realiza\u00e7\u00f5es inovadoras da localiza\u00e7\u00e3o da fun\u00e7\u00e3o cerebral, especificamente na fala. Como tal, a \u00e1rea de Wernicke (tamb\u00e9m conhecida como \u00e1rea de fala de Wernicke) recebeu o nome do cientista.<\/p>","protected":false},"excerpt":{"rendered":"<p>15 de maio de 1848 &#8211; 15 de junho de 1905) foi um m\u00e9dico, anatomista, psiquiatra e neuropatologista alem\u00e3o. Ele \u00e9 conhecido por sua influente pesquisa sobre os efeitos patol\u00f3gicos de formas espec\u00edficas de encefalopatia e tamb\u00e9m pelo estudo da afasia receptiva, ambas comumente associadas ao nome de Wernicke e referidas como encefalopatia de Wernicke [&hellip;]<\/p>\n","protected":false},"author":8,"featured_media":0,"parent":0,"menu_order":0,"comment_status":"closed","ping_status":"closed","template":"","meta":{"footnotes":""},"categories":[],"tags":[],"class_list":["post-3095","page","type-page","status-publish","hentry"],"_links":{"self":[{"href":"https:\/\/anibalsilveira.org\/fr\/wp-json\/wp\/v2\/pages\/3095","targetHints":{"allow":["GET"]}}],"collection":[{"href":"https:\/\/anibalsilveira.org\/fr\/wp-json\/wp\/v2\/pages"}],"about":[{"href":"https:\/\/anibalsilveira.org\/fr\/wp-json\/wp\/v2\/types\/page"}],"author":[{"embeddable":true,"href":"https:\/\/anibalsilveira.org\/fr\/wp-json\/wp\/v2\/users\/8"}],"replies":[{"embeddable":true,"href":"https:\/\/anibalsilveira.org\/fr\/wp-json\/wp\/v2\/comments?post=3095"}],"version-history":[{"count":1,"href":"https:\/\/anibalsilveira.org\/fr\/wp-json\/wp\/v2\/pages\/3095\/revisions"}],"predecessor-version":[{"id":3098,"href":"https:\/\/anibalsilveira.org\/fr\/wp-json\/wp\/v2\/pages\/3095\/revisions\/3098"}],"wp:attachment":[{"href":"https:\/\/anibalsilveira.org\/fr\/wp-json\/wp\/v2\/media?parent=3095"}],"wp:term":[{"taxonomy":"category","embeddable":true,"href":"https:\/\/anibalsilveira.org\/fr\/wp-json\/wp\/v2\/categories?post=3095"},{"taxonomy":"post_tag","embeddable":true,"href":"https:\/\/anibalsilveira.org\/fr\/wp-json\/wp\/v2\/tags?post=3095"}],"curies":[{"name":"wp","href":"https:\/\/api.w.org\/{rel}","templated":true}]}}