{"id":3100,"date":"2024-08-19T19:33:45","date_gmt":"2024-08-19T22:33:45","guid":{"rendered":"https:\/\/anibalsilveira.org\/?page_id=3100"},"modified":"2024-08-19T19:33:45","modified_gmt":"2024-08-19T22:33:45","slug":"comparacao-entre-os-processos-de-atencao-memoria-e-consciencia","status":"publish","type":"page","link":"https:\/\/anibalsilveira.org\/fr\/comparacao-entre-os-processos-de-atencao-memoria-e-consciencia\/","title":{"rendered":"Compara\u00e7\u00e3o entre os processos de aten\u00e7\u00e3o, mem\u00f3ria e consci\u00eancia"},"content":{"rendered":"<p>H\u00e1 um trabalho de Roberto Fasano, tamb\u00e9m publicado neste site onde o autor procura fazer uma compara\u00e7\u00e3o entre os processos de aten\u00e7\u00e3o, mem\u00f3ria e consci\u00eancia segundo Silveira, comparando-o com as concep\u00e7\u00f5es de Alexandr Romanovich Luria: Fazzani Neto, Roberto \u2013 <em>Considera\u00e7\u00f5es a respeito de Aten\u00e7\u00e3o, Mem\u00f3ria e Consci\u00eancia, segundo Silveira e Luria. In: <\/em>Boletim da Sociedade Rorschach de S\u00e3o Paulo. Vol.1 n.\u00b01 \u2013 S\u00e3o Paulo: Jan.-Dez. de 1985.<\/p>","protected":false},"excerpt":{"rendered":"<p>H\u00e1 um trabalho de Roberto Fasano, tamb\u00e9m publicado neste site onde o autor procura fazer uma compara\u00e7\u00e3o entre os processos de aten\u00e7\u00e3o, mem\u00f3ria e consci\u00eancia segundo Silveira, comparando-o com as concep\u00e7\u00f5es de Alexandr Romanovich Luria: Fazzani Neto, Roberto \u2013 Considera\u00e7\u00f5es a respeito de Aten\u00e7\u00e3o, Mem\u00f3ria e Consci\u00eancia, segundo Silveira e Luria. In: Boletim da Sociedade [&hellip;]<\/p>\n","protected":false},"author":8,"featured_media":0,"parent":0,"menu_order":0,"comment_status":"closed","ping_status":"closed","template":"","meta":{"footnotes":""},"categories":[],"tags":[],"class_list":["post-3100","page","type-page","status-publish","hentry"],"_links":{"self":[{"href":"https:\/\/anibalsilveira.org\/fr\/wp-json\/wp\/v2\/pages\/3100","targetHints":{"allow":["GET"]}}],"collection":[{"href":"https:\/\/anibalsilveira.org\/fr\/wp-json\/wp\/v2\/pages"}],"about":[{"href":"https:\/\/anibalsilveira.org\/fr\/wp-json\/wp\/v2\/types\/page"}],"author":[{"embeddable":true,"href":"https:\/\/anibalsilveira.org\/fr\/wp-json\/wp\/v2\/users\/8"}],"replies":[{"embeddable":true,"href":"https:\/\/anibalsilveira.org\/fr\/wp-json\/wp\/v2\/comments?post=3100"}],"version-history":[{"count":1,"href":"https:\/\/anibalsilveira.org\/fr\/wp-json\/wp\/v2\/pages\/3100\/revisions"}],"predecessor-version":[{"id":3103,"href":"https:\/\/anibalsilveira.org\/fr\/wp-json\/wp\/v2\/pages\/3100\/revisions\/3103"}],"wp:attachment":[{"href":"https:\/\/anibalsilveira.org\/fr\/wp-json\/wp\/v2\/media?parent=3100"}],"wp:term":[{"taxonomy":"category","embeddable":true,"href":"https:\/\/anibalsilveira.org\/fr\/wp-json\/wp\/v2\/categories?post=3100"},{"taxonomy":"post_tag","embeddable":true,"href":"https:\/\/anibalsilveira.org\/fr\/wp-json\/wp\/v2\/tags?post=3100"}],"curies":[{"name":"wp","href":"https:\/\/api.w.org\/{rel}","templated":true}]}}