{"id":3104,"date":"2024-08-19T19:34:11","date_gmt":"2024-08-19T22:34:11","guid":{"rendered":"https:\/\/anibalsilveira.org\/?page_id=3104"},"modified":"2024-08-19T19:34:11","modified_gmt":"2024-08-19T22:34:11","slug":"constituicao-hipoparanoica","status":"publish","type":"page","link":"https:\/\/anibalsilveira.org\/fr\/constituicao-hipoparanoica\/","title":{"rendered":"Constitui\u00e7\u00e3o hipoparan\u00f3ica"},"content":{"rendered":"<p>Buscamos a defini\u00e7\u00e3o deste termo bem como sua origem na literatura, mas nada encontramos muito precisamente. Entendemos que A. Silveira usou este termo para designar indiv\u00edduos com temperamento desconfiado, com tend\u00eancia ao isolamento e excessivamente orgulhosos, tra\u00e7os de personalidade que alguns autores filiam aos transtornos de personalidade (na CID-X \u2013 Transtorno de Personalidade Paranoide com a codifica\u00e7\u00e3o de F60.0. Enquanto n\u00e3o manifestem claramente sintomas psic\u00f3ticos n\u00e3o podemos consider\u00e1-los como tal e, nem sempre um indiv\u00edduo que apresenta este temperamento vir\u00e1 a apresentar surtos psic\u00f3ticos. H\u00e1 um interessante livro de M. Kretschmer onde ele analisa a evolu\u00e7\u00e3o deste temperamento hipersens\u00edvel para a Paranoia: Kretschmer, M: Parano\u00efa et sensibilit\u00e9: contribuition au probl\u00e8me de la parano\u00efa et \u00e0 la th\u00e9orie psychiatrique du caractere. G\u00e9rard Monfort Edicteur e Presses Universitaires de France, Paris, 1963.<\/p>","protected":false},"excerpt":{"rendered":"<p>Buscamos a defini\u00e7\u00e3o deste termo bem como sua origem na literatura, mas nada encontramos muito precisamente. Entendemos que A. Silveira usou este termo para designar indiv\u00edduos com temperamento desconfiado, com tend\u00eancia ao isolamento e excessivamente orgulhosos, tra\u00e7os de personalidade que alguns autores filiam aos transtornos de personalidade (na CID-X \u2013 Transtorno de Personalidade Paranoide com [&hellip;]<\/p>\n","protected":false},"author":8,"featured_media":0,"parent":0,"menu_order":0,"comment_status":"closed","ping_status":"closed","template":"","meta":{"footnotes":""},"categories":[],"tags":[],"class_list":["post-3104","page","type-page","status-publish","hentry"],"_links":{"self":[{"href":"https:\/\/anibalsilveira.org\/fr\/wp-json\/wp\/v2\/pages\/3104","targetHints":{"allow":["GET"]}}],"collection":[{"href":"https:\/\/anibalsilveira.org\/fr\/wp-json\/wp\/v2\/pages"}],"about":[{"href":"https:\/\/anibalsilveira.org\/fr\/wp-json\/wp\/v2\/types\/page"}],"author":[{"embeddable":true,"href":"https:\/\/anibalsilveira.org\/fr\/wp-json\/wp\/v2\/users\/8"}],"replies":[{"embeddable":true,"href":"https:\/\/anibalsilveira.org\/fr\/wp-json\/wp\/v2\/comments?post=3104"}],"version-history":[{"count":1,"href":"https:\/\/anibalsilveira.org\/fr\/wp-json\/wp\/v2\/pages\/3104\/revisions"}],"predecessor-version":[{"id":3107,"href":"https:\/\/anibalsilveira.org\/fr\/wp-json\/wp\/v2\/pages\/3104\/revisions\/3107"}],"wp:attachment":[{"href":"https:\/\/anibalsilveira.org\/fr\/wp-json\/wp\/v2\/media?parent=3104"}],"wp:term":[{"taxonomy":"category","embeddable":true,"href":"https:\/\/anibalsilveira.org\/fr\/wp-json\/wp\/v2\/categories?post=3104"},{"taxonomy":"post_tag","embeddable":true,"href":"https:\/\/anibalsilveira.org\/fr\/wp-json\/wp\/v2\/tags?post=3104"}],"curies":[{"name":"wp","href":"https:\/\/api.w.org\/{rel}","templated":true}]}}