{"id":3109,"date":"2024-08-19T19:35:07","date_gmt":"2024-08-19T22:35:07","guid":{"rendered":"https:\/\/anibalsilveira.org\/?page_id=3109"},"modified":"2024-08-19T19:35:07","modified_gmt":"2024-08-19T22:35:07","slug":"delirio-alucinatorio-cronico-de-roxo","status":"publish","type":"page","link":"https:\/\/anibalsilveira.org\/fr\/delirio-alucinatorio-cronico-de-roxo\/","title":{"rendered":"Del\u00edrio Alucinat\u00f3rio Cr\u00f4nico de Roxo"},"content":{"rendered":"<p>Observa\u00e7\u00e3o de Roberto Fasano Neto, \u201cAn\u00edbal Silveira efetivamente considerava este quadro pois, inclusive, o incluiu em suas classifica\u00e7\u00f5es das doen\u00e7as mentais, norteada pela patog\u00eanese. Tratar-se-ia de uma forma atenuada dos quadros constitucionais, classificado entre os quadros marginais sob a rubrica 20. Durante o per\u00edodo em que fui preceptor da Resid\u00eancia de Psiquiatria, lembro de termos feito este diagn\u00f3stico apenas uma vez, o que n\u00e3o \u00e9 previs\u00edvel, pois o quadro deveria ser mais frequente. Talvez houvesse descuido neste diagn\u00f3stico j\u00e1 que h\u00e1 pouca bibliografia a respeito. Hoje, que at\u00e9 as Parafrenias est\u00e3o inclu\u00eddas entre as Esquizofrenias, ningu\u00e9m mais falaria deste quadro. Optei, ent\u00e3o, por transcrever do livro do pr\u00f3prio Henrique Roxo, a descri\u00e7\u00e3o que ele apresenta do quadro, num cap\u00edtulo espec\u00edfico. \u00c9 interessante como estes tratados antigos s\u00e3o cuidadosos na descri\u00e7\u00e3o cl\u00ednica, o que n\u00e3o observamos hoje, com a valoriza\u00e7\u00e3o de outros recursos, parece-se que se esquece da cl\u00ednica. Henrique Roxo afirma que alguns casos de pacientes com Del\u00edrio Alucinat\u00f3rio Cr\u00f4nico, posteriormente, desenvolvem a Dem\u00eancia Senil. O Professor An\u00edbal afirma ser poss\u00edvel que alguns pacientes com este quadro possam ter a tend\u00eancia gen\u00e9tica para micro hemorragias cerebrais, o que caracterizaria a Dem\u00eancia arterioscler\u00f3tica, hoje denominada Dem\u00eancia multi-infartos. Talvez, por isso, as aulas que deu sobre dem\u00eancia foram pr\u00f3ximas a esta sobre o del\u00edrio alucinat\u00f3rio cr\u00f4nico de Roxo<\/p>","protected":false},"excerpt":{"rendered":"<p>Observa\u00e7\u00e3o de Roberto Fasano Neto, \u201cAn\u00edbal Silveira efetivamente considerava este quadro pois, inclusive, o incluiu em suas classifica\u00e7\u00f5es das doen\u00e7as mentais, norteada pela patog\u00eanese. Tratar-se-ia de uma forma atenuada dos quadros constitucionais, classificado entre os quadros marginais sob a rubrica 20. Durante o per\u00edodo em que fui preceptor da Resid\u00eancia de Psiquiatria, lembro de termos [&hellip;]<\/p>\n","protected":false},"author":8,"featured_media":0,"parent":0,"menu_order":0,"comment_status":"closed","ping_status":"closed","template":"","meta":{"footnotes":""},"categories":[],"tags":[],"class_list":["post-3109","page","type-page","status-publish","hentry"],"_links":{"self":[{"href":"https:\/\/anibalsilveira.org\/fr\/wp-json\/wp\/v2\/pages\/3109","targetHints":{"allow":["GET"]}}],"collection":[{"href":"https:\/\/anibalsilveira.org\/fr\/wp-json\/wp\/v2\/pages"}],"about":[{"href":"https:\/\/anibalsilveira.org\/fr\/wp-json\/wp\/v2\/types\/page"}],"author":[{"embeddable":true,"href":"https:\/\/anibalsilveira.org\/fr\/wp-json\/wp\/v2\/users\/8"}],"replies":[{"embeddable":true,"href":"https:\/\/anibalsilveira.org\/fr\/wp-json\/wp\/v2\/comments?post=3109"}],"version-history":[{"count":1,"href":"https:\/\/anibalsilveira.org\/fr\/wp-json\/wp\/v2\/pages\/3109\/revisions"}],"predecessor-version":[{"id":3112,"href":"https:\/\/anibalsilveira.org\/fr\/wp-json\/wp\/v2\/pages\/3109\/revisions\/3112"}],"wp:attachment":[{"href":"https:\/\/anibalsilveira.org\/fr\/wp-json\/wp\/v2\/media?parent=3109"}],"wp:term":[{"taxonomy":"category","embeddable":true,"href":"https:\/\/anibalsilveira.org\/fr\/wp-json\/wp\/v2\/categories?post=3109"},{"taxonomy":"post_tag","embeddable":true,"href":"https:\/\/anibalsilveira.org\/fr\/wp-json\/wp\/v2\/tags?post=3109"}],"curies":[{"name":"wp","href":"https:\/\/api.w.org\/{rel}","templated":true}]}}