{"id":3119,"date":"2024-08-19T19:35:56","date_gmt":"2024-08-19T22:35:56","guid":{"rendered":"https:\/\/anibalsilveira.org\/?page_id=3119"},"modified":"2024-08-19T19:35:56","modified_gmt":"2024-08-19T22:35:56","slug":"georges-schaltenbrand","status":"publish","type":"page","link":"https:\/\/anibalsilveira.org\/fr\/georges-schaltenbrand\/","title":{"rendered":"Georges Schaltenbrand\u00a0"},"content":{"rendered":"<p>(26 de novembro de 1897 &#8211; 24 de outubro de 1979) foi um neurologista alem\u00e3o conhecido por seu trabalho na organiza\u00e7\u00e3o e diagn\u00f3stico do sistema motor, na fisiologia e patologia do l\u00edquido cefalorraquidiano e na esclerose m\u00faltipla. Ele foi co-autor de um influente livro e atlas sobre estereotaxia e tamb\u00e9m publicou alguns experimentos anti\u00e9ticos realizados na Alemanha nazista.<\/p>","protected":false},"excerpt":{"rendered":"<p>(26 de novembro de 1897 &#8211; 24 de outubro de 1979) foi um neurologista alem\u00e3o conhecido por seu trabalho na organiza\u00e7\u00e3o e diagn\u00f3stico do sistema motor, na fisiologia e patologia do l\u00edquido cefalorraquidiano e na esclerose m\u00faltipla. Ele foi co-autor de um influente livro e atlas sobre estereotaxia e tamb\u00e9m publicou alguns experimentos anti\u00e9ticos realizados [&hellip;]<\/p>\n","protected":false},"author":8,"featured_media":0,"parent":0,"menu_order":0,"comment_status":"closed","ping_status":"closed","template":"","meta":{"footnotes":""},"categories":[],"tags":[],"class_list":["post-3119","page","type-page","status-publish","hentry"],"_links":{"self":[{"href":"https:\/\/anibalsilveira.org\/fr\/wp-json\/wp\/v2\/pages\/3119","targetHints":{"allow":["GET"]}}],"collection":[{"href":"https:\/\/anibalsilveira.org\/fr\/wp-json\/wp\/v2\/pages"}],"about":[{"href":"https:\/\/anibalsilveira.org\/fr\/wp-json\/wp\/v2\/types\/page"}],"author":[{"embeddable":true,"href":"https:\/\/anibalsilveira.org\/fr\/wp-json\/wp\/v2\/users\/8"}],"replies":[{"embeddable":true,"href":"https:\/\/anibalsilveira.org\/fr\/wp-json\/wp\/v2\/comments?post=3119"}],"version-history":[{"count":1,"href":"https:\/\/anibalsilveira.org\/fr\/wp-json\/wp\/v2\/pages\/3119\/revisions"}],"predecessor-version":[{"id":3122,"href":"https:\/\/anibalsilveira.org\/fr\/wp-json\/wp\/v2\/pages\/3119\/revisions\/3122"}],"wp:attachment":[{"href":"https:\/\/anibalsilveira.org\/fr\/wp-json\/wp\/v2\/media?parent=3119"}],"wp:term":[{"taxonomy":"category","embeddable":true,"href":"https:\/\/anibalsilveira.org\/fr\/wp-json\/wp\/v2\/categories?post=3119"},{"taxonomy":"post_tag","embeddable":true,"href":"https:\/\/anibalsilveira.org\/fr\/wp-json\/wp\/v2\/tags?post=3119"}],"curies":[{"name":"wp","href":"https:\/\/api.w.org\/{rel}","templated":true}]}}