{"id":3123,"date":"2024-08-19T19:36:16","date_gmt":"2024-08-19T22:36:16","guid":{"rendered":"https:\/\/anibalsilveira.org\/?page_id=3123"},"modified":"2024-08-19T19:37:03","modified_gmt":"2024-08-19T22:37:03","slug":"grupo-das-psicoses-benignas","status":"publish","type":"page","link":"https:\/\/anibalsilveira.org\/fr\/grupo-das-psicoses-benignas\/","title":{"rendered":"Grupo das psicoses benignas"},"content":{"rendered":"<p>An\u00edbal Silveira denominou esse grupo de Psicoses Diat\u00e9ticas, apontando para os fatores patog\u00eanicos exteriores na sua patog\u00eanese (di\u00e1tese\/tens\u00e3o). Aqui se coloca a linha divis\u00f3ria da Psiquiatria Biol\u00f3gica (dom\u00ednio da loucura como express\u00e3o individual) da Psiquiatria orientada pela patog\u00eanese (que leva em considera\u00e7\u00e3o, para al\u00e9m do cabedal gen\u00e9tico dos indiv\u00edduos, a dimens\u00e3o coletiva dos fatores patog\u00eanicos a que est\u00e3o submetidos: o contexto social e hist\u00f3rico nos quais est\u00e3o imersos, bem como com a sua vincula\u00e7\u00e3o com o mundo do trabalho e, no \u00e2mbito deste, com as condi\u00e7\u00f5es e seu processo de trabalho<\/p>","protected":false},"excerpt":{"rendered":"<p>An\u00edbal Silveira denominou esse grupo de Psicoses Diat\u00e9ticas, apontando para os fatores patog\u00eanicos exteriores na sua patog\u00eanese (di\u00e1tese\/tens\u00e3o). Aqui se coloca a linha divis\u00f3ria da Psiquiatria Biol\u00f3gica (dom\u00ednio da loucura como express\u00e3o individual) da Psiquiatria orientada pela patog\u00eanese (que leva em considera\u00e7\u00e3o, para al\u00e9m do cabedal gen\u00e9tico dos indiv\u00edduos, a dimens\u00e3o coletiva dos fatores patog\u00eanicos [&hellip;]<\/p>\n","protected":false},"author":8,"featured_media":0,"parent":0,"menu_order":0,"comment_status":"closed","ping_status":"closed","template":"","meta":{"footnotes":""},"categories":[],"tags":[],"class_list":["post-3123","page","type-page","status-publish","hentry"],"_links":{"self":[{"href":"https:\/\/anibalsilveira.org\/fr\/wp-json\/wp\/v2\/pages\/3123","targetHints":{"allow":["GET"]}}],"collection":[{"href":"https:\/\/anibalsilveira.org\/fr\/wp-json\/wp\/v2\/pages"}],"about":[{"href":"https:\/\/anibalsilveira.org\/fr\/wp-json\/wp\/v2\/types\/page"}],"author":[{"embeddable":true,"href":"https:\/\/anibalsilveira.org\/fr\/wp-json\/wp\/v2\/users\/8"}],"replies":[{"embeddable":true,"href":"https:\/\/anibalsilveira.org\/fr\/wp-json\/wp\/v2\/comments?post=3123"}],"version-history":[{"count":2,"href":"https:\/\/anibalsilveira.org\/fr\/wp-json\/wp\/v2\/pages\/3123\/revisions"}],"predecessor-version":[{"id":3129,"href":"https:\/\/anibalsilveira.org\/fr\/wp-json\/wp\/v2\/pages\/3123\/revisions\/3129"}],"wp:attachment":[{"href":"https:\/\/anibalsilveira.org\/fr\/wp-json\/wp\/v2\/media?parent=3123"}],"wp:term":[{"taxonomy":"category","embeddable":true,"href":"https:\/\/anibalsilveira.org\/fr\/wp-json\/wp\/v2\/categories?post=3123"},{"taxonomy":"post_tag","embeddable":true,"href":"https:\/\/anibalsilveira.org\/fr\/wp-json\/wp\/v2\/tags?post=3123"}],"curies":[{"name":"wp","href":"https:\/\/api.w.org\/{rel}","templated":true}]}}