{"id":3138,"date":"2024-08-19T19:38:53","date_gmt":"2024-08-19T22:38:53","guid":{"rendered":"https:\/\/anibalsilveira.org\/?page_id=3138"},"modified":"2024-08-19T19:38:53","modified_gmt":"2024-08-19T22:38:53","slug":"lipidoses","status":"publish","type":"page","link":"https:\/\/anibalsilveira.org\/fr\/lipidoses\/","title":{"rendered":"Lipidoses"},"content":{"rendered":"<p>S\u00e3o desordens org\u00e2nicas no metabolismo dos l\u00edpides (gorduras) que resultam em quadros nocivos \u00e0 sa\u00fade pois determinadas gorduras s\u00e3o acumuladas em certas partes do corpo. As pessoas com esses transtornos geralmente n\u00e3o conseguem sintetizar enzimas suficientes para metabolizar os lip\u00eddios ou estas enzimas que n\u00e3o funcionam corretamente. Ao longo do tempo, este ac\u00famulo excessivo de gordura pode causar danos permanentes a certos tecidos celulares, em especial ao c\u00e9rebro, sistema nervoso perif\u00e9rico, f\u00edgado, ba\u00e7o e medula \u00f3ssea. A incid\u00eancia destas doen\u00e7as \u00e9 rara bem como sua preval\u00eancia que \u00e9 estimada em 1 caso para cada 4.000 pacientes. O tratamento varia de acordo com a causa e o tipo de lipidose.<\/p>","protected":false},"excerpt":{"rendered":"<p>S\u00e3o desordens org\u00e2nicas no metabolismo dos l\u00edpides (gorduras) que resultam em quadros nocivos \u00e0 sa\u00fade pois determinadas gorduras s\u00e3o acumuladas em certas partes do corpo. As pessoas com esses transtornos geralmente n\u00e3o conseguem sintetizar enzimas suficientes para metabolizar os lip\u00eddios ou estas enzimas que n\u00e3o funcionam corretamente. Ao longo do tempo, este ac\u00famulo excessivo de [&hellip;]<\/p>\n","protected":false},"author":8,"featured_media":0,"parent":0,"menu_order":0,"comment_status":"closed","ping_status":"closed","template":"","meta":{"footnotes":""},"categories":[],"tags":[],"class_list":["post-3138","page","type-page","status-publish","hentry"],"_links":{"self":[{"href":"https:\/\/anibalsilveira.org\/fr\/wp-json\/wp\/v2\/pages\/3138","targetHints":{"allow":["GET"]}}],"collection":[{"href":"https:\/\/anibalsilveira.org\/fr\/wp-json\/wp\/v2\/pages"}],"about":[{"href":"https:\/\/anibalsilveira.org\/fr\/wp-json\/wp\/v2\/types\/page"}],"author":[{"embeddable":true,"href":"https:\/\/anibalsilveira.org\/fr\/wp-json\/wp\/v2\/users\/8"}],"replies":[{"embeddable":true,"href":"https:\/\/anibalsilveira.org\/fr\/wp-json\/wp\/v2\/comments?post=3138"}],"version-history":[{"count":1,"href":"https:\/\/anibalsilveira.org\/fr\/wp-json\/wp\/v2\/pages\/3138\/revisions"}],"predecessor-version":[{"id":3141,"href":"https:\/\/anibalsilveira.org\/fr\/wp-json\/wp\/v2\/pages\/3138\/revisions\/3141"}],"wp:attachment":[{"href":"https:\/\/anibalsilveira.org\/fr\/wp-json\/wp\/v2\/media?parent=3138"}],"wp:term":[{"taxonomy":"category","embeddable":true,"href":"https:\/\/anibalsilveira.org\/fr\/wp-json\/wp\/v2\/categories?post=3138"},{"taxonomy":"post_tag","embeddable":true,"href":"https:\/\/anibalsilveira.org\/fr\/wp-json\/wp\/v2\/tags?post=3138"}],"curies":[{"name":"wp","href":"https:\/\/api.w.org\/{rel}","templated":true}]}}