{"id":3152,"date":"2024-08-19T19:40:29","date_gmt":"2024-08-19T22:40:29","guid":{"rendered":"https:\/\/anibalsilveira.org\/?page_id=3152"},"modified":"2024-08-19T19:40:29","modified_gmt":"2024-08-19T22:40:29","slug":"neuroglia","status":"publish","type":"page","link":"https:\/\/anibalsilveira.org\/fr\/neuroglia\/","title":{"rendered":"Neuroglia"},"content":{"rendered":"<p>Conforme levantamento bibliogr\u00e1fico feito por Fl\u00e1vio Vivacqua, um dos revisores deste texto, o papel dos astr\u00f3citos na nutri\u00e7\u00e3o neuronal e como fun\u00e7\u00e3o formativa (instinto nutritivo em nossa acep\u00e7\u00e3o) vem sendo cada vez mais comprovado pelas pesquisar contempor\u00e2neas.<\/p>","protected":false},"excerpt":{"rendered":"<p>Conforme levantamento bibliogr\u00e1fico feito por Fl\u00e1vio Vivacqua, um dos revisores deste texto, o papel dos astr\u00f3citos na nutri\u00e7\u00e3o neuronal e como fun\u00e7\u00e3o formativa (instinto nutritivo em nossa acep\u00e7\u00e3o) vem sendo cada vez mais comprovado pelas pesquisar contempor\u00e2neas.<\/p>","protected":false},"author":8,"featured_media":0,"parent":0,"menu_order":0,"comment_status":"closed","ping_status":"closed","template":"","meta":{"footnotes":""},"categories":[],"tags":[],"class_list":["post-3152","page","type-page","status-publish","hentry"],"_links":{"self":[{"href":"https:\/\/anibalsilveira.org\/fr\/wp-json\/wp\/v2\/pages\/3152","targetHints":{"allow":["GET"]}}],"collection":[{"href":"https:\/\/anibalsilveira.org\/fr\/wp-json\/wp\/v2\/pages"}],"about":[{"href":"https:\/\/anibalsilveira.org\/fr\/wp-json\/wp\/v2\/types\/page"}],"author":[{"embeddable":true,"href":"https:\/\/anibalsilveira.org\/fr\/wp-json\/wp\/v2\/users\/8"}],"replies":[{"embeddable":true,"href":"https:\/\/anibalsilveira.org\/fr\/wp-json\/wp\/v2\/comments?post=3152"}],"version-history":[{"count":1,"href":"https:\/\/anibalsilveira.org\/fr\/wp-json\/wp\/v2\/pages\/3152\/revisions"}],"predecessor-version":[{"id":3155,"href":"https:\/\/anibalsilveira.org\/fr\/wp-json\/wp\/v2\/pages\/3152\/revisions\/3155"}],"wp:attachment":[{"href":"https:\/\/anibalsilveira.org\/fr\/wp-json\/wp\/v2\/media?parent=3152"}],"wp:term":[{"taxonomy":"category","embeddable":true,"href":"https:\/\/anibalsilveira.org\/fr\/wp-json\/wp\/v2\/categories?post=3152"},{"taxonomy":"post_tag","embeddable":true,"href":"https:\/\/anibalsilveira.org\/fr\/wp-json\/wp\/v2\/tags?post=3152"}],"curies":[{"name":"wp","href":"https:\/\/api.w.org\/{rel}","templated":true}]}}