{"id":3166,"date":"2024-08-19T19:41:41","date_gmt":"2024-08-19T22:41:41","guid":{"rendered":"https:\/\/anibalsilveira.org\/?page_id=3166"},"modified":"2024-08-19T19:41:41","modified_gmt":"2024-08-19T22:41:41","slug":"paranoia-abortiva-2","status":"publish","type":"page","link":"https:\/\/anibalsilveira.org\/fr\/paranoia-abortiva-2\/","title":{"rendered":"Paran\u00f3ia Abortiva\u00a0"},"content":{"rendered":"<p>\u00e9 um quadro descrito pelo psiquiatra alem\u00e3o Robert Gaupp. Ele considerou este quadro como uma paranoia reativa que aparecia em personalidades previamente s\u00e3s e que se resolvia completamente sem produzir deteriora\u00e7\u00e3o ou defeito. (<a href=\"https:\/\/psiquiatria.com\/glosario\/paranoia-abortiva\">https:\/\/psiquiatria.com\/glosario\/paranoia-abortiva<\/a>)\u00a0<\/p>","protected":false},"excerpt":{"rendered":"<p>\u00e9 um quadro descrito pelo psiquiatra alem\u00e3o Robert Gaupp. Ele considerou este quadro como uma paranoia reativa que aparecia em personalidades previamente s\u00e3s e que se resolvia completamente sem produzir deteriora\u00e7\u00e3o ou defeito. (https:\/\/psiquiatria.com\/glosario\/paranoia-abortiva)\u00a0<\/p>","protected":false},"author":8,"featured_media":0,"parent":0,"menu_order":0,"comment_status":"closed","ping_status":"closed","template":"","meta":{"footnotes":""},"categories":[],"tags":[],"class_list":["post-3166","page","type-page","status-publish","hentry"],"_links":{"self":[{"href":"https:\/\/anibalsilveira.org\/fr\/wp-json\/wp\/v2\/pages\/3166","targetHints":{"allow":["GET"]}}],"collection":[{"href":"https:\/\/anibalsilveira.org\/fr\/wp-json\/wp\/v2\/pages"}],"about":[{"href":"https:\/\/anibalsilveira.org\/fr\/wp-json\/wp\/v2\/types\/page"}],"author":[{"embeddable":true,"href":"https:\/\/anibalsilveira.org\/fr\/wp-json\/wp\/v2\/users\/8"}],"replies":[{"embeddable":true,"href":"https:\/\/anibalsilveira.org\/fr\/wp-json\/wp\/v2\/comments?post=3166"}],"version-history":[{"count":1,"href":"https:\/\/anibalsilveira.org\/fr\/wp-json\/wp\/v2\/pages\/3166\/revisions"}],"predecessor-version":[{"id":3169,"href":"https:\/\/anibalsilveira.org\/fr\/wp-json\/wp\/v2\/pages\/3166\/revisions\/3169"}],"wp:attachment":[{"href":"https:\/\/anibalsilveira.org\/fr\/wp-json\/wp\/v2\/media?parent=3166"}],"wp:term":[{"taxonomy":"category","embeddable":true,"href":"https:\/\/anibalsilveira.org\/fr\/wp-json\/wp\/v2\/categories?post=3166"},{"taxonomy":"post_tag","embeddable":true,"href":"https:\/\/anibalsilveira.org\/fr\/wp-json\/wp\/v2\/tags?post=3166"}],"curies":[{"name":"wp","href":"https:\/\/api.w.org\/{rel}","templated":true}]}}