{"id":3176,"date":"2024-08-19T19:42:36","date_gmt":"2024-08-19T22:42:36","guid":{"rendered":"https:\/\/anibalsilveira.org\/?page_id=3176"},"modified":"2024-08-19T19:42:36","modified_gmt":"2024-08-19T22:42:36","slug":"psicoses-da-individualidade","status":"publish","type":"page","link":"https:\/\/anibalsilveira.org\/fr\/psicoses-da-individualidade\/","title":{"rendered":"Psicoses da Individualidade"},"content":{"rendered":"<p>Essa denomina\u00e7\u00e3o de psicose da individualidade foi revista por Kleist e por An\u00edbal Silveira. A denomina\u00e7\u00e3o deste grupo como Psicoses da Individualidade foi, posteriormente, revista tanto pelo pr\u00f3prio Kleist, como por An\u00edbal Silveira, de modo, que posteriormente o grupo foi desmembrado e as psicoses que anteriormente o constitu\u00edam foram realocadas entre as Psicoses do Grupo Cicloide e as do Grupo Paranoide. \u00c9 f\u00e1cil compreender o porqu\u00ea disto j\u00e1 que todas as Psicoses denominadas diat\u00e9ticas (por Silveira) e degenerativas (por Kleist) s\u00e3o at\u00edpicas e multif\u00e1rias com rela\u00e7\u00e3o \u00e0s tend\u00eancias gen\u00e9ticas envolvidas. Sempre h\u00e1 tend\u00eancias de v\u00e1rios ciclos heredol\u00f3gicos, o que dilui a predisposi\u00e7\u00e3o e torna o colorido cl\u00ednico mais variado e at\u00edpico, bem como predisp\u00f5e \u00e0 remiss\u00e3o dos quadros, integralmente \u00e0 vida ps\u00edquica normal.<\/p>","protected":false},"excerpt":{"rendered":"<p>Essa denomina\u00e7\u00e3o de psicose da individualidade foi revista por Kleist e por An\u00edbal Silveira. A denomina\u00e7\u00e3o deste grupo como Psicoses da Individualidade foi, posteriormente, revista tanto pelo pr\u00f3prio Kleist, como por An\u00edbal Silveira, de modo, que posteriormente o grupo foi desmembrado e as psicoses que anteriormente o constitu\u00edam foram realocadas entre as Psicoses do Grupo [&hellip;]<\/p>\n","protected":false},"author":8,"featured_media":0,"parent":0,"menu_order":0,"comment_status":"closed","ping_status":"closed","template":"","meta":{"footnotes":""},"categories":[],"tags":[],"class_list":["post-3176","page","type-page","status-publish","hentry"],"_links":{"self":[{"href":"https:\/\/anibalsilveira.org\/fr\/wp-json\/wp\/v2\/pages\/3176","targetHints":{"allow":["GET"]}}],"collection":[{"href":"https:\/\/anibalsilveira.org\/fr\/wp-json\/wp\/v2\/pages"}],"about":[{"href":"https:\/\/anibalsilveira.org\/fr\/wp-json\/wp\/v2\/types\/page"}],"author":[{"embeddable":true,"href":"https:\/\/anibalsilveira.org\/fr\/wp-json\/wp\/v2\/users\/8"}],"replies":[{"embeddable":true,"href":"https:\/\/anibalsilveira.org\/fr\/wp-json\/wp\/v2\/comments?post=3176"}],"version-history":[{"count":1,"href":"https:\/\/anibalsilveira.org\/fr\/wp-json\/wp\/v2\/pages\/3176\/revisions"}],"predecessor-version":[{"id":3179,"href":"https:\/\/anibalsilveira.org\/fr\/wp-json\/wp\/v2\/pages\/3176\/revisions\/3179"}],"wp:attachment":[{"href":"https:\/\/anibalsilveira.org\/fr\/wp-json\/wp\/v2\/media?parent=3176"}],"wp:term":[{"taxonomy":"category","embeddable":true,"href":"https:\/\/anibalsilveira.org\/fr\/wp-json\/wp\/v2\/categories?post=3176"},{"taxonomy":"post_tag","embeddable":true,"href":"https:\/\/anibalsilveira.org\/fr\/wp-json\/wp\/v2\/tags?post=3176"}],"curies":[{"name":"wp","href":"https:\/\/api.w.org\/{rel}","templated":true}]}}