{"id":3195,"date":"2024-08-19T19:44:08","date_gmt":"2024-08-19T22:44:08","guid":{"rendered":"https:\/\/anibalsilveira.org\/?page_id=3195"},"modified":"2024-08-19T19:44:08","modified_gmt":"2024-08-19T22:44:08","slug":"reacoes-em-curto-circuito","status":"publish","type":"page","link":"https:\/\/anibalsilveira.org\/fr\/reacoes-em-curto-circuito\/","title":{"rendered":"Rea\u00e7\u00f5es em curto-circuito"},"content":{"rendered":"<p>Para que se possa compreender de um modo mais descritivo o que s\u00e3o as rea\u00e7\u00f5es em curto-circuito de Kretschmer, citaremos um trecho do c\u00e9lebre psiquiatra baiano Nelson Pires: \u201c<em>Rea\u00e7\u00f5es em curto-circuito<\/em> s\u00e3o rea\u00e7\u00f5es em que os atos n\u00e3o s\u00e3o singelos e diretos mas complicados e at\u00e9 subtis sem que, entretanto, intervenha neles a inst\u00e2ncia cr\u00edtica superior, O Super-Ego freudiano; o ato, o crime, \u00e9 cometido, percorrendo um circuito que vai do mundo instintivo subterr\u00e2neo do insconsciente \u2013 ao exterior, escotomizando a censura mediante um verdadeiro \u201cestado segundo\u201d durante o qual s\u00f3 falam os desejos e satisfazer em linha quebrada, enquanto dura a narcose do Super-Ego, escamoteado. Sobretudo a nostalgia que tem proporcionado exemplo deste tipo: Rudes alde\u00f5es, transplantados para a cidade com armas ou criadas para servir, experimentam o progressivo crescimento da nostalgia, o desejo de retornar ao seu torr\u00e3o. Se a casa dos patr\u00f5es fosses suprimida cessava a impossibilidade. E este objetivo \u00e9 atingido; um dia rompe um inc\u00eandio na habita\u00e7\u00e3o, ou a crian\u00e7a pageada \u00e9 trucidada. Aos olhos comuns \u00e9 incompreens\u00edvel a brutal ocorr\u00eancia. A desagrega\u00e7\u00e3o da personalidade propicia o \u201ccurto-circuito\u201d labir\u00edntico e definitivo. Kretschmer d\u00e1 outros exemplos de rea\u00e7\u00f5es de curto-circuito: o homossexual, em mar\u00e9 de contrariedades e puni\u00e7\u00f5es, opta pelo suic\u00eddio espetaculoso. Cita-se tamb\u00e9m o duplo suic\u00eddio de amantes menos felizes \u00e0s voltas com afei\u00e7\u00f5es proibidas\u201d. Kretschmer associava estas rea\u00e7\u00f5es com o temperamento \u201cesquiz\u00f3ide\u201d mas Minkowski cria o que denomina personalidade gliscroide, ou seja, ligada \u00e0s tend\u00eancias epileptoides. Acreditamos que o Professor An\u00edbal Silveira talvez considerasse estas rea\u00e7\u00f5es como mais ligadas a tend\u00eancias epilept\u00f3ides, ainda que, considerando-se o que Kretschmer e Pires relatam, exista tamb\u00e9m importante participa\u00e7\u00e3o de experi\u00eancias sociais, ligadas ao ambiente externo. No entanto, nem todos os que vivenciam este tipo de experi\u00eancia iram ter este quadro com aboli\u00e7\u00e3o da censura racional, talvez os mais impulsivos.<\/p>","protected":false},"excerpt":{"rendered":"<p>Para que se possa compreender de um modo mais descritivo o que s\u00e3o as rea\u00e7\u00f5es em curto-circuito de Kretschmer, citaremos um trecho do c\u00e9lebre psiquiatra baiano Nelson Pires: \u201cRea\u00e7\u00f5es em curto-circuito s\u00e3o rea\u00e7\u00f5es em que os atos n\u00e3o s\u00e3o singelos e diretos mas complicados e at\u00e9 subtis sem que, entretanto, intervenha neles a inst\u00e2ncia cr\u00edtica [&hellip;]<\/p>\n","protected":false},"author":8,"featured_media":0,"parent":0,"menu_order":0,"comment_status":"closed","ping_status":"closed","template":"","meta":{"footnotes":""},"categories":[],"tags":[],"class_list":["post-3195","page","type-page","status-publish","hentry"],"_links":{"self":[{"href":"https:\/\/anibalsilveira.org\/fr\/wp-json\/wp\/v2\/pages\/3195","targetHints":{"allow":["GET"]}}],"collection":[{"href":"https:\/\/anibalsilveira.org\/fr\/wp-json\/wp\/v2\/pages"}],"about":[{"href":"https:\/\/anibalsilveira.org\/fr\/wp-json\/wp\/v2\/types\/page"}],"author":[{"embeddable":true,"href":"https:\/\/anibalsilveira.org\/fr\/wp-json\/wp\/v2\/users\/8"}],"replies":[{"embeddable":true,"href":"https:\/\/anibalsilveira.org\/fr\/wp-json\/wp\/v2\/comments?post=3195"}],"version-history":[{"count":1,"href":"https:\/\/anibalsilveira.org\/fr\/wp-json\/wp\/v2\/pages\/3195\/revisions"}],"predecessor-version":[{"id":3198,"href":"https:\/\/anibalsilveira.org\/fr\/wp-json\/wp\/v2\/pages\/3195\/revisions\/3198"}],"wp:attachment":[{"href":"https:\/\/anibalsilveira.org\/fr\/wp-json\/wp\/v2\/media?parent=3195"}],"wp:term":[{"taxonomy":"category","embeddable":true,"href":"https:\/\/anibalsilveira.org\/fr\/wp-json\/wp\/v2\/categories?post=3195"},{"taxonomy":"post_tag","embeddable":true,"href":"https:\/\/anibalsilveira.org\/fr\/wp-json\/wp\/v2\/tags?post=3195"}],"curies":[{"name":"wp","href":"https:\/\/api.w.org\/{rel}","templated":true}]}}