{"id":3219,"date":"2024-08-19T19:46:20","date_gmt":"2024-08-19T22:46:20","guid":{"rendered":"https:\/\/anibalsilveira.org\/?page_id=3219"},"modified":"2024-08-19T19:46:20","modified_gmt":"2024-08-19T22:46:20","slug":"valentin-magnan","status":"publish","type":"page","link":"https:\/\/anibalsilveira.org\/fr\/valentin-magnan\/","title":{"rendered":"Valentin Magnan"},"content":{"rendered":"<p>(16 de mar\u00e7o de 1835 \u2013 27 de setembro de 1916) foi um psiquiatra franc\u00eas ativo no s\u00e9culo XIX. Natural de Perpignan, estudou medicina em Lyon e em Paris, onde foi aluno de Jules Baillarger e Jean-Pierre Falret. De 1867 at\u00e9 o final de sua carreira, ele foi associado ao H\u00f4pital Sainte-Anne em Paris. Foi influente na psiquiatria francesa na segunda metade do s\u00e9culo XIX. \u00c9 lembrado por expandir o conceito de degenera\u00e7\u00e3o que foi introduzido por Morel na psiquiatria. A teoria da degenera\u00e7\u00e3o de Magnan era uma forma de &#8220;biologia evolutiva&#8221; baseada em um preceito heredit\u00e1rio. Ele usou termos como bouff\u00e9e d\u00e9lirante (psicose delirante transit\u00f3ria) e d\u00e9lire chronique \u00e9volution syst\u00e9matique (transtorno delirante cr\u00f4nico sistematizado) como categorias descritivas de doen\u00e7a mental. Em 1892, com o psiquiatra Paul S\u00e9rieux (1864\u20131947), publicou uma monografia sobre este \u00faltimo estado mental intitulada Le d\u00e9lire chronique a \u00e9volution syst\u00e9matique.<\/p>","protected":false},"excerpt":{"rendered":"<p>(16 de mar\u00e7o de 1835 \u2013 27 de setembro de 1916) foi um psiquiatra franc\u00eas ativo no s\u00e9culo XIX. Natural de Perpignan, estudou medicina em Lyon e em Paris, onde foi aluno de Jules Baillarger e Jean-Pierre Falret. De 1867 at\u00e9 o final de sua carreira, ele foi associado ao H\u00f4pital Sainte-Anne em Paris. Foi [&hellip;]<\/p>\n","protected":false},"author":8,"featured_media":0,"parent":0,"menu_order":0,"comment_status":"closed","ping_status":"closed","template":"","meta":{"footnotes":""},"categories":[],"tags":[],"class_list":["post-3219","page","type-page","status-publish","hentry"],"_links":{"self":[{"href":"https:\/\/anibalsilveira.org\/fr\/wp-json\/wp\/v2\/pages\/3219","targetHints":{"allow":["GET"]}}],"collection":[{"href":"https:\/\/anibalsilveira.org\/fr\/wp-json\/wp\/v2\/pages"}],"about":[{"href":"https:\/\/anibalsilveira.org\/fr\/wp-json\/wp\/v2\/types\/page"}],"author":[{"embeddable":true,"href":"https:\/\/anibalsilveira.org\/fr\/wp-json\/wp\/v2\/users\/8"}],"replies":[{"embeddable":true,"href":"https:\/\/anibalsilveira.org\/fr\/wp-json\/wp\/v2\/comments?post=3219"}],"version-history":[{"count":1,"href":"https:\/\/anibalsilveira.org\/fr\/wp-json\/wp\/v2\/pages\/3219\/revisions"}],"predecessor-version":[{"id":3223,"href":"https:\/\/anibalsilveira.org\/fr\/wp-json\/wp\/v2\/pages\/3219\/revisions\/3223"}],"wp:attachment":[{"href":"https:\/\/anibalsilveira.org\/fr\/wp-json\/wp\/v2\/media?parent=3219"}],"wp:term":[{"taxonomy":"category","embeddable":true,"href":"https:\/\/anibalsilveira.org\/fr\/wp-json\/wp\/v2\/categories?post=3219"},{"taxonomy":"post_tag","embeddable":true,"href":"https:\/\/anibalsilveira.org\/fr\/wp-json\/wp\/v2\/tags?post=3219"}],"curies":[{"name":"wp","href":"https:\/\/api.w.org\/{rel}","templated":true}]}}