{"id":3483,"date":"2026-02-16T13:38:30","date_gmt":"2026-02-16T16:38:30","guid":{"rendered":"https:\/\/anibalsilveira.org\/?page_id=3483"},"modified":"2026-02-16T13:38:30","modified_gmt":"2026-02-16T16:38:30","slug":"psiquiatria-sociologica","status":"publish","type":"page","link":"https:\/\/anibalsilveira.org\/fr\/psiquiatria-sociologica\/","title":{"rendered":"Psychiatrie sociologique"},"content":{"rendered":"<ul class=\"wp-block-list\">\n<li><a href=\"https:\/\/anibalsilveira.org\/introducao-a-psiquiatria-sociologica\/\"><strong>Introdu\u00e7\u00e3o \u00e0 Psiquiatria Sociol\u00f3gica<\/strong><\/a><\/li>\n\n\n\n<li><a href=\"https:\/\/anibalsilveira.org\/?page_id=706\"><strong>Apontamentos de aulas sobre a Psiquiatria fundamentada na teoria sociol\u00f3gica da personalidade e orientada pela patog\u00eanese <\/strong><\/a><\/li>\n\n\n\n<li><strong><a href=\"https:\/\/anibalsilveira.org\/?page_id=707\" data-type=\"page\" data-id=\"707\">Artigos de An\u00edbal Silveira relacionados com o campo da Psiquiatria<\/a> &nbsp;<\/strong><\/li>\n\n\n\n<li><a href=\"https:\/\/anibalsilveira.org\/artigos-e-apontamentos-de-anibal-silveira-relacionados-com-a-semiologia-psiquiatrica\/\"><strong>Artigos e apontamentos de aulas de An\u00edbal Silveira relacionados com a Semiologia psiqui\u00e1trica<\/strong><\/a><\/li>\n\n\n\n<li><a href=\"https:\/\/anibalsilveira.org\/artigos-e-apontamentos-de-anibal-silveira-relacionados-com-a-psicopatologia-geral-e-especial\/\"><strong>Artigos e apontamentos de aulas de An\u00edbal Silveira relacionados com a Psicopatologia Geral<\/strong><\/a><\/li>\n\n\n\n<li><strong><a href=\"https:\/\/anibalsilveira.org\/artigos-e-apontamentos-de-aulas-de-anibal-silveira-relacionados-com-a-psicopatologia-especial\/\">Artigos e apontamentos de aulas de An\u00edbal Silveira relacionados com a Psicopatologia Especial<\/a><\/strong><\/li>\n\n\n\n<li><a href=\"https:\/\/anibalsilveira.org\/bibliografia-correlata-referenciada-na-abordagem-de-anibal-silveira\/\" data-type=\"page\" data-id=\"697\"><strong>Bibliografia correlata referenciada na abordagem de An\u00edbal Silveira<\/strong><\/a><\/li>\n\n\n\n<li><strong><a href=\"https:\/\/anibalsilveira.org\/abordagens-terapeuticas\/\">Abordagens Terap\u00eauticas<\/a><\/strong><\/li>\n\n\n\n<li><strong><a href=\"https:\/\/anibalsilveira.org\/referencias-bibliograficas-relacionadas-com-a-psiquiatria-sociologica\/\">Refer\u00eancias bibliogr\u00e1ficas relacionadas com a Psiquiatria Sociol\u00f3gica&nbsp;<\/a><\/strong><\/li>\n<\/ul>","protected":false},"excerpt":{"rendered":"","protected":false},"author":8,"featured_media":0,"parent":0,"menu_order":0,"comment_status":"closed","ping_status":"closed","template":"","meta":{"footnotes":""},"categories":[],"tags":[],"class_list":["post-3483","page","type-page","status-publish","hentry"],"_links":{"self":[{"href":"https:\/\/anibalsilveira.org\/fr\/wp-json\/wp\/v2\/pages\/3483","targetHints":{"allow":["GET"]}}],"collection":[{"href":"https:\/\/anibalsilveira.org\/fr\/wp-json\/wp\/v2\/pages"}],"about":[{"href":"https:\/\/anibalsilveira.org\/fr\/wp-json\/wp\/v2\/types\/page"}],"author":[{"embeddable":true,"href":"https:\/\/anibalsilveira.org\/fr\/wp-json\/wp\/v2\/users\/8"}],"replies":[{"embeddable":true,"href":"https:\/\/anibalsilveira.org\/fr\/wp-json\/wp\/v2\/comments?post=3483"}],"version-history":[{"count":1,"href":"https:\/\/anibalsilveira.org\/fr\/wp-json\/wp\/v2\/pages\/3483\/revisions"}],"predecessor-version":[{"id":3486,"href":"https:\/\/anibalsilveira.org\/fr\/wp-json\/wp\/v2\/pages\/3483\/revisions\/3486"}],"wp:attachment":[{"href":"https:\/\/anibalsilveira.org\/fr\/wp-json\/wp\/v2\/media?parent=3483"}],"wp:term":[{"taxonomy":"category","embeddable":true,"href":"https:\/\/anibalsilveira.org\/fr\/wp-json\/wp\/v2\/categories?post=3483"},{"taxonomy":"post_tag","embeddable":true,"href":"https:\/\/anibalsilveira.org\/fr\/wp-json\/wp\/v2\/tags?post=3483"}],"curies":[{"name":"wp","href":"https:\/\/api.w.org\/{rel}","templated":true}]}}