{"id":3487,"date":"2026-02-16T13:40:16","date_gmt":"2026-02-16T16:40:16","guid":{"rendered":"https:\/\/anibalsilveira.org\/?page_id=3487"},"modified":"2026-02-16T13:40:16","modified_gmt":"2026-02-16T16:40:16","slug":"teoria-sociologica-da-personalidade-2","status":"publish","type":"page","link":"https:\/\/anibalsilveira.org\/fr\/teoria-sociologica-da-personalidade-2\/","title":{"rendered":"Th\u00e9orie sociologique de la personnalit\u00e9"},"content":{"rendered":"<ul class=\"wp-block-list\">\n<li><a href=\"https:\/\/anibalsilveira.org\/introducao-a-teoria-sociologica-da-personalidade\/\" data-type=\"page\" data-id=\"2598\"><strong>Introdu\u00e7\u00e3o \u00e0 Teoria Sociol\u00f3gica da Personalidade<\/strong><\/a><\/li>\n\n\n\n<li><a href=\"https:\/\/anibalsilveira.org\/?page_id=683\"><strong>Apontamentos sobre a Teoria Sociol\u00f3gica da Personalidade<\/strong><\/a><\/li>\n\n\n\n<li><strong><a href=\"https:\/\/anibalsilveira.org\/curso-teoria-da-personalidade-nov-dez-1969-caoc-srsp\/\">Teoria da Personalidade &#8211; <strong>Curso<\/strong> &#8211; Nov-Dez\/1969 \u2013 CAOC\/SRSP<\/a><\/strong><\/li>\n\n\n\n<li><a href=\"https:\/\/anibalsilveira.org\/?page_id=688\"><strong>Artigos publicados de An\u00edbal Silveira alusivos \u00e0 Teoria Sociol\u00f3gica da Personalidade.<\/strong><\/a><\/li>\n\n\n\n<li><a href=\"https:\/\/anibalsilveira.org\/bibliografia-correlata-referenciada-na-abordagem-de-anibal-silveira-3\/\"><strong>Bibliografia correlata referenciada na abordagem de An\u00edbal Silveira<\/strong><\/a><\/li>\n\n\n\n<li><strong><a href=\"https:\/\/anibalsilveira.org\/referencias-bibliograficas-sobre-a-teoria-sociologica-da-personalidade\/\">Refer\u00eancias Bibliograficas sobre a Teoria Sociol\u00f3gica da Personalidade<\/a><\/strong><\/li>\n<\/ul>","protected":false},"excerpt":{"rendered":"","protected":false},"author":8,"featured_media":0,"parent":0,"menu_order":0,"comment_status":"closed","ping_status":"closed","template":"","meta":{"footnotes":""},"categories":[],"tags":[],"class_list":["post-3487","page","type-page","status-publish","hentry"],"_links":{"self":[{"href":"https:\/\/anibalsilveira.org\/fr\/wp-json\/wp\/v2\/pages\/3487","targetHints":{"allow":["GET"]}}],"collection":[{"href":"https:\/\/anibalsilveira.org\/fr\/wp-json\/wp\/v2\/pages"}],"about":[{"href":"https:\/\/anibalsilveira.org\/fr\/wp-json\/wp\/v2\/types\/page"}],"author":[{"embeddable":true,"href":"https:\/\/anibalsilveira.org\/fr\/wp-json\/wp\/v2\/users\/8"}],"replies":[{"embeddable":true,"href":"https:\/\/anibalsilveira.org\/fr\/wp-json\/wp\/v2\/comments?post=3487"}],"version-history":[{"count":1,"href":"https:\/\/anibalsilveira.org\/fr\/wp-json\/wp\/v2\/pages\/3487\/revisions"}],"predecessor-version":[{"id":3490,"href":"https:\/\/anibalsilveira.org\/fr\/wp-json\/wp\/v2\/pages\/3487\/revisions\/3490"}],"wp:attachment":[{"href":"https:\/\/anibalsilveira.org\/fr\/wp-json\/wp\/v2\/media?parent=3487"}],"wp:term":[{"taxonomy":"category","embeddable":true,"href":"https:\/\/anibalsilveira.org\/fr\/wp-json\/wp\/v2\/categories?post=3487"},{"taxonomy":"post_tag","embeddable":true,"href":"https:\/\/anibalsilveira.org\/fr\/wp-json\/wp\/v2\/tags?post=3487"}],"curies":[{"name":"wp","href":"https:\/\/api.w.org\/{rel}","templated":true}]}}