{"id":3559,"date":"2026-04-08T20:39:24","date_gmt":"2026-04-08T23:39:24","guid":{"rendered":"https:\/\/anibalsilveira.org\/?page_id=3559"},"modified":"2026-04-08T20:48:38","modified_gmt":"2026-04-08T23:48:38","slug":"abordagem-complementar-no-cuidado-psicossocial","status":"publish","type":"page","link":"https:\/\/anibalsilveira.org\/fr\/abordagem-complementar-no-cuidado-psicossocial\/","title":{"rendered":"Abordagem complementar no cuidado psicossocial"},"content":{"rendered":"<p>No \u00e2mbito do cuidado psicossocial complementar, ser\u00e1 desenvolvido o trabalho terap\u00eautico com Grupos de Refer\u00eancia e de suporte on-line.<\/p>\n\n\n\n<ol class=\"wp-block-list\">\n<li>Esse trabalho subentende a realiza\u00e7\u00e3o de grupos quinzenais, online ou presenciais, com dura\u00e7\u00e3o de 90 minutos e com at\u00e9 14 participantes;<\/li>\n\n\n\n<li>A base te\u00f3rica e t\u00e9cnica desse processo grupal pode ser compreendida com a leitura do artigo anexado abaixo.<\/li>\n\n\n\n<li>Os integrantes do Grupo de Refer\u00eancia tamb\u00e9m ter\u00e3o acesso a suporte online.<\/li>\n\n\n\n<li>Se for o caso, os integrantes do Grupo de Refer\u00eancia ter\u00e3o atendimento online ou presencial com o psiquiatra.<\/li>\n\n\n\n<li>O trabalho grupal ocorrer\u00e1 quinzenalmente, sempre \u00e0s quintas feiras, utilizando o aplicativo Zoom.<\/li>\n\n\n\n<li>O custo mensal \u00e9 de R$300,00.&nbsp; As pessoas que fazem uso de medica\u00e7\u00e3o ser\u00e3o avaliadas, quanto ao desempenho da abordagem medicamentosa, no bojo do processo grupal, com meta de desmedicaliza\u00e7\u00e3o progressiva. A minha experi\u00eancia cl\u00ednica demonstrou que o Grupo de Refer\u00eancia atinge o seu objetivo de fortalecimento da autonomia, da disposi\u00e7\u00e3o e harmonia ps\u00edquica em 1 ano. Ap\u00f3s esse tempo as pessoas podem continuar o &#8220;sentir-se bem juntos&#8221; na forma de amizade e, portanto, j\u00e1 fora do processo grupal terap\u00eautico.<\/li>\n\n\n\n<li>As pessoas interessadas devem entrar em contato com a Secretaria do Instituto pelo Tel\/Zap: (19) 994728817. Ap\u00f3s o contato, cada interessado receber\u00e1 uma ficha de inscri\u00e7\u00e3o pelo WhatsApp. Os inscritos ser\u00e3o agrupados no Grupo de Refer\u00eancia selecionado (pelo hor\u00e1rio). Os Grupos ser\u00e3o realizados \u00e0s quintas feiras com 3 hor\u00e1rios dispon\u00edveis: 10-12, 14-16, 17:30-19 hs.<\/li>\n\n\n\n<li>Os Grupos ter\u00e3o at\u00e9 14 participantes e ser\u00e3o operacionalizados por meio do aplicativo Zoom. Todos os inscritos dever\u00e3o baixar esse aplicativo. No dia de cada encontro um link ser\u00e1 encaminhado para o Grupo de Refer\u00eancia correspondente para permitir o acesso \u00e0 sala do encontro grupal.<\/li>\n<\/ol>\n\n\n\n<p><strong>Arquivo &#8211; Praticas Grupais<\/strong><\/p>","protected":false},"excerpt":{"rendered":"<p>No \u00e2mbito do cuidado psicossocial complementar, ser\u00e1 desenvolvido o trabalho terap\u00eautico com Grupos de Refer\u00eancia e de suporte on-line. Arquivo &#8211; Praticas Grupais<\/p>","protected":false},"author":8,"featured_media":0,"parent":0,"menu_order":0,"comment_status":"closed","ping_status":"closed","template":"","meta":{"footnotes":""},"categories":[],"tags":[],"class_list":["post-3559","page","type-page","status-publish","hentry"],"_links":{"self":[{"href":"https:\/\/anibalsilveira.org\/fr\/wp-json\/wp\/v2\/pages\/3559","targetHints":{"allow":["GET"]}}],"collection":[{"href":"https:\/\/anibalsilveira.org\/fr\/wp-json\/wp\/v2\/pages"}],"about":[{"href":"https:\/\/anibalsilveira.org\/fr\/wp-json\/wp\/v2\/types\/page"}],"author":[{"embeddable":true,"href":"https:\/\/anibalsilveira.org\/fr\/wp-json\/wp\/v2\/users\/8"}],"replies":[{"embeddable":true,"href":"https:\/\/anibalsilveira.org\/fr\/wp-json\/wp\/v2\/comments?post=3559"}],"version-history":[{"count":6,"href":"https:\/\/anibalsilveira.org\/fr\/wp-json\/wp\/v2\/pages\/3559\/revisions"}],"predecessor-version":[{"id":3577,"href":"https:\/\/anibalsilveira.org\/fr\/wp-json\/wp\/v2\/pages\/3559\/revisions\/3577"}],"wp:attachment":[{"href":"https:\/\/anibalsilveira.org\/fr\/wp-json\/wp\/v2\/media?parent=3559"}],"wp:term":[{"taxonomy":"category","embeddable":true,"href":"https:\/\/anibalsilveira.org\/fr\/wp-json\/wp\/v2\/categories?post=3559"},{"taxonomy":"post_tag","embeddable":true,"href":"https:\/\/anibalsilveira.org\/fr\/wp-json\/wp\/v2\/tags?post=3559"}],"curies":[{"name":"wp","href":"https:\/\/api.w.org\/{rel}","templated":true}]}}